{"id":3204,"date":"2023-01-31T11:53:46","date_gmt":"2023-01-31T10:53:46","guid":{"rendered":"https:\/\/tyron.pl\/produkte-tyrone-dach\/"},"modified":"2023-01-31T11:53:46","modified_gmt":"2023-01-31T10:53:46","slug":"produkte-tyrone-dach","status":"publish","type":"page","link":"https:\/\/tyron.pl\/de\/produkte-tyrone-dach\/","title":{"rendered":"PRODUKTE &#8211; TYRONE DACH"},"content":{"rendered":"<p><strong>Wir haben ein Bedachungskonzept mit DACH TYRON Polystyrol entwickelt, das f\u00fcr die W\u00e4rmed\u00e4mmung von D\u00e4chern mit einer Tragkonstruktion aus Stahlblech ausgelegt ist.<\/strong><\/p>\n<p>Das <strong>TYRON<\/strong> ROOF entspricht den Anforderungen der Verordnung des Ministers f\u00fcr Infrastruktur vom 12. April 2002. zur Feuerwiderstandsklasse der Dacheindeckung RE 15, was bedeutet, dass sie die Ausbreitung von Feuer verhindert und einen hohen Feuerwiderstand aufweist. Ein gro\u00dfer Vorteil der Verwendung von Polystyrolschaum f\u00fcr das Dach sind die erheblichen finanziellen Einsparungen im Vergleich zu Systemen auf Wollbasis.<\/p>\n<p><img fetchpriority=\"high\" decoding=\"async\" class=\"aligncenter size-large wp-image-2654\" src=\"https:\/\/tyron.pl\/wp-content\/uploads\/2022\/12\/diagram-dach-tyron_final-1024x547.jpg\" alt=\"\" width=\"800\" height=\"427\" srcset=\"https:\/\/tyron.pl\/wp-content\/uploads\/2022\/12\/diagram-dach-tyron_final-1024x547.jpg 1024w, https:\/\/tyron.pl\/wp-content\/uploads\/2022\/12\/diagram-dach-tyron_final-300x160.jpg 300w, https:\/\/tyron.pl\/wp-content\/uploads\/2022\/12\/diagram-dach-tyron_final-768x410.jpg 768w, https:\/\/tyron.pl\/wp-content\/uploads\/2022\/12\/diagram-dach-tyron_final-1536x820.jpg 1536w, https:\/\/tyron.pl\/wp-content\/uploads\/2022\/12\/diagram-dach-tyron_final.jpg 1920w\" sizes=\"(max-width: 800px) 100vw, 800px\" \/><\/p>\n","protected":false},"excerpt":{"rendered":"<p>Wir haben ein Bedachungskonzept mit DACH TYRON Polystyrol entwickelt, das f\u00fcr die W\u00e4rmed\u00e4mmung von D\u00e4chern mit einer Tragkonstruktion aus Stahlblech ausgelegt ist. Das TYRON ROOF entspricht den Anforderungen der Verordnung des Ministers f\u00fcr Infrastruktur vom 12. April 2002. zur Feuerwiderstandsklasse der Dacheindeckung RE 15, was bedeutet, dass sie die Ausbreitung von Feuer verhindert und einen [&hellip;]<\/p>\n","protected":false},"author":3,"featured_media":0,"parent":0,"menu_order":57,"comment_status":"closed","ping_status":"closed","template":"","meta":{"footnotes":""},"class_list":["post-3204","page","type-page","status-publish","hentry"],"yoast_head":"<!-- This site is optimized with the Yoast SEO plugin v22.5 - https:\/\/yoast.com\/wordpress\/plugins\/seo\/ -->\n<title>PRODUKTE - TYRONE DACH - Tyron.pl - Producent Styropianu<\/title>\n<meta name=\"robots\" content=\"index, follow, max-snippet:-1, max-image-preview:large, max-video-preview:-1\" \/>\n<link rel=\"canonical\" href=\"https:\/\/tyron.pl\/produkte-tyrone-dach\/\" \/>\n<meta property=\"og:locale\" content=\"de_DE\" \/>\n<meta property=\"og:type\" content=\"article\" \/>\n<meta property=\"og:title\" content=\"PRODUKTE - TYRONE DACH - Tyron.pl - Producent Styropianu\" \/>\n<meta property=\"og:description\" content=\"Wir haben ein Bedachungskonzept mit DACH TYRON Polystyrol entwickelt, das f\u00fcr die W\u00e4rmed\u00e4mmung von D\u00e4chern mit einer Tragkonstruktion aus Stahlblech ausgelegt ist. Das TYRON ROOF entspricht den Anforderungen der Verordnung des Ministers f\u00fcr Infrastruktur vom 12. April 2002. zur Feuerwiderstandsklasse der Dacheindeckung RE 15, was bedeutet, dass sie die Ausbreitung von Feuer verhindert und einen [&hellip;]\" \/>\n<meta property=\"og:url\" content=\"https:\/\/tyron.pl\/produkte-tyrone-dach\/\" \/>\n<meta property=\"og:site_name\" content=\"Tyron.pl - Producent Styropianu\" \/>\n<meta property=\"og:image\" content=\"https:\/\/tyron.pl\/wp-content\/uploads\/2022\/12\/diagram-dach-tyron_final-1024x547.jpg\" \/>\n<meta name=\"twitter:card\" content=\"summary_large_image\" \/>\n<script type=\"application\/ld+json\" class=\"yoast-schema-graph\">{\"@context\":\"https:\/\/schema.org\",\"@graph\":[{\"@type\":\"WebPage\",\"@id\":\"https:\/\/tyron.pl\/produkte-tyrone-dach\/\",\"url\":\"https:\/\/tyron.pl\/produkte-tyrone-dach\/\",\"name\":\"PRODUKTE - TYRONE DACH - Tyron.pl - Producent Styropianu\",\"isPartOf\":{\"@id\":\"https:\/\/tyron.pl\/#website\"},\"primaryImageOfPage\":{\"@id\":\"https:\/\/tyron.pl\/produkte-tyrone-dach\/#primaryimage\"},\"image\":{\"@id\":\"https:\/\/tyron.pl\/produkte-tyrone-dach\/#primaryimage\"},\"thumbnailUrl\":\"https:\/\/tyron.pl\/wp-content\/uploads\/2022\/12\/diagram-dach-tyron_final-1024x547.jpg\",\"datePublished\":\"2023-01-31T10:53:46+00:00\",\"dateModified\":\"2023-01-31T10:53:46+00:00\",\"breadcrumb\":{\"@id\":\"https:\/\/tyron.pl\/produkte-tyrone-dach\/#breadcrumb\"},\"inLanguage\":\"de\",\"potentialAction\":[{\"@type\":\"ReadAction\",\"target\":[\"https:\/\/tyron.pl\/produkte-tyrone-dach\/\"]}]},{\"@type\":\"ImageObject\",\"inLanguage\":\"de\",\"@id\":\"https:\/\/tyron.pl\/produkte-tyrone-dach\/#primaryimage\",\"url\":\"https:\/\/tyron.pl\/wp-content\/uploads\/2022\/12\/diagram-dach-tyron_final-1024x547.jpg\",\"contentUrl\":\"https:\/\/tyron.pl\/wp-content\/uploads\/2022\/12\/diagram-dach-tyron_final-1024x547.jpg\"},{\"@type\":\"BreadcrumbList\",\"@id\":\"https:\/\/tyron.pl\/produkte-tyrone-dach\/#breadcrumb\",\"itemListElement\":[{\"@type\":\"ListItem\",\"position\":1,\"name\":\"Strona g\u0142\u00f3wna\",\"item\":\"https:\/\/tyron.pl\/de\/startseite\/\"},{\"@type\":\"ListItem\",\"position\":2,\"name\":\"PRODUKTE &#8211; TYRONE DACH\"}]},{\"@type\":\"WebSite\",\"@id\":\"https:\/\/tyron.pl\/#website\",\"url\":\"https:\/\/tyron.pl\/\",\"name\":\"Tyron.pl - Producent Styropianu\",\"description\":\"\",\"publisher\":{\"@id\":\"https:\/\/tyron.pl\/#organization\"},\"potentialAction\":[{\"@type\":\"SearchAction\",\"target\":{\"@type\":\"EntryPoint\",\"urlTemplate\":\"https:\/\/tyron.pl\/?s={search_term_string}\"},\"query-input\":\"required name=search_term_string\"}],\"inLanguage\":\"de\"},{\"@type\":\"Organization\",\"@id\":\"https:\/\/tyron.pl\/#organization\",\"name\":\"Tyron.pl - Producent Styropianu\",\"url\":\"https:\/\/tyron.pl\/\",\"logo\":{\"@type\":\"ImageObject\",\"inLanguage\":\"de\",\"@id\":\"https:\/\/tyron.pl\/#\/schema\/logo\/image\/\",\"url\":\"https:\/\/tyron.pl\/wp-content\/uploads\/2023\/01\/tyron-logo-2022-pdf.jpg\",\"contentUrl\":\"https:\/\/tyron.pl\/wp-content\/uploads\/2023\/01\/tyron-logo-2022-pdf.jpg\",\"width\":400,\"height\":227,\"caption\":\"Tyron.pl - Producent Styropianu\"},\"image\":{\"@id\":\"https:\/\/tyron.pl\/#\/schema\/logo\/image\/\"}}]}<\/script>\n<!-- \/ Yoast SEO plugin. -->","yoast_head_json":{"title":"PRODUKTE - TYRONE DACH - Tyron.pl - Producent Styropianu","robots":{"index":"index","follow":"follow","max-snippet":"max-snippet:-1","max-image-preview":"max-image-preview:large","max-video-preview":"max-video-preview:-1"},"canonical":"https:\/\/tyron.pl\/produkte-tyrone-dach\/","og_locale":"de_DE","og_type":"article","og_title":"PRODUKTE - TYRONE DACH - Tyron.pl - Producent Styropianu","og_description":"Wir haben ein Bedachungskonzept mit DACH TYRON Polystyrol entwickelt, das f\u00fcr die W\u00e4rmed\u00e4mmung von D\u00e4chern mit einer Tragkonstruktion aus Stahlblech ausgelegt ist. Das TYRON ROOF entspricht den Anforderungen der Verordnung des Ministers f\u00fcr Infrastruktur vom 12. April 2002. zur Feuerwiderstandsklasse der Dacheindeckung RE 15, was bedeutet, dass sie die Ausbreitung von Feuer verhindert und einen [&hellip;]","og_url":"https:\/\/tyron.pl\/produkte-tyrone-dach\/","og_site_name":"Tyron.pl - Producent Styropianu","og_image":[{"url":"https:\/\/tyron.pl\/wp-content\/uploads\/2022\/12\/diagram-dach-tyron_final-1024x547.jpg"}],"twitter_card":"summary_large_image","schema":{"@context":"https:\/\/schema.org","@graph":[{"@type":"WebPage","@id":"https:\/\/tyron.pl\/produkte-tyrone-dach\/","url":"https:\/\/tyron.pl\/produkte-tyrone-dach\/","name":"PRODUKTE - TYRONE DACH - Tyron.pl - Producent Styropianu","isPartOf":{"@id":"https:\/\/tyron.pl\/#website"},"primaryImageOfPage":{"@id":"https:\/\/tyron.pl\/produkte-tyrone-dach\/#primaryimage"},"image":{"@id":"https:\/\/tyron.pl\/produkte-tyrone-dach\/#primaryimage"},"thumbnailUrl":"https:\/\/tyron.pl\/wp-content\/uploads\/2022\/12\/diagram-dach-tyron_final-1024x547.jpg","datePublished":"2023-01-31T10:53:46+00:00","dateModified":"2023-01-31T10:53:46+00:00","breadcrumb":{"@id":"https:\/\/tyron.pl\/produkte-tyrone-dach\/#breadcrumb"},"inLanguage":"de","potentialAction":[{"@type":"ReadAction","target":["https:\/\/tyron.pl\/produkte-tyrone-dach\/"]}]},{"@type":"ImageObject","inLanguage":"de","@id":"https:\/\/tyron.pl\/produkte-tyrone-dach\/#primaryimage","url":"https:\/\/tyron.pl\/wp-content\/uploads\/2022\/12\/diagram-dach-tyron_final-1024x547.jpg","contentUrl":"https:\/\/tyron.pl\/wp-content\/uploads\/2022\/12\/diagram-dach-tyron_final-1024x547.jpg"},{"@type":"BreadcrumbList","@id":"https:\/\/tyron.pl\/produkte-tyrone-dach\/#breadcrumb","itemListElement":[{"@type":"ListItem","position":1,"name":"Strona g\u0142\u00f3wna","item":"https:\/\/tyron.pl\/de\/startseite\/"},{"@type":"ListItem","position":2,"name":"PRODUKTE &#8211; TYRONE DACH"}]},{"@type":"WebSite","@id":"https:\/\/tyron.pl\/#website","url":"https:\/\/tyron.pl\/","name":"Tyron.pl - Producent Styropianu","description":"","publisher":{"@id":"https:\/\/tyron.pl\/#organization"},"potentialAction":[{"@type":"SearchAction","target":{"@type":"EntryPoint","urlTemplate":"https:\/\/tyron.pl\/?s={search_term_string}"},"query-input":"required name=search_term_string"}],"inLanguage":"de"},{"@type":"Organization","@id":"https:\/\/tyron.pl\/#organization","name":"Tyron.pl - Producent Styropianu","url":"https:\/\/tyron.pl\/","logo":{"@type":"ImageObject","inLanguage":"de","@id":"https:\/\/tyron.pl\/#\/schema\/logo\/image\/","url":"https:\/\/tyron.pl\/wp-content\/uploads\/2023\/01\/tyron-logo-2022-pdf.jpg","contentUrl":"https:\/\/tyron.pl\/wp-content\/uploads\/2023\/01\/tyron-logo-2022-pdf.jpg","width":400,"height":227,"caption":"Tyron.pl - Producent Styropianu"},"image":{"@id":"https:\/\/tyron.pl\/#\/schema\/logo\/image\/"}}]}},"_links":{"self":[{"href":"https:\/\/tyron.pl\/de\/wp-json\/wp\/v2\/pages\/3204","targetHints":{"allow":["GET"]}}],"collection":[{"href":"https:\/\/tyron.pl\/de\/wp-json\/wp\/v2\/pages"}],"about":[{"href":"https:\/\/tyron.pl\/de\/wp-json\/wp\/v2\/types\/page"}],"author":[{"embeddable":true,"href":"https:\/\/tyron.pl\/de\/wp-json\/wp\/v2\/users\/3"}],"replies":[{"embeddable":true,"href":"https:\/\/tyron.pl\/de\/wp-json\/wp\/v2\/comments?post=3204"}],"version-history":[{"count":0,"href":"https:\/\/tyron.pl\/de\/wp-json\/wp\/v2\/pages\/3204\/revisions"}],"wp:attachment":[{"href":"https:\/\/tyron.pl\/de\/wp-json\/wp\/v2\/media?parent=3204"}],"curies":[{"name":"wp","href":"https:\/\/api.w.org\/{rel}","templated":true}]}}