{"id":3339,"date":"2023-01-31T15:06:53","date_gmt":"2023-01-31T14:06:53","guid":{"rendered":"https:\/\/tyron.pl\/formen\/"},"modified":"2023-01-31T15:06:53","modified_gmt":"2023-01-31T14:06:53","slug":"formen","status":"publish","type":"page","link":"https:\/\/tyron.pl\/de\/formen\/","title":{"rendered":"FORMEN"},"content":{"rendered":"<p><strong>Wir haben auch Armaturen aus drei verschiedenen Serien im Angebot.<\/strong><\/p>\n<p>Polystyrol, Wolle und extrudiertes Polystyrol (XPS), einschlie\u00dflich aber nicht beschr\u00e4nkt auf:<\/p>\n<ul>\n<li>Dachbodenkeile<\/li>\n<li>M\u00fctzen<\/li>\n<li>Klapptafeln<\/li>\n<li>trapezf\u00f6rmige Bl\u00f6cke<\/li>\n<li>Entw\u00e4sserungsmulden<\/li>\n<li>Walzen<\/li>\n<li>r\u00fcckst\u00e4ndig<\/li>\n<\/ul>\n<div id='gallery-1' class='gallery galleryid-3339 gallery-columns-2 gallery-size-medium'><figure class='gallery-item'>\n\t\t\t<div class='gallery-icon landscape'>\n\t\t\t\t<a href='https:\/\/tyron.pl\/wp-content\/uploads\/2016\/07\/m6.jpg'><img fetchpriority=\"high\" decoding=\"async\" width=\"300\" height=\"215\" src=\"https:\/\/tyron.pl\/wp-content\/uploads\/2016\/07\/m6-300x215.jpg\" class=\"attachment-medium size-medium\" alt=\"\" aria-describedby=\"gallery-1-1546\" srcset=\"https:\/\/tyron.pl\/wp-content\/uploads\/2016\/07\/m6-300x215.jpg 300w, https:\/\/tyron.pl\/wp-content\/uploads\/2016\/07\/m6.jpg 397w\" sizes=\"(max-width: 300px) 100vw, 300px\" \/><\/a>\n\t\t\t<\/div>\n\t\t\t\t<figcaption class='wp-caption-text gallery-caption' id='gallery-1-1546'>\n\t\t\t\tOtuliny\n\t\t\t\t<\/figcaption><\/figure><figure class='gallery-item'>\n\t\t\t<div class='gallery-icon landscape'>\n\t\t\t\t<a href='https:\/\/tyron.pl\/wp-content\/uploads\/2016\/07\/m2.jpg'><img decoding=\"async\" width=\"300\" height=\"229\" src=\"https:\/\/tyron.pl\/wp-content\/uploads\/2016\/07\/m2-300x229.jpg\" class=\"attachment-medium size-medium\" alt=\"\" aria-describedby=\"gallery-1-1540\" srcset=\"https:\/\/tyron.pl\/wp-content\/uploads\/2016\/07\/m2-300x229.jpg 300w, https:\/\/tyron.pl\/wp-content\/uploads\/2016\/07\/m2.jpg 324w\" sizes=\"(max-width: 300px) 100vw, 300px\" \/><\/a>\n\t\t\t<\/div>\n\t\t\t\t<figcaption class='wp-caption-text gallery-caption' id='gallery-1-1540'>\n\t\t\t\tWalce oraz za\u015blepki\n\t\t\t\t<\/figcaption><\/figure><figure class='gallery-item'>\n\t\t\t<div class='gallery-icon landscape'>\n\t\t\t\t<a href='https:\/\/tyron.pl\/wp-content\/uploads\/2016\/07\/m1.jpg'><img decoding=\"async\" width=\"300\" height=\"229\" src=\"https:\/\/tyron.pl\/wp-content\/uploads\/2016\/07\/m1-300x229.jpg\" class=\"attachment-medium size-medium\" alt=\"\" aria-describedby=\"gallery-1-1537\" srcset=\"https:\/\/tyron.pl\/wp-content\/uploads\/2016\/07\/m1-300x229.jpg 300w, https:\/\/tyron.pl\/wp-content\/uploads\/2016\/07\/m1.jpg 324w\" sizes=\"(max-width: 300px) 100vw, 300px\" \/><\/a>\n\t\t\t<\/div>\n\t\t\t\t<figcaption class='wp-caption-text gallery-caption' id='gallery-1-1537'>\n\t\t\t\tKoryta\n\t\t\t\t<\/figcaption><\/figure><figure class='gallery-item'>\n\t\t\t<div class='gallery-icon landscape'>\n\t\t\t\t<a href='https:\/\/tyron.pl\/wp-content\/uploads\/2016\/07\/m5.jpg'><img loading=\"lazy\" decoding=\"async\" width=\"300\" height=\"130\" src=\"https:\/\/tyron.pl\/wp-content\/uploads\/2016\/07\/m5-300x130.jpg\" class=\"attachment-medium size-medium\" alt=\"\" aria-describedby=\"gallery-1-1549\" srcset=\"https:\/\/tyron.pl\/wp-content\/uploads\/2016\/07\/m5-300x130.jpg 300w, https:\/\/tyron.pl\/wp-content\/uploads\/2016\/07\/m5.jpg 748w\" sizes=\"(max-width: 300px) 100vw, 300px\" \/><\/a>\n\t\t\t<\/div>\n\t\t\t\t<figcaption class='wp-caption-text gallery-caption' id='gallery-1-1549'>\n\t\t\t\tTrapezy\n\t\t\t\t<\/figcaption><\/figure><figure class='gallery-item'>\n\t\t\t<div class='gallery-icon landscape'>\n\t\t\t\t<a href='https:\/\/tyron.pl\/wp-content\/uploads\/2016\/07\/m3.jpg'><img loading=\"lazy\" decoding=\"async\" width=\"300\" height=\"128\" src=\"https:\/\/tyron.pl\/wp-content\/uploads\/2016\/07\/m3-300x128.jpg\" class=\"attachment-medium size-medium\" alt=\"\" aria-describedby=\"gallery-1-1543\" srcset=\"https:\/\/tyron.pl\/wp-content\/uploads\/2016\/07\/m3-300x128.jpg 300w, https:\/\/tyron.pl\/wp-content\/uploads\/2016\/07\/m3.jpg 631w\" sizes=\"(max-width: 300px) 100vw, 300px\" \/><\/a>\n\t\t\t<\/div>\n\t\t\t\t<figcaption class='wp-caption-text gallery-caption' id='gallery-1-1543'>\n\t\t\t\tSpadki i kliny przyattykowe\n\t\t\t\t<\/figcaption><\/figure>\n\t\t<\/div>\n\n<p>Dank des Einsatzes modernster Technologie bieten wir nicht nur die Produkte aus unserem Sortiment, sondern auch ma\u00dfgeschneiderte Beschl\u00e4ge an. Wenden Sie sich bitte an Ihre Vertriebsmitarbeiter oder an die Vertriebsabteilung unter 077 541 18 01<\/p>\n","protected":false},"excerpt":{"rendered":"<p>Wir haben auch Armaturen aus drei verschiedenen Serien im Angebot. Polystyrol, Wolle und extrudiertes Polystyrol (XPS), einschlie\u00dflich aber nicht beschr\u00e4nkt auf: Dachbodenkeile M\u00fctzen Klapptafeln trapezf\u00f6rmige Bl\u00f6cke Entw\u00e4sserungsmulden Walzen r\u00fcckst\u00e4ndig Dank des Einsatzes modernster Technologie bieten wir nicht nur die Produkte aus unserem Sortiment, sondern auch ma\u00dfgeschneiderte Beschl\u00e4ge an. Wenden Sie sich bitte an Ihre Vertriebsmitarbeiter [&hellip;]<\/p>\n","protected":false},"author":1,"featured_media":0,"parent":0,"menu_order":25,"comment_status":"closed","ping_status":"closed","template":"","meta":{"footnotes":""},"class_list":["post-3339","page","type-page","status-publish","hentry"],"yoast_head":"<!-- This site is optimized with the Yoast SEO plugin v22.5 - https:\/\/yoast.com\/wordpress\/plugins\/seo\/ -->\n<title>FORMEN - Tyron.pl - Producent Styropianu<\/title>\n<meta name=\"robots\" content=\"index, follow, max-snippet:-1, max-image-preview:large, max-video-preview:-1\" \/>\n<link rel=\"canonical\" href=\"https:\/\/tyron.pl\/de\/formen\/\" \/>\n<meta property=\"og:locale\" content=\"de_DE\" \/>\n<meta property=\"og:type\" content=\"article\" \/>\n<meta property=\"og:title\" content=\"FORMEN - Tyron.pl - Producent Styropianu\" \/>\n<meta property=\"og:description\" content=\"Wir haben auch Armaturen aus drei verschiedenen Serien im Angebot. Polystyrol, Wolle und extrudiertes Polystyrol (XPS), einschlie\u00dflich aber nicht beschr\u00e4nkt auf: Dachbodenkeile M\u00fctzen Klapptafeln trapezf\u00f6rmige Bl\u00f6cke Entw\u00e4sserungsmulden Walzen r\u00fcckst\u00e4ndig Dank des Einsatzes modernster Technologie bieten wir nicht nur die Produkte aus unserem Sortiment, sondern auch ma\u00dfgeschneiderte Beschl\u00e4ge an. Wenden Sie sich bitte an Ihre Vertriebsmitarbeiter [&hellip;]\" \/>\n<meta property=\"og:url\" content=\"https:\/\/tyron.pl\/de\/formen\/\" \/>\n<meta property=\"og:site_name\" content=\"Tyron.pl - Producent Styropianu\" \/>\n<meta property=\"og:image\" content=\"https:\/\/tyron.pl\/wp-content\/uploads\/2016\/07\/m6-300x215.jpg\" \/>\n<meta name=\"twitter:card\" content=\"summary_large_image\" \/>\n<script type=\"application\/ld+json\" class=\"yoast-schema-graph\">{\"@context\":\"https:\/\/schema.org\",\"@graph\":[{\"@type\":\"WebPage\",\"@id\":\"https:\/\/tyron.pl\/de\/formen\/\",\"url\":\"https:\/\/tyron.pl\/de\/formen\/\",\"name\":\"FORMEN - Tyron.pl - Producent Styropianu\",\"isPartOf\":{\"@id\":\"https:\/\/tyron.pl\/#website\"},\"datePublished\":\"2023-01-31T14:06:53+00:00\",\"dateModified\":\"2023-01-31T14:06:53+00:00\",\"breadcrumb\":{\"@id\":\"https:\/\/tyron.pl\/de\/formen\/#breadcrumb\"},\"inLanguage\":\"de\",\"potentialAction\":[{\"@type\":\"ReadAction\",\"target\":[\"https:\/\/tyron.pl\/de\/formen\/\"]}]},{\"@type\":\"BreadcrumbList\",\"@id\":\"https:\/\/tyron.pl\/de\/formen\/#breadcrumb\",\"itemListElement\":[{\"@type\":\"ListItem\",\"position\":1,\"name\":\"Strona g\u0142\u00f3wna\",\"item\":\"https:\/\/tyron.pl\/de\/startseite\/\"},{\"@type\":\"ListItem\",\"position\":2,\"name\":\"FORMEN\"}]},{\"@type\":\"WebSite\",\"@id\":\"https:\/\/tyron.pl\/#website\",\"url\":\"https:\/\/tyron.pl\/\",\"name\":\"Tyron.pl - Producent Styropianu\",\"description\":\"\",\"publisher\":{\"@id\":\"https:\/\/tyron.pl\/#organization\"},\"potentialAction\":[{\"@type\":\"SearchAction\",\"target\":{\"@type\":\"EntryPoint\",\"urlTemplate\":\"https:\/\/tyron.pl\/?s={search_term_string}\"},\"query-input\":\"required name=search_term_string\"}],\"inLanguage\":\"de\"},{\"@type\":\"Organization\",\"@id\":\"https:\/\/tyron.pl\/#organization\",\"name\":\"Tyron.pl - Producent Styropianu\",\"url\":\"https:\/\/tyron.pl\/\",\"logo\":{\"@type\":\"ImageObject\",\"inLanguage\":\"de\",\"@id\":\"https:\/\/tyron.pl\/#\/schema\/logo\/image\/\",\"url\":\"https:\/\/tyron.pl\/wp-content\/uploads\/2023\/01\/tyron-logo-2022-pdf.jpg\",\"contentUrl\":\"https:\/\/tyron.pl\/wp-content\/uploads\/2023\/01\/tyron-logo-2022-pdf.jpg\",\"width\":400,\"height\":227,\"caption\":\"Tyron.pl - Producent Styropianu\"},\"image\":{\"@id\":\"https:\/\/tyron.pl\/#\/schema\/logo\/image\/\"}}]}<\/script>\n<!-- \/ Yoast SEO plugin. -->","yoast_head_json":{"title":"FORMEN - Tyron.pl - Producent Styropianu","robots":{"index":"index","follow":"follow","max-snippet":"max-snippet:-1","max-image-preview":"max-image-preview:large","max-video-preview":"max-video-preview:-1"},"canonical":"https:\/\/tyron.pl\/de\/formen\/","og_locale":"de_DE","og_type":"article","og_title":"FORMEN - Tyron.pl - Producent Styropianu","og_description":"Wir haben auch Armaturen aus drei verschiedenen Serien im Angebot. Polystyrol, Wolle und extrudiertes Polystyrol (XPS), einschlie\u00dflich aber nicht beschr\u00e4nkt auf: Dachbodenkeile M\u00fctzen Klapptafeln trapezf\u00f6rmige Bl\u00f6cke Entw\u00e4sserungsmulden Walzen r\u00fcckst\u00e4ndig Dank des Einsatzes modernster Technologie bieten wir nicht nur die Produkte aus unserem Sortiment, sondern auch ma\u00dfgeschneiderte Beschl\u00e4ge an. Wenden Sie sich bitte an Ihre Vertriebsmitarbeiter [&hellip;]","og_url":"https:\/\/tyron.pl\/de\/formen\/","og_site_name":"Tyron.pl - Producent Styropianu","og_image":[{"url":"https:\/\/tyron.pl\/wp-content\/uploads\/2016\/07\/m6-300x215.jpg"}],"twitter_card":"summary_large_image","schema":{"@context":"https:\/\/schema.org","@graph":[{"@type":"WebPage","@id":"https:\/\/tyron.pl\/de\/formen\/","url":"https:\/\/tyron.pl\/de\/formen\/","name":"FORMEN - Tyron.pl - Producent Styropianu","isPartOf":{"@id":"https:\/\/tyron.pl\/#website"},"datePublished":"2023-01-31T14:06:53+00:00","dateModified":"2023-01-31T14:06:53+00:00","breadcrumb":{"@id":"https:\/\/tyron.pl\/de\/formen\/#breadcrumb"},"inLanguage":"de","potentialAction":[{"@type":"ReadAction","target":["https:\/\/tyron.pl\/de\/formen\/"]}]},{"@type":"BreadcrumbList","@id":"https:\/\/tyron.pl\/de\/formen\/#breadcrumb","itemListElement":[{"@type":"ListItem","position":1,"name":"Strona g\u0142\u00f3wna","item":"https:\/\/tyron.pl\/de\/startseite\/"},{"@type":"ListItem","position":2,"name":"FORMEN"}]},{"@type":"WebSite","@id":"https:\/\/tyron.pl\/#website","url":"https:\/\/tyron.pl\/","name":"Tyron.pl - Producent Styropianu","description":"","publisher":{"@id":"https:\/\/tyron.pl\/#organization"},"potentialAction":[{"@type":"SearchAction","target":{"@type":"EntryPoint","urlTemplate":"https:\/\/tyron.pl\/?s={search_term_string}"},"query-input":"required name=search_term_string"}],"inLanguage":"de"},{"@type":"Organization","@id":"https:\/\/tyron.pl\/#organization","name":"Tyron.pl - Producent Styropianu","url":"https:\/\/tyron.pl\/","logo":{"@type":"ImageObject","inLanguage":"de","@id":"https:\/\/tyron.pl\/#\/schema\/logo\/image\/","url":"https:\/\/tyron.pl\/wp-content\/uploads\/2023\/01\/tyron-logo-2022-pdf.jpg","contentUrl":"https:\/\/tyron.pl\/wp-content\/uploads\/2023\/01\/tyron-logo-2022-pdf.jpg","width":400,"height":227,"caption":"Tyron.pl - Producent Styropianu"},"image":{"@id":"https:\/\/tyron.pl\/#\/schema\/logo\/image\/"}}]}},"_links":{"self":[{"href":"https:\/\/tyron.pl\/de\/wp-json\/wp\/v2\/pages\/3339","targetHints":{"allow":["GET"]}}],"collection":[{"href":"https:\/\/tyron.pl\/de\/wp-json\/wp\/v2\/pages"}],"about":[{"href":"https:\/\/tyron.pl\/de\/wp-json\/wp\/v2\/types\/page"}],"author":[{"embeddable":true,"href":"https:\/\/tyron.pl\/de\/wp-json\/wp\/v2\/users\/1"}],"replies":[{"embeddable":true,"href":"https:\/\/tyron.pl\/de\/wp-json\/wp\/v2\/comments?post=3339"}],"version-history":[{"count":0,"href":"https:\/\/tyron.pl\/de\/wp-json\/wp\/v2\/pages\/3339\/revisions"}],"wp:attachment":[{"href":"https:\/\/tyron.pl\/de\/wp-json\/wp\/v2\/media?parent=3339"}],"curies":[{"name":"wp","href":"https:\/\/api.w.org\/{rel}","templated":true}]}}