{"id":3368,"date":"2023-01-31T15:13:35","date_gmt":"2023-01-31T14:13:35","guid":{"rendered":"https:\/\/tyron.pl\/tyron-produkte\/tyrone-foundation-eps-150-036\/"},"modified":"2023-01-31T15:13:35","modified_gmt":"2023-01-31T14:13:35","slug":"tyrone-foundation-eps-150-036","status":"publish","type":"page","link":"https:\/\/tyron.pl\/de\/tyron-produkte\/tyrone-foundation-eps-150-036\/","title":{"rendered":"TYRONE FOUNDATION EPS 150 &#8211; 036"},"content":{"rendered":"<p><strong>Produkt-Code:<br \/>\n<\/strong>EPS EN 13163 T2-L3-W3-S5-P5-BS200-CS(10)150-DS(N)2-DS(70,-)2-DLT(1)5-WL(T)5<\/p>\n<p><strong>TYRON FUNDAMENT EPS 150-036 <\/strong>Polystyrolplatten werden aus gesch\u00e4umtem Polystyrol hergestellt. Bei der Produktion setzen wir fortschrittliche Technologien ein, die h\u00f6chste Qualit\u00e4t garantieren.<\/p>\n<p><strong>Merkmale:<\/strong><\/p>\n<ul>\n<li>Verhalten im Brandfall: EUROCLASS <strong>E<\/strong><\/li>\n<li>W\u00e4rmeleitf\u00e4higkeitskoeffizient: <strong>0,036 W\/mK<\/strong><\/li>\n<li>Biegefestigkeit: <strong>\u2265 200 kPa<\/strong><\/li>\n<li>Druckspannung bei 10% Dehnung: <strong>\u2265 150 kPa<\/strong><\/li>\n<li>Standardabmessungen: 1000 x 500 mm<\/li>\n<li>Dicke: 50 &#8211; 300 mm<\/li>\n<li>Gerade oder gefr\u00e4ste Kanten<\/li>\n<\/ul>\n<p>&nbsp;<\/p>\n<p><strong>Anwendung<\/strong>:<\/p>\n<ul>\n<li>W\u00e4rmed\u00e4mmung der Au\u00dfenw\u00e4nde von Kellern und Fundamenten mit einer gro\u00dfen Vertiefung oder Belastung der Bodenoberfl\u00e4che;<\/li>\n<li>W\u00e4rmed\u00e4mmung von Massivd\u00e4chern mit erh\u00f6hten Auflasten einschlie\u00dflich Umkehrschichten;<\/li>\n<li>W\u00e4rmed\u00e4mmung f\u00fcr Terrassen, Industrieb\u00f6den und B\u00f6den im Erdgeschoss;<\/li>\n<li>W\u00e4rmed\u00e4mmung von Parkpl\u00e4tzen am Boden;<\/li>\n<li>W\u00e4rmed\u00e4mmung von \u00fcberdachten Parkpl\u00e4tzen;<\/li>\n<li>Isolierung von R\u00e4umen mit hoher Luftfeuchtigkeit .<\/li>\n<\/ul>\n<p>&nbsp;<\/p>\n<p><strong>TYRON FUNDAMENT EPS 150-036<\/strong> entspricht der Norm PN-EN 13163:2012+A1:2015 und verf\u00fcgt \u00fcber ein Konformit\u00e4tszertifikat, ausgestellt von: Polnisches Zentrum f\u00fcr Pr\u00fcfung und Zertifizierung S.A. und das Geb\u00e4udeforschungsinstitut in Warschau.<\/p>\n","protected":false},"excerpt":{"rendered":"<p>Produkt-Code: EPS EN 13163 T2-L3-W3-S5-P5-BS200-CS(10)150-DS(N)2-DS(70,-)2-DLT(1)5-WL(T)5 TYRON FUNDAMENT EPS 150-036 Polystyrolplatten werden aus gesch\u00e4umtem Polystyrol hergestellt. Bei der Produktion setzen wir fortschrittliche Technologien ein, die h\u00f6chste Qualit\u00e4t garantieren. Merkmale: Verhalten im Brandfall: EUROCLASS E W\u00e4rmeleitf\u00e4higkeitskoeffizient: 0,036 W\/mK Biegefestigkeit: \u2265 200 kPa Druckspannung bei 10% Dehnung: \u2265 150 kPa Standardabmessungen: 1000 x 500 mm Dicke: 50 &#8211; [&hellip;]<\/p>\n","protected":false},"author":3,"featured_media":0,"parent":3189,"menu_order":166,"comment_status":"closed","ping_status":"closed","template":"","meta":{"footnotes":""},"class_list":["post-3368","page","type-page","status-publish","hentry"],"yoast_head":"<!-- This site is optimized with the Yoast SEO plugin v22.5 - https:\/\/yoast.com\/wordpress\/plugins\/seo\/ -->\n<title>TYRON FUNDAMENT EPS 150-036 - Styropor Fundament - Tyron.pl<\/title>\n<meta name=\"description\" content=\"W\u00e4rmed\u00e4mmung.Styroporplatten TYRON FUNDAMENT EPS 150-036 - Styrofoam Foundation 150. W\u00e4rmed\u00e4mmung von Parkpl\u00e4tzen, Terrassen usw.\" \/>\n<meta name=\"robots\" content=\"index, follow, max-snippet:-1, max-image-preview:large, max-video-preview:-1\" \/>\n<link rel=\"canonical\" href=\"https:\/\/tyron.pl\/de\/tyron-produkte\/tyrone-foundation-eps-150-036\/\" \/>\n<meta property=\"og:locale\" content=\"de_DE\" \/>\n<meta property=\"og:type\" content=\"article\" \/>\n<meta property=\"og:title\" content=\"TYRON FUNDAMENT EPS 150-036 - Styropor Fundament - Tyron.pl\" \/>\n<meta property=\"og:description\" content=\"W\u00e4rmed\u00e4mmung.Styroporplatten TYRON FUNDAMENT EPS 150-036 - Styrofoam Foundation 150. W\u00e4rmed\u00e4mmung von Parkpl\u00e4tzen, Terrassen usw.\" \/>\n<meta property=\"og:url\" content=\"https:\/\/tyron.pl\/de\/tyron-produkte\/tyrone-foundation-eps-150-036\/\" \/>\n<meta property=\"og:site_name\" content=\"Tyron.pl - Producent Styropianu\" \/>\n<meta name=\"twitter:card\" content=\"summary_large_image\" \/>\n<meta name=\"twitter:label1\" content=\"Gesch\u00e4tzte Lesezeit\" \/>\n\t<meta name=\"twitter:data1\" content=\"1\u00a0Minute\" \/>\n<script type=\"application\/ld+json\" class=\"yoast-schema-graph\">{\"@context\":\"https:\/\/schema.org\",\"@graph\":[{\"@type\":\"WebPage\",\"@id\":\"https:\/\/tyron.pl\/de\/tyron-produkte\/tyrone-foundation-eps-150-036\/\",\"url\":\"https:\/\/tyron.pl\/de\/tyron-produkte\/tyrone-foundation-eps-150-036\/\",\"name\":\"TYRON FUNDAMENT EPS 150-036 - Styropor Fundament - Tyron.pl\",\"isPartOf\":{\"@id\":\"https:\/\/tyron.pl\/#website\"},\"datePublished\":\"2023-01-31T14:13:35+00:00\",\"dateModified\":\"2023-01-31T14:13:35+00:00\",\"description\":\"W\u00e4rmed\u00e4mmung.Styroporplatten TYRON FUNDAMENT EPS 150-036 - Styrofoam Foundation 150. W\u00e4rmed\u00e4mmung von Parkpl\u00e4tzen, Terrassen usw.\",\"breadcrumb\":{\"@id\":\"https:\/\/tyron.pl\/de\/tyron-produkte\/tyrone-foundation-eps-150-036\/#breadcrumb\"},\"inLanguage\":\"de\",\"potentialAction\":[{\"@type\":\"ReadAction\",\"target\":[\"https:\/\/tyron.pl\/de\/tyron-produkte\/tyrone-foundation-eps-150-036\/\"]}]},{\"@type\":\"BreadcrumbList\",\"@id\":\"https:\/\/tyron.pl\/de\/tyron-produkte\/tyrone-foundation-eps-150-036\/#breadcrumb\",\"itemListElement\":[{\"@type\":\"ListItem\",\"position\":1,\"name\":\"Strona g\u0142\u00f3wna\",\"item\":\"https:\/\/tyron.pl\/de\/startseite\/\"},{\"@type\":\"ListItem\",\"position\":2,\"name\":\"TYRON-PRODUKTE\",\"item\":\"https:\/\/tyron.pl\/de\/tyron-produkte\/\"},{\"@type\":\"ListItem\",\"position\":3,\"name\":\"TYRONE FOUNDATION EPS 150 &#8211; 036\"}]},{\"@type\":\"WebSite\",\"@id\":\"https:\/\/tyron.pl\/#website\",\"url\":\"https:\/\/tyron.pl\/\",\"name\":\"Tyron.pl - Producent Styropianu\",\"description\":\"\",\"publisher\":{\"@id\":\"https:\/\/tyron.pl\/#organization\"},\"potentialAction\":[{\"@type\":\"SearchAction\",\"target\":{\"@type\":\"EntryPoint\",\"urlTemplate\":\"https:\/\/tyron.pl\/?s={search_term_string}\"},\"query-input\":\"required name=search_term_string\"}],\"inLanguage\":\"de\"},{\"@type\":\"Organization\",\"@id\":\"https:\/\/tyron.pl\/#organization\",\"name\":\"Tyron.pl - Producent Styropianu\",\"url\":\"https:\/\/tyron.pl\/\",\"logo\":{\"@type\":\"ImageObject\",\"inLanguage\":\"de\",\"@id\":\"https:\/\/tyron.pl\/#\/schema\/logo\/image\/\",\"url\":\"https:\/\/tyron.pl\/wp-content\/uploads\/2023\/01\/tyron-logo-2022-pdf.jpg\",\"contentUrl\":\"https:\/\/tyron.pl\/wp-content\/uploads\/2023\/01\/tyron-logo-2022-pdf.jpg\",\"width\":400,\"height\":227,\"caption\":\"Tyron.pl - Producent Styropianu\"},\"image\":{\"@id\":\"https:\/\/tyron.pl\/#\/schema\/logo\/image\/\"}}]}<\/script>\n<!-- \/ Yoast SEO plugin. -->","yoast_head_json":{"title":"TYRON FUNDAMENT EPS 150-036 - Styropor Fundament - Tyron.pl","description":"W\u00e4rmed\u00e4mmung.Styroporplatten TYRON FUNDAMENT EPS 150-036 - Styrofoam Foundation 150. W\u00e4rmed\u00e4mmung von Parkpl\u00e4tzen, Terrassen usw.","robots":{"index":"index","follow":"follow","max-snippet":"max-snippet:-1","max-image-preview":"max-image-preview:large","max-video-preview":"max-video-preview:-1"},"canonical":"https:\/\/tyron.pl\/de\/tyron-produkte\/tyrone-foundation-eps-150-036\/","og_locale":"de_DE","og_type":"article","og_title":"TYRON FUNDAMENT EPS 150-036 - Styropor Fundament - Tyron.pl","og_description":"W\u00e4rmed\u00e4mmung.Styroporplatten TYRON FUNDAMENT EPS 150-036 - Styrofoam Foundation 150. W\u00e4rmed\u00e4mmung von Parkpl\u00e4tzen, Terrassen usw.","og_url":"https:\/\/tyron.pl\/de\/tyron-produkte\/tyrone-foundation-eps-150-036\/","og_site_name":"Tyron.pl - Producent Styropianu","twitter_card":"summary_large_image","twitter_misc":{"Gesch\u00e4tzte Lesezeit":"1\u00a0Minute"},"schema":{"@context":"https:\/\/schema.org","@graph":[{"@type":"WebPage","@id":"https:\/\/tyron.pl\/de\/tyron-produkte\/tyrone-foundation-eps-150-036\/","url":"https:\/\/tyron.pl\/de\/tyron-produkte\/tyrone-foundation-eps-150-036\/","name":"TYRON FUNDAMENT EPS 150-036 - Styropor Fundament - Tyron.pl","isPartOf":{"@id":"https:\/\/tyron.pl\/#website"},"datePublished":"2023-01-31T14:13:35+00:00","dateModified":"2023-01-31T14:13:35+00:00","description":"W\u00e4rmed\u00e4mmung.Styroporplatten TYRON FUNDAMENT EPS 150-036 - Styrofoam Foundation 150. W\u00e4rmed\u00e4mmung von Parkpl\u00e4tzen, Terrassen usw.","breadcrumb":{"@id":"https:\/\/tyron.pl\/de\/tyron-produkte\/tyrone-foundation-eps-150-036\/#breadcrumb"},"inLanguage":"de","potentialAction":[{"@type":"ReadAction","target":["https:\/\/tyron.pl\/de\/tyron-produkte\/tyrone-foundation-eps-150-036\/"]}]},{"@type":"BreadcrumbList","@id":"https:\/\/tyron.pl\/de\/tyron-produkte\/tyrone-foundation-eps-150-036\/#breadcrumb","itemListElement":[{"@type":"ListItem","position":1,"name":"Strona g\u0142\u00f3wna","item":"https:\/\/tyron.pl\/de\/startseite\/"},{"@type":"ListItem","position":2,"name":"TYRON-PRODUKTE","item":"https:\/\/tyron.pl\/de\/tyron-produkte\/"},{"@type":"ListItem","position":3,"name":"TYRONE FOUNDATION EPS 150 &#8211; 036"}]},{"@type":"WebSite","@id":"https:\/\/tyron.pl\/#website","url":"https:\/\/tyron.pl\/","name":"Tyron.pl - Producent Styropianu","description":"","publisher":{"@id":"https:\/\/tyron.pl\/#organization"},"potentialAction":[{"@type":"SearchAction","target":{"@type":"EntryPoint","urlTemplate":"https:\/\/tyron.pl\/?s={search_term_string}"},"query-input":"required name=search_term_string"}],"inLanguage":"de"},{"@type":"Organization","@id":"https:\/\/tyron.pl\/#organization","name":"Tyron.pl - Producent Styropianu","url":"https:\/\/tyron.pl\/","logo":{"@type":"ImageObject","inLanguage":"de","@id":"https:\/\/tyron.pl\/#\/schema\/logo\/image\/","url":"https:\/\/tyron.pl\/wp-content\/uploads\/2023\/01\/tyron-logo-2022-pdf.jpg","contentUrl":"https:\/\/tyron.pl\/wp-content\/uploads\/2023\/01\/tyron-logo-2022-pdf.jpg","width":400,"height":227,"caption":"Tyron.pl - Producent Styropianu"},"image":{"@id":"https:\/\/tyron.pl\/#\/schema\/logo\/image\/"}}]}},"_links":{"self":[{"href":"https:\/\/tyron.pl\/de\/wp-json\/wp\/v2\/pages\/3368","targetHints":{"allow":["GET"]}}],"collection":[{"href":"https:\/\/tyron.pl\/de\/wp-json\/wp\/v2\/pages"}],"about":[{"href":"https:\/\/tyron.pl\/de\/wp-json\/wp\/v2\/types\/page"}],"author":[{"embeddable":true,"href":"https:\/\/tyron.pl\/de\/wp-json\/wp\/v2\/users\/3"}],"replies":[{"embeddable":true,"href":"https:\/\/tyron.pl\/de\/wp-json\/wp\/v2\/comments?post=3368"}],"version-history":[{"count":0,"href":"https:\/\/tyron.pl\/de\/wp-json\/wp\/v2\/pages\/3368\/revisions"}],"up":[{"embeddable":true,"href":"https:\/\/tyron.pl\/de\/wp-json\/wp\/v2\/pages\/3189"}],"wp:attachment":[{"href":"https:\/\/tyron.pl\/de\/wp-json\/wp\/v2\/media?parent=3368"}],"curies":[{"name":"wp","href":"https:\/\/api.w.org\/{rel}","templated":true}]}}