{"id":3430,"date":"2023-01-31T15:36:55","date_gmt":"2023-01-31T14:36:55","guid":{"rendered":"https:\/\/tyron.pl\/tyron-products-graphit\/tyron-fassade-graphit-eps-70-032\/"},"modified":"2023-01-31T15:36:55","modified_gmt":"2023-01-31T14:36:55","slug":"tyron-fassade-graphit-eps-70-032","status":"publish","type":"page","link":"https:\/\/tyron.pl\/de\/tyron-products-graphit\/tyron-fassade-graphit-eps-70-032\/","title":{"rendered":"TYRON FASSADE GRAPHIT EPS 70 &#8211; 032"},"content":{"rendered":"<p><strong>Produkt-Code:<\/strong><br \/>\nEPS EN 13163 T1-L2-W2-S5-P5-BS115-CS(10)70-DS(70,-)2-TR100.<\/p>\n<p><strong>TYRON FASADA GRAFIT EPS 70 &#8211; 032 <\/strong> Polystyrolplatten werden aus gesch\u00e4umtem Polystyrol hergestellt. Bei der Produktion setzen wir fortschrittliche Technologien ein, die h\u00f6chste Qualit\u00e4t garantieren.<\/p>\n<h4><\/h4>\n<p><strong>Technische Merkmale:<\/strong><\/p>\n<ul>\n<li>Verhalten im Brandfall: EUROCLASS <strong>E<\/strong><\/li>\n<li>W\u00e4rmedurchgangskoeffizient: <strong>0,032 W\/mK<\/strong><\/li>\n<li>Zugfestigkeit senkrecht zu den Fl\u00e4chen <strong>\u2265 100 kPa<\/strong><\/li>\n<li>Biegefestigkeit: <strong>\u2265 115 kPa<\/strong><\/li>\n<li>Druckspannung bei 10% Dehnung: <strong>\u2265 70 kPa<\/strong><\/li>\n<li>Standardabmessungen: 1000&#215;500 mm<\/li>\n<li>Dicke: 50 &#8211; 250 mm<\/li>\n<li>Gerade oder gefr\u00e4ste Kanten<\/li>\n<\/ul>\n<h4><\/h4>\n<p><strong>Anwendung<\/strong>:<\/p>\n<ul>\n<li>W\u00e4rmed\u00e4mmung der Decken von unten BSO;<\/li>\n<li>W\u00e4rmed\u00e4mmung von Decken von unten mit Verkleidungen;<\/li>\n<li>W\u00e4rmed\u00e4mmung von Fu\u00dfb\u00f6den zwischen Balken;<\/li>\n<li>W\u00e4rmed\u00e4mmung zwischen den D\u00e4chern;<\/li>\n<li>W\u00e4rmed\u00e4mmung in bel\u00fcfteten Decken;<\/li>\n<li>W\u00e4rmed\u00e4mmung der Felgen;<\/li>\n<li>W\u00e4rmed\u00e4mmung von St\u00fcrzen und Laibungen;<\/li>\n<li>W\u00e4rmed\u00e4mmung von D\u00e4chern;<\/li>\n<li>W\u00e4rmed\u00e4mmung in vorgefertigten Sandwichelementen.<\/li>\n<\/ul>\n<p>&nbsp;<\/p>\n<p><strong>TYRON FASADA GRAFIT EPS 70 &#8211; 032<\/strong> entspricht der Norm PN-EN 13163:2012+A1:2015 und besitzt ein Konformit\u00e4tszertifikat, das vom Polnischen Zentrum f\u00fcr Pr\u00fcfung und Zertifizierung S.A. und dem Institut f\u00fcr Bautechnik in Warschau ausgestellt wurde.<\/p>\n","protected":false},"excerpt":{"rendered":"<p>Produkt-Code: EPS EN 13163 T1-L2-W2-S5-P5-BS115-CS(10)70-DS(70,-)2-TR100. TYRON FASADA GRAFIT EPS 70 &#8211; 032 Polystyrolplatten werden aus gesch\u00e4umtem Polystyrol hergestellt. Bei der Produktion setzen wir fortschrittliche Technologien ein, die h\u00f6chste Qualit\u00e4t garantieren. Technische Merkmale: Verhalten im Brandfall: EUROCLASS E W\u00e4rmedurchgangskoeffizient: 0,032 W\/mK Zugfestigkeit senkrecht zu den Fl\u00e4chen \u2265 100 kPa Biegefestigkeit: \u2265 115 kPa Druckspannung bei 10% [&hellip;]<\/p>\n","protected":false},"author":3,"featured_media":0,"parent":3409,"menu_order":152,"comment_status":"closed","ping_status":"closed","template":"","meta":{"footnotes":""},"class_list":["post-3430","page","type-page","status-publish","hentry"],"yoast_head":"<!-- This site is optimized with the Yoast SEO plugin v22.5 - https:\/\/yoast.com\/wordpress\/plugins\/seo\/ -->\n<title>TYRON FASSADE GRAPHIT EPS 70 - 032 - Tyron.pl - Producent Styropianu<\/title>\n<meta name=\"robots\" content=\"index, follow, max-snippet:-1, max-image-preview:large, max-video-preview:-1\" \/>\n<link rel=\"canonical\" href=\"https:\/\/tyron.pl\/tyron-products-graphit\/tyron-fassade-graphit-eps-70-032\/\" \/>\n<meta property=\"og:locale\" content=\"de_DE\" \/>\n<meta property=\"og:type\" content=\"article\" \/>\n<meta property=\"og:title\" content=\"TYRON FASSADE GRAPHIT EPS 70 - 032 - Tyron.pl - Producent Styropianu\" \/>\n<meta property=\"og:description\" content=\"Produkt-Code: EPS EN 13163 T1-L2-W2-S5-P5-BS115-CS(10)70-DS(70,-)2-TR100. TYRON FASADA GRAFIT EPS 70 &#8211; 032 Polystyrolplatten werden aus gesch\u00e4umtem Polystyrol hergestellt. Bei der Produktion setzen wir fortschrittliche Technologien ein, die h\u00f6chste Qualit\u00e4t garantieren. Technische Merkmale: Verhalten im Brandfall: EUROCLASS E W\u00e4rmedurchgangskoeffizient: 0,032 W\/mK Zugfestigkeit senkrecht zu den Fl\u00e4chen \u2265 100 kPa Biegefestigkeit: \u2265 115 kPa Druckspannung bei 10% [&hellip;]\" \/>\n<meta property=\"og:url\" content=\"https:\/\/tyron.pl\/tyron-products-graphit\/tyron-fassade-graphit-eps-70-032\/\" \/>\n<meta property=\"og:site_name\" content=\"Tyron.pl - Producent Styropianu\" \/>\n<meta name=\"twitter:card\" content=\"summary_large_image\" \/>\n<meta name=\"twitter:label1\" content=\"Gesch\u00e4tzte Lesezeit\" \/>\n\t<meta name=\"twitter:data1\" content=\"1\u00a0Minute\" \/>\n<script type=\"application\/ld+json\" class=\"yoast-schema-graph\">{\"@context\":\"https:\/\/schema.org\",\"@graph\":[{\"@type\":\"WebPage\",\"@id\":\"https:\/\/tyron.pl\/tyron-products-graphit\/tyron-fassade-graphit-eps-70-032\/\",\"url\":\"https:\/\/tyron.pl\/tyron-products-graphit\/tyron-fassade-graphit-eps-70-032\/\",\"name\":\"TYRON FASSADE GRAPHIT EPS 70 - 032 - Tyron.pl - Producent Styropianu\",\"isPartOf\":{\"@id\":\"https:\/\/tyron.pl\/#website\"},\"datePublished\":\"2023-01-31T14:36:55+00:00\",\"dateModified\":\"2023-01-31T14:36:55+00:00\",\"breadcrumb\":{\"@id\":\"https:\/\/tyron.pl\/tyron-products-graphit\/tyron-fassade-graphit-eps-70-032\/#breadcrumb\"},\"inLanguage\":\"de\",\"potentialAction\":[{\"@type\":\"ReadAction\",\"target\":[\"https:\/\/tyron.pl\/tyron-products-graphit\/tyron-fassade-graphit-eps-70-032\/\"]}]},{\"@type\":\"BreadcrumbList\",\"@id\":\"https:\/\/tyron.pl\/tyron-products-graphit\/tyron-fassade-graphit-eps-70-032\/#breadcrumb\",\"itemListElement\":[{\"@type\":\"ListItem\",\"position\":1,\"name\":\"Strona g\u0142\u00f3wna\",\"item\":\"https:\/\/tyron.pl\/de\/startseite\/\"},{\"@type\":\"ListItem\",\"position\":2,\"name\":\"TYRON PRODUCTS &#8211; Graphit\",\"item\":\"https:\/\/tyron.pl\/tyron-products-graphit\/\"},{\"@type\":\"ListItem\",\"position\":3,\"name\":\"TYRON FASSADE GRAPHIT EPS 70 &#8211; 032\"}]},{\"@type\":\"WebSite\",\"@id\":\"https:\/\/tyron.pl\/#website\",\"url\":\"https:\/\/tyron.pl\/\",\"name\":\"Tyron.pl - Producent Styropianu\",\"description\":\"\",\"publisher\":{\"@id\":\"https:\/\/tyron.pl\/#organization\"},\"potentialAction\":[{\"@type\":\"SearchAction\",\"target\":{\"@type\":\"EntryPoint\",\"urlTemplate\":\"https:\/\/tyron.pl\/?s={search_term_string}\"},\"query-input\":\"required name=search_term_string\"}],\"inLanguage\":\"de\"},{\"@type\":\"Organization\",\"@id\":\"https:\/\/tyron.pl\/#organization\",\"name\":\"Tyron.pl - Producent Styropianu\",\"url\":\"https:\/\/tyron.pl\/\",\"logo\":{\"@type\":\"ImageObject\",\"inLanguage\":\"de\",\"@id\":\"https:\/\/tyron.pl\/#\/schema\/logo\/image\/\",\"url\":\"https:\/\/tyron.pl\/wp-content\/uploads\/2023\/01\/tyron-logo-2022-pdf.jpg\",\"contentUrl\":\"https:\/\/tyron.pl\/wp-content\/uploads\/2023\/01\/tyron-logo-2022-pdf.jpg\",\"width\":400,\"height\":227,\"caption\":\"Tyron.pl - Producent Styropianu\"},\"image\":{\"@id\":\"https:\/\/tyron.pl\/#\/schema\/logo\/image\/\"}}]}<\/script>\n<!-- \/ Yoast SEO plugin. -->","yoast_head_json":{"title":"TYRON FASSADE GRAPHIT EPS 70 - 032 - Tyron.pl - Producent Styropianu","robots":{"index":"index","follow":"follow","max-snippet":"max-snippet:-1","max-image-preview":"max-image-preview:large","max-video-preview":"max-video-preview:-1"},"canonical":"https:\/\/tyron.pl\/tyron-products-graphit\/tyron-fassade-graphit-eps-70-032\/","og_locale":"de_DE","og_type":"article","og_title":"TYRON FASSADE GRAPHIT EPS 70 - 032 - Tyron.pl - Producent Styropianu","og_description":"Produkt-Code: EPS EN 13163 T1-L2-W2-S5-P5-BS115-CS(10)70-DS(70,-)2-TR100. TYRON FASADA GRAFIT EPS 70 &#8211; 032 Polystyrolplatten werden aus gesch\u00e4umtem Polystyrol hergestellt. Bei der Produktion setzen wir fortschrittliche Technologien ein, die h\u00f6chste Qualit\u00e4t garantieren. Technische Merkmale: Verhalten im Brandfall: EUROCLASS E W\u00e4rmedurchgangskoeffizient: 0,032 W\/mK Zugfestigkeit senkrecht zu den Fl\u00e4chen \u2265 100 kPa Biegefestigkeit: \u2265 115 kPa Druckspannung bei 10% [&hellip;]","og_url":"https:\/\/tyron.pl\/tyron-products-graphit\/tyron-fassade-graphit-eps-70-032\/","og_site_name":"Tyron.pl - Producent Styropianu","twitter_card":"summary_large_image","twitter_misc":{"Gesch\u00e4tzte Lesezeit":"1\u00a0Minute"},"schema":{"@context":"https:\/\/schema.org","@graph":[{"@type":"WebPage","@id":"https:\/\/tyron.pl\/tyron-products-graphit\/tyron-fassade-graphit-eps-70-032\/","url":"https:\/\/tyron.pl\/tyron-products-graphit\/tyron-fassade-graphit-eps-70-032\/","name":"TYRON FASSADE GRAPHIT EPS 70 - 032 - Tyron.pl - Producent Styropianu","isPartOf":{"@id":"https:\/\/tyron.pl\/#website"},"datePublished":"2023-01-31T14:36:55+00:00","dateModified":"2023-01-31T14:36:55+00:00","breadcrumb":{"@id":"https:\/\/tyron.pl\/tyron-products-graphit\/tyron-fassade-graphit-eps-70-032\/#breadcrumb"},"inLanguage":"de","potentialAction":[{"@type":"ReadAction","target":["https:\/\/tyron.pl\/tyron-products-graphit\/tyron-fassade-graphit-eps-70-032\/"]}]},{"@type":"BreadcrumbList","@id":"https:\/\/tyron.pl\/tyron-products-graphit\/tyron-fassade-graphit-eps-70-032\/#breadcrumb","itemListElement":[{"@type":"ListItem","position":1,"name":"Strona g\u0142\u00f3wna","item":"https:\/\/tyron.pl\/de\/startseite\/"},{"@type":"ListItem","position":2,"name":"TYRON PRODUCTS &#8211; Graphit","item":"https:\/\/tyron.pl\/tyron-products-graphit\/"},{"@type":"ListItem","position":3,"name":"TYRON FASSADE GRAPHIT EPS 70 &#8211; 032"}]},{"@type":"WebSite","@id":"https:\/\/tyron.pl\/#website","url":"https:\/\/tyron.pl\/","name":"Tyron.pl - Producent Styropianu","description":"","publisher":{"@id":"https:\/\/tyron.pl\/#organization"},"potentialAction":[{"@type":"SearchAction","target":{"@type":"EntryPoint","urlTemplate":"https:\/\/tyron.pl\/?s={search_term_string}"},"query-input":"required name=search_term_string"}],"inLanguage":"de"},{"@type":"Organization","@id":"https:\/\/tyron.pl\/#organization","name":"Tyron.pl - Producent Styropianu","url":"https:\/\/tyron.pl\/","logo":{"@type":"ImageObject","inLanguage":"de","@id":"https:\/\/tyron.pl\/#\/schema\/logo\/image\/","url":"https:\/\/tyron.pl\/wp-content\/uploads\/2023\/01\/tyron-logo-2022-pdf.jpg","contentUrl":"https:\/\/tyron.pl\/wp-content\/uploads\/2023\/01\/tyron-logo-2022-pdf.jpg","width":400,"height":227,"caption":"Tyron.pl - Producent Styropianu"},"image":{"@id":"https:\/\/tyron.pl\/#\/schema\/logo\/image\/"}}]}},"_links":{"self":[{"href":"https:\/\/tyron.pl\/de\/wp-json\/wp\/v2\/pages\/3430","targetHints":{"allow":["GET"]}}],"collection":[{"href":"https:\/\/tyron.pl\/de\/wp-json\/wp\/v2\/pages"}],"about":[{"href":"https:\/\/tyron.pl\/de\/wp-json\/wp\/v2\/types\/page"}],"author":[{"embeddable":true,"href":"https:\/\/tyron.pl\/de\/wp-json\/wp\/v2\/users\/3"}],"replies":[{"embeddable":true,"href":"https:\/\/tyron.pl\/de\/wp-json\/wp\/v2\/comments?post=3430"}],"version-history":[{"count":0,"href":"https:\/\/tyron.pl\/de\/wp-json\/wp\/v2\/pages\/3430\/revisions"}],"up":[{"embeddable":true,"href":"https:\/\/tyron.pl\/de\/wp-json\/wp\/v2\/pages\/3409"}],"wp:attachment":[{"href":"https:\/\/tyron.pl\/de\/wp-json\/wp\/v2\/media?parent=3430"}],"curies":[{"name":"wp","href":"https:\/\/api.w.org\/{rel}","templated":true}]}}