{"id":3438,"date":"2023-01-31T15:37:32","date_gmt":"2023-01-31T14:37:32","guid":{"rendered":"https:\/\/tyron.pl\/nachfolgeregelungen\/"},"modified":"2023-01-31T15:37:32","modified_gmt":"2023-01-31T14:37:32","slug":"nachfolgeregelungen","status":"publish","type":"page","link":"https:\/\/tyron.pl\/de\/nachfolgeregelungen\/","title":{"rendered":"NACHFOLGEREGELUNGEN"},"content":{"rendered":"<p><strong>UNSER UNTERNEHMEN HERSTELLT VERTEILUNGS- UND BEITRAGSSYSTEME <\/strong>auf der Grundlage von:<\/p>\n<ul>\n<li><b><span style=\"color: #ff0000;\">TYRON Polystyrol  <\/span><\/b><\/li>\n<li><span style=\"color: #ff0000;\"><br \/>\n  <strong>Mineralwolle<\/strong><br \/>\n<\/span> (mit den vom Kunden gew\u00fcnschten Parametern)<\/li>\n<li><strong><br \/>\n  <span style=\"color: #ff0000;\">Extrudiertes Polystyrol (XPS)<\/span><br \/>\n<\/strong> (mit den vom Kunden gew\u00fcnschten Parametern)<\/li>\n<\/ul>\n<p>&nbsp;<\/p>\n<p><span style=\"text-align: justify;\">Wir fertigen f\u00fcr unsere Kunden ma\u00dfgeschneiderte Erbschaftsdesigns an. Auf der Grundlage der von Ihnen erhaltenen Unterlagen erstellt unser Planungsb\u00fcro kostenlos einen Entwurf f\u00fcr die Anbringung von B\u00f6schungselementen und ein Angebot.<\/span><\/p>\n<p style=\"text-align: justify;\">Eine pr\u00e4zise Ausf\u00fchrung aller B\u00f6schungselemente sorgt f\u00fcr eine angemessene Entw\u00e4sserung. Deshalb legen wir gro\u00dfen Wert auf die pr\u00e4zise Konstruktion und den anschlie\u00dfenden Zuschnitt der Bauteile. Jeder Stellplatz wird entsprechend dem Entwurf, der dem Kunden zur Genehmigung vorgelegt wird, angemessen beschrieben.<\/p>\n<p><a href=\"https:\/\/tyron.pl\/wp-content\/uploads\/2022\/12\/dach_3-1.png\"><img fetchpriority=\"high\" decoding=\"async\" class=\"aligncenter wp-image-2549 size-large\" src=\"https:\/\/tyron.pl\/wp-content\/uploads\/2022\/12\/dach_3-1-1024x576.png\" alt=\"\" width=\"800\" height=\"450\" srcset=\"https:\/\/tyron.pl\/wp-content\/uploads\/2022\/12\/dach_3-1-1024x576.png 1024w, https:\/\/tyron.pl\/wp-content\/uploads\/2022\/12\/dach_3-1-300x169.png 300w, https:\/\/tyron.pl\/wp-content\/uploads\/2022\/12\/dach_3-1-768x432.png 768w, https:\/\/tyron.pl\/wp-content\/uploads\/2022\/12\/dach_3-1-1536x864.png 1536w, https:\/\/tyron.pl\/wp-content\/uploads\/2022\/12\/dach_3-1.png 1920w\" sizes=\"(max-width: 800px) 100vw, 800px\" \/><\/a><\/p>\n<p style=\"text-align: justify;\"><span style=\"color: #000000;\"><strong>Anwendung:<\/strong> <\/span><\/p>\n<p>&nbsp;<\/p>\n<ul>\n<li>Die W\u00e4rmed\u00e4mmung im Hochbau dient der Profilierung von Gef\u00e4llen auf unbel\u00fcfteten Flachd\u00e4chern, Terrassen oder Balkonen (Ableitung des Regenwassers in Gullys oder Dachrinnen),<\/li>\n<li>Die W\u00e4rmed\u00e4mmung im Hochbau dient der Profilierung von Konterlatten auf unbel\u00fcfteten Flachd\u00e4chern, Terrassen oder Balkonen (Ableitung des Regenwassers in Gullys oder Dachrinnen),<\/li>\n<li>Profilierung der Oberfl\u00e4che f\u00fcr die direkte Beschichtung des Daches und werden zur Herstellung eines beidseitigen Gef\u00e4lles verwendet,<\/li>\n<li>Profilierung der Oberfl\u00e4che f\u00fcr die direkte Beschichtung des Daches.<\/li>\n<\/ul>\n<p>&nbsp;<\/p>\n<p style=\"text-align: justify;\">Das notwendige Dokument f\u00fcr das Projekt ist die elektronische Entwurfsdokumentation.<\/p>\n<p style=\"text-align: center;\"><strong>F\u00fcr ein individuelles Angebot der Systeme <span style=\"color: #ff0000;\">Tyron Falls und Counter Falls<\/span> wenden Sie sich bitte an<br \/>\nmit dem B\u00fcro oder an unsere Handelsvertreter<\/strong> Tel. <strong>77\/541 18 01<\/strong> oder <strong>77\/541 18 03<\/strong>.<\/p>\n<p><a href=\"https:\/\/tyron.pl\/wp-content\/uploads\/2022\/12\/system-spadkowy_skala1do6_v1.png\"><img decoding=\"async\" class=\"aligncenter size-large wp-image-2561\" src=\"https:\/\/tyron.pl\/wp-content\/uploads\/2022\/12\/system-spadkowy_skala1do6_v1-1024x576.png\" alt=\"\" width=\"800\" height=\"450\" srcset=\"https:\/\/tyron.pl\/wp-content\/uploads\/2022\/12\/system-spadkowy_skala1do6_v1-1024x576.png 1024w, https:\/\/tyron.pl\/wp-content\/uploads\/2022\/12\/system-spadkowy_skala1do6_v1-300x169.png 300w, https:\/\/tyron.pl\/wp-content\/uploads\/2022\/12\/system-spadkowy_skala1do6_v1-768x432.png 768w, https:\/\/tyron.pl\/wp-content\/uploads\/2022\/12\/system-spadkowy_skala1do6_v1-1536x864.png 1536w, https:\/\/tyron.pl\/wp-content\/uploads\/2022\/12\/system-spadkowy_skala1do6_v1.png 1920w\" sizes=\"(max-width: 800px) 100vw, 800px\" \/><\/a><\/p>\n<p>&nbsp;<\/p>\n<p style=\"text-align: justify;\">\n","protected":false},"excerpt":{"rendered":"<p>UNSER UNTERNEHMEN HERSTELLT VERTEILUNGS- UND BEITRAGSSYSTEME auf der Grundlage von: TYRON Polystyrol Mineralwolle (mit den vom Kunden gew\u00fcnschten Parametern) Extrudiertes Polystyrol (XPS) (mit den vom Kunden gew\u00fcnschten Parametern) &nbsp; Wir fertigen f\u00fcr unsere Kunden ma\u00dfgeschneiderte Erbschaftsdesigns an. Auf der Grundlage der von Ihnen erhaltenen Unterlagen erstellt unser Planungsb\u00fcro kostenlos einen Entwurf f\u00fcr die Anbringung von [&hellip;]<\/p>\n","protected":false},"author":1,"featured_media":0,"parent":0,"menu_order":40,"comment_status":"closed","ping_status":"closed","template":"","meta":{"footnotes":""},"class_list":["post-3438","page","type-page","status-publish","hentry"],"yoast_head":"<!-- This site is optimized with the Yoast SEO plugin v22.5 - https:\/\/yoast.com\/wordpress\/plugins\/seo\/ -->\n<title>NACHFOLGEREGELUNGEN - Tyron.pl - Producent Styropianu<\/title>\n<meta name=\"robots\" content=\"index, follow, max-snippet:-1, max-image-preview:large, max-video-preview:-1\" \/>\n<link rel=\"canonical\" href=\"https:\/\/tyron.pl\/de\/nachfolgeregelungen\/\" \/>\n<meta property=\"og:locale\" content=\"de_DE\" \/>\n<meta property=\"og:type\" content=\"article\" \/>\n<meta property=\"og:title\" content=\"NACHFOLGEREGELUNGEN - Tyron.pl - Producent Styropianu\" \/>\n<meta property=\"og:description\" content=\"UNSER UNTERNEHMEN HERSTELLT VERTEILUNGS- UND BEITRAGSSYSTEME auf der Grundlage von: TYRON Polystyrol Mineralwolle (mit den vom Kunden gew\u00fcnschten Parametern) Extrudiertes Polystyrol (XPS) (mit den vom Kunden gew\u00fcnschten Parametern) &nbsp; Wir fertigen f\u00fcr unsere Kunden ma\u00dfgeschneiderte Erbschaftsdesigns an. Auf der Grundlage der von Ihnen erhaltenen Unterlagen erstellt unser Planungsb\u00fcro kostenlos einen Entwurf f\u00fcr die Anbringung von [&hellip;]\" \/>\n<meta property=\"og:url\" content=\"https:\/\/tyron.pl\/de\/nachfolgeregelungen\/\" \/>\n<meta property=\"og:site_name\" content=\"Tyron.pl - Producent Styropianu\" \/>\n<meta property=\"og:image\" content=\"https:\/\/tyron.pl\/wp-content\/uploads\/2022\/12\/dach_3-1-1024x576.png\" \/>\n<meta name=\"twitter:card\" content=\"summary_large_image\" \/>\n<meta name=\"twitter:label1\" content=\"Gesch\u00e4tzte Lesezeit\" \/>\n\t<meta name=\"twitter:data1\" content=\"1\u00a0Minute\" \/>\n<script type=\"application\/ld+json\" class=\"yoast-schema-graph\">{\"@context\":\"https:\/\/schema.org\",\"@graph\":[{\"@type\":\"WebPage\",\"@id\":\"https:\/\/tyron.pl\/de\/nachfolgeregelungen\/\",\"url\":\"https:\/\/tyron.pl\/de\/nachfolgeregelungen\/\",\"name\":\"NACHFOLGEREGELUNGEN - Tyron.pl - Producent Styropianu\",\"isPartOf\":{\"@id\":\"https:\/\/tyron.pl\/#website\"},\"primaryImageOfPage\":{\"@id\":\"https:\/\/tyron.pl\/de\/nachfolgeregelungen\/#primaryimage\"},\"image\":{\"@id\":\"https:\/\/tyron.pl\/de\/nachfolgeregelungen\/#primaryimage\"},\"thumbnailUrl\":\"https:\/\/tyron.pl\/wp-content\/uploads\/2022\/12\/dach_3-1-1024x576.png\",\"datePublished\":\"2023-01-31T14:37:32+00:00\",\"dateModified\":\"2023-01-31T14:37:32+00:00\",\"breadcrumb\":{\"@id\":\"https:\/\/tyron.pl\/de\/nachfolgeregelungen\/#breadcrumb\"},\"inLanguage\":\"de\",\"potentialAction\":[{\"@type\":\"ReadAction\",\"target\":[\"https:\/\/tyron.pl\/de\/nachfolgeregelungen\/\"]}]},{\"@type\":\"ImageObject\",\"inLanguage\":\"de\",\"@id\":\"https:\/\/tyron.pl\/de\/nachfolgeregelungen\/#primaryimage\",\"url\":\"https:\/\/tyron.pl\/wp-content\/uploads\/2022\/12\/dach_3-1-1024x576.png\",\"contentUrl\":\"https:\/\/tyron.pl\/wp-content\/uploads\/2022\/12\/dach_3-1-1024x576.png\"},{\"@type\":\"BreadcrumbList\",\"@id\":\"https:\/\/tyron.pl\/de\/nachfolgeregelungen\/#breadcrumb\",\"itemListElement\":[{\"@type\":\"ListItem\",\"position\":1,\"name\":\"Strona g\u0142\u00f3wna\",\"item\":\"https:\/\/tyron.pl\/de\/startseite\/\"},{\"@type\":\"ListItem\",\"position\":2,\"name\":\"NACHFOLGEREGELUNGEN\"}]},{\"@type\":\"WebSite\",\"@id\":\"https:\/\/tyron.pl\/#website\",\"url\":\"https:\/\/tyron.pl\/\",\"name\":\"Tyron.pl - Producent Styropianu\",\"description\":\"\",\"publisher\":{\"@id\":\"https:\/\/tyron.pl\/#organization\"},\"potentialAction\":[{\"@type\":\"SearchAction\",\"target\":{\"@type\":\"EntryPoint\",\"urlTemplate\":\"https:\/\/tyron.pl\/?s={search_term_string}\"},\"query-input\":\"required name=search_term_string\"}],\"inLanguage\":\"de\"},{\"@type\":\"Organization\",\"@id\":\"https:\/\/tyron.pl\/#organization\",\"name\":\"Tyron.pl - Producent Styropianu\",\"url\":\"https:\/\/tyron.pl\/\",\"logo\":{\"@type\":\"ImageObject\",\"inLanguage\":\"de\",\"@id\":\"https:\/\/tyron.pl\/#\/schema\/logo\/image\/\",\"url\":\"https:\/\/tyron.pl\/wp-content\/uploads\/2023\/01\/tyron-logo-2022-pdf.jpg\",\"contentUrl\":\"https:\/\/tyron.pl\/wp-content\/uploads\/2023\/01\/tyron-logo-2022-pdf.jpg\",\"width\":400,\"height\":227,\"caption\":\"Tyron.pl - Producent Styropianu\"},\"image\":{\"@id\":\"https:\/\/tyron.pl\/#\/schema\/logo\/image\/\"}}]}<\/script>\n<!-- \/ Yoast SEO plugin. -->","yoast_head_json":{"title":"NACHFOLGEREGELUNGEN - Tyron.pl - Producent Styropianu","robots":{"index":"index","follow":"follow","max-snippet":"max-snippet:-1","max-image-preview":"max-image-preview:large","max-video-preview":"max-video-preview:-1"},"canonical":"https:\/\/tyron.pl\/de\/nachfolgeregelungen\/","og_locale":"de_DE","og_type":"article","og_title":"NACHFOLGEREGELUNGEN - Tyron.pl - Producent Styropianu","og_description":"UNSER UNTERNEHMEN HERSTELLT VERTEILUNGS- UND BEITRAGSSYSTEME auf der Grundlage von: TYRON Polystyrol Mineralwolle (mit den vom Kunden gew\u00fcnschten Parametern) Extrudiertes Polystyrol (XPS) (mit den vom Kunden gew\u00fcnschten Parametern) &nbsp; Wir fertigen f\u00fcr unsere Kunden ma\u00dfgeschneiderte Erbschaftsdesigns an. Auf der Grundlage der von Ihnen erhaltenen Unterlagen erstellt unser Planungsb\u00fcro kostenlos einen Entwurf f\u00fcr die Anbringung von [&hellip;]","og_url":"https:\/\/tyron.pl\/de\/nachfolgeregelungen\/","og_site_name":"Tyron.pl - Producent Styropianu","og_image":[{"url":"https:\/\/tyron.pl\/wp-content\/uploads\/2022\/12\/dach_3-1-1024x576.png"}],"twitter_card":"summary_large_image","twitter_misc":{"Gesch\u00e4tzte Lesezeit":"1\u00a0Minute"},"schema":{"@context":"https:\/\/schema.org","@graph":[{"@type":"WebPage","@id":"https:\/\/tyron.pl\/de\/nachfolgeregelungen\/","url":"https:\/\/tyron.pl\/de\/nachfolgeregelungen\/","name":"NACHFOLGEREGELUNGEN - Tyron.pl - Producent Styropianu","isPartOf":{"@id":"https:\/\/tyron.pl\/#website"},"primaryImageOfPage":{"@id":"https:\/\/tyron.pl\/de\/nachfolgeregelungen\/#primaryimage"},"image":{"@id":"https:\/\/tyron.pl\/de\/nachfolgeregelungen\/#primaryimage"},"thumbnailUrl":"https:\/\/tyron.pl\/wp-content\/uploads\/2022\/12\/dach_3-1-1024x576.png","datePublished":"2023-01-31T14:37:32+00:00","dateModified":"2023-01-31T14:37:32+00:00","breadcrumb":{"@id":"https:\/\/tyron.pl\/de\/nachfolgeregelungen\/#breadcrumb"},"inLanguage":"de","potentialAction":[{"@type":"ReadAction","target":["https:\/\/tyron.pl\/de\/nachfolgeregelungen\/"]}]},{"@type":"ImageObject","inLanguage":"de","@id":"https:\/\/tyron.pl\/de\/nachfolgeregelungen\/#primaryimage","url":"https:\/\/tyron.pl\/wp-content\/uploads\/2022\/12\/dach_3-1-1024x576.png","contentUrl":"https:\/\/tyron.pl\/wp-content\/uploads\/2022\/12\/dach_3-1-1024x576.png"},{"@type":"BreadcrumbList","@id":"https:\/\/tyron.pl\/de\/nachfolgeregelungen\/#breadcrumb","itemListElement":[{"@type":"ListItem","position":1,"name":"Strona g\u0142\u00f3wna","item":"https:\/\/tyron.pl\/de\/startseite\/"},{"@type":"ListItem","position":2,"name":"NACHFOLGEREGELUNGEN"}]},{"@type":"WebSite","@id":"https:\/\/tyron.pl\/#website","url":"https:\/\/tyron.pl\/","name":"Tyron.pl - Producent Styropianu","description":"","publisher":{"@id":"https:\/\/tyron.pl\/#organization"},"potentialAction":[{"@type":"SearchAction","target":{"@type":"EntryPoint","urlTemplate":"https:\/\/tyron.pl\/?s={search_term_string}"},"query-input":"required name=search_term_string"}],"inLanguage":"de"},{"@type":"Organization","@id":"https:\/\/tyron.pl\/#organization","name":"Tyron.pl - Producent Styropianu","url":"https:\/\/tyron.pl\/","logo":{"@type":"ImageObject","inLanguage":"de","@id":"https:\/\/tyron.pl\/#\/schema\/logo\/image\/","url":"https:\/\/tyron.pl\/wp-content\/uploads\/2023\/01\/tyron-logo-2022-pdf.jpg","contentUrl":"https:\/\/tyron.pl\/wp-content\/uploads\/2023\/01\/tyron-logo-2022-pdf.jpg","width":400,"height":227,"caption":"Tyron.pl - Producent Styropianu"},"image":{"@id":"https:\/\/tyron.pl\/#\/schema\/logo\/image\/"}}]}},"_links":{"self":[{"href":"https:\/\/tyron.pl\/de\/wp-json\/wp\/v2\/pages\/3438","targetHints":{"allow":["GET"]}}],"collection":[{"href":"https:\/\/tyron.pl\/de\/wp-json\/wp\/v2\/pages"}],"about":[{"href":"https:\/\/tyron.pl\/de\/wp-json\/wp\/v2\/types\/page"}],"author":[{"embeddable":true,"href":"https:\/\/tyron.pl\/de\/wp-json\/wp\/v2\/users\/1"}],"replies":[{"embeddable":true,"href":"https:\/\/tyron.pl\/de\/wp-json\/wp\/v2\/comments?post=3438"}],"version-history":[{"count":0,"href":"https:\/\/tyron.pl\/de\/wp-json\/wp\/v2\/pages\/3438\/revisions"}],"wp:attachment":[{"href":"https:\/\/tyron.pl\/de\/wp-json\/wp\/v2\/media?parent=3438"}],"curies":[{"name":"wp","href":"https:\/\/api.w.org\/{rel}","templated":true}]}}