{"id":3188,"date":"2023-01-31T11:49:35","date_gmt":"2023-01-31T10:49:35","guid":{"rendered":"https:\/\/tyron.pl\/produits-tyron\/"},"modified":"2023-01-31T14:58:43","modified_gmt":"2023-01-31T13:58:43","slug":"produits-tyron","status":"publish","type":"page","link":"https:\/\/tyron.pl\/fr\/produits-tyron\/","title":{"rendered":"PRODUITS TYRON"},"content":{"rendered":"<p><strong> <\/strong><\/p>\n<p style=\"text-align: center;\"><strong>Les panneaux de polystyr\u00e8ne <span style=\"color: #ff0000;\">TYRON<\/span> sont fabriqu\u00e9s \u00e0 partir de polystyr\u00e8ne expans\u00e9.<\/strong><\/p>\n<p style=\"text-align: center;\"><strong>Pendant la production, nous utilisons des technologies avanc\u00e9es qui garantissent la plus haute qualit\u00e9.<\/strong><\/p>\n<p>&nbsp;<\/p>\n<p>&nbsp;<\/p>\n<p style=\"text-align: center;\"><a href=\"https:\/\/tyron.pl\/fr\/o-firmie\/styropian-bialo-czerwony-3-2\/\" rel=\"attachment wp-att-2127\"><img fetchpriority=\"high\" decoding=\"async\" class=\"wp-image-2127 size-medium alignleft\" src=\"https:\/\/tyron.pl\/wp-content\/uploads\/2022\/11\/styropian-bialo-czerwony-2-e1669576815815-300x169.png\" alt=\"\" width=\"300\" height=\"169\" srcset=\"https:\/\/tyron.pl\/wp-content\/uploads\/2022\/11\/styropian-bialo-czerwony-2-e1669576815815-300x169.png 300w, https:\/\/tyron.pl\/wp-content\/uploads\/2022\/11\/styropian-bialo-czerwony-2-e1669576815815-1024x576.png 1024w, https:\/\/tyron.pl\/wp-content\/uploads\/2022\/11\/styropian-bialo-czerwony-2-e1669576815815-768x432.png 768w, https:\/\/tyron.pl\/wp-content\/uploads\/2022\/11\/styropian-bialo-czerwony-2-e1669576815815-1536x864.png 1536w, https:\/\/tyron.pl\/wp-content\/uploads\/2022\/11\/styropian-bialo-czerwony-2-e1669576815815-2048x1152.png 2048w\" sizes=\"(max-width: 300px) 100vw, 300px\" \/><\/a><\/p>\n<p style=\"text-align: center;\"><a href=\"https:\/\/tyron.pl\/fr\/o-firmie\/styropian_aqua_bez-nadruku-2\/\" rel=\"attachment wp-att-2724\"><img decoding=\"async\" class=\"size-medium wp-image-2724 alignright\" src=\"https:\/\/tyron.pl\/wp-content\/uploads\/2023\/01\/styropian_aqua_bez-nadruku-300x169.png\" alt=\"\" width=\"300\" height=\"169\" srcset=\"https:\/\/tyron.pl\/wp-content\/uploads\/2023\/01\/styropian_aqua_bez-nadruku-300x169.png 300w, https:\/\/tyron.pl\/wp-content\/uploads\/2023\/01\/styropian_aqua_bez-nadruku-1024x576.png 1024w, https:\/\/tyron.pl\/wp-content\/uploads\/2023\/01\/styropian_aqua_bez-nadruku-768x432.png 768w, https:\/\/tyron.pl\/wp-content\/uploads\/2023\/01\/styropian_aqua_bez-nadruku-1536x864.png 1536w, https:\/\/tyron.pl\/wp-content\/uploads\/2023\/01\/styropian_aqua_bez-nadruku.png 1920w\" sizes=\"(max-width: 300px) 100vw, 300px\" \/><\/a><\/p>\n<p><img decoding=\"async\" class=\"size-medium wp-image-2719 aligncenter\" style=\"color: #0000ee; text-align: center;\" src=\"https:\/\/tyron.pl\/wp-content\/uploads\/2023\/01\/styropian-grafit-bez-nadruku-300x169.png\" alt=\"\" width=\"300\" height=\"169\" srcset=\"https:\/\/tyron.pl\/wp-content\/uploads\/2023\/01\/styropian-grafit-bez-nadruku-300x169.png 300w, https:\/\/tyron.pl\/wp-content\/uploads\/2023\/01\/styropian-grafit-bez-nadruku-1024x576.png 1024w, https:\/\/tyron.pl\/wp-content\/uploads\/2023\/01\/styropian-grafit-bez-nadruku-768x432.png 768w, https:\/\/tyron.pl\/wp-content\/uploads\/2023\/01\/styropian-grafit-bez-nadruku-1536x864.png 1536w, https:\/\/tyron.pl\/wp-content\/uploads\/2023\/01\/styropian-grafit-bez-nadruku.png 1920w\" sizes=\"(max-width: 300px) 100vw, 300px\" \/><\/p>\n<p style=\"text-align: center;\"><img loading=\"lazy\" decoding=\"async\" class=\"alignnone wp-image-3015 size-large\" src=\"https:\/\/tyron.pl\/wp-content\/uploads\/2023\/01\/10-1024x227.png\" alt=\"\" width=\"800\" height=\"177\" srcset=\"https:\/\/tyron.pl\/wp-content\/uploads\/2023\/01\/10-1024x227.png 1024w, https:\/\/tyron.pl\/wp-content\/uploads\/2023\/01\/10-300x67.png 300w, https:\/\/tyron.pl\/wp-content\/uploads\/2023\/01\/10-768x170.png 768w, https:\/\/tyron.pl\/wp-content\/uploads\/2023\/01\/10.png 1429w\" sizes=\"(max-width: 800px) 100vw, 800px\" \/><img loading=\"lazy\" decoding=\"async\" class=\"alignnone size-full wp-image-1300\" src=\"https:\/\/tyron.pl\/wp-content\/uploads\/2021\/12\/bez-tytulu.png\" alt=\"\" width=\"1407\" height=\"209\"><\/p>\n<p>&nbsp;<\/p>\n<p>&nbsp;<\/p>\n","protected":false},"excerpt":{"rendered":"<p>Les panneaux de polystyr\u00e8ne TYRON sont fabriqu\u00e9s \u00e0 partir de polystyr\u00e8ne expans\u00e9. Pendant la production, nous utilisons des technologies avanc\u00e9es qui garantissent la plus haute qualit\u00e9. &nbsp; &nbsp; &nbsp; &nbsp;<\/p>\n","protected":false},"author":3,"featured_media":0,"parent":0,"menu_order":53,"comment_status":"closed","ping_status":"closed","template":"","meta":{"footnotes":""},"class_list":["post-3188","page","type-page","status-publish","hentry"],"yoast_head":"<!-- This site is optimized with the Yoast SEO plugin v22.5 - https:\/\/yoast.com\/wordpress\/plugins\/seo\/ -->\n<title>PRODUITS TYRON - Tyron.pl - Producent Styropianu<\/title>\n<meta name=\"robots\" content=\"index, follow, max-snippet:-1, max-image-preview:large, max-video-preview:-1\" \/>\n<link rel=\"canonical\" href=\"https:\/\/tyron.pl\/fr\/produits-tyron\/\" \/>\n<meta property=\"og:locale\" content=\"fr_FR\" \/>\n<meta property=\"og:type\" content=\"article\" \/>\n<meta property=\"og:title\" content=\"PRODUITS TYRON - Tyron.pl - Producent Styropianu\" \/>\n<meta property=\"og:description\" content=\"Les panneaux de polystyr\u00e8ne TYRON sont fabriqu\u00e9s \u00e0 partir de polystyr\u00e8ne expans\u00e9. Pendant la production, nous utilisons des technologies avanc\u00e9es qui garantissent la plus haute qualit\u00e9. &nbsp; &nbsp; &nbsp; &nbsp;\" \/>\n<meta property=\"og:url\" content=\"https:\/\/tyron.pl\/fr\/produits-tyron\/\" \/>\n<meta property=\"og:site_name\" content=\"Tyron.pl - Producent Styropianu\" \/>\n<meta property=\"article:modified_time\" content=\"2023-01-31T13:58:43+00:00\" \/>\n<meta property=\"og:image\" content=\"https:\/\/tyron.pl\/wp-content\/uploads\/2022\/11\/styropian-bialo-czerwony-2-e1669576815815-300x169.png\" \/>\n<meta name=\"twitter:card\" content=\"summary_large_image\" \/>\n<script type=\"application\/ld+json\" class=\"yoast-schema-graph\">{\"@context\":\"https:\/\/schema.org\",\"@graph\":[{\"@type\":\"WebPage\",\"@id\":\"https:\/\/tyron.pl\/fr\/produits-tyron\/\",\"url\":\"https:\/\/tyron.pl\/fr\/produits-tyron\/\",\"name\":\"PRODUITS TYRON - Tyron.pl - Producent Styropianu\",\"isPartOf\":{\"@id\":\"https:\/\/tyron.pl\/#website\"},\"primaryImageOfPage\":{\"@id\":\"https:\/\/tyron.pl\/fr\/produits-tyron\/#primaryimage\"},\"image\":{\"@id\":\"https:\/\/tyron.pl\/fr\/produits-tyron\/#primaryimage\"},\"thumbnailUrl\":\"https:\/\/tyron.pl\/wp-content\/uploads\/2022\/11\/styropian-bialo-czerwony-2-e1669576815815-300x169.png\",\"datePublished\":\"2023-01-31T10:49:35+00:00\",\"dateModified\":\"2023-01-31T13:58:43+00:00\",\"breadcrumb\":{\"@id\":\"https:\/\/tyron.pl\/fr\/produits-tyron\/#breadcrumb\"},\"inLanguage\":\"fr-FR\",\"potentialAction\":[{\"@type\":\"ReadAction\",\"target\":[\"https:\/\/tyron.pl\/fr\/produits-tyron\/\"]}]},{\"@type\":\"ImageObject\",\"inLanguage\":\"fr-FR\",\"@id\":\"https:\/\/tyron.pl\/fr\/produits-tyron\/#primaryimage\",\"url\":\"https:\/\/tyron.pl\/wp-content\/uploads\/2022\/11\/styropian-bialo-czerwony-2-e1669576815815-300x169.png\",\"contentUrl\":\"https:\/\/tyron.pl\/wp-content\/uploads\/2022\/11\/styropian-bialo-czerwony-2-e1669576815815-300x169.png\"},{\"@type\":\"BreadcrumbList\",\"@id\":\"https:\/\/tyron.pl\/fr\/produits-tyron\/#breadcrumb\",\"itemListElement\":[{\"@type\":\"ListItem\",\"position\":1,\"name\":\"Strona g\u0142\u00f3wna\",\"item\":\"https:\/\/tyron.pl\/fr\/accueil\/\"},{\"@type\":\"ListItem\",\"position\":2,\"name\":\"PRODUITS TYRON\"}]},{\"@type\":\"WebSite\",\"@id\":\"https:\/\/tyron.pl\/#website\",\"url\":\"https:\/\/tyron.pl\/\",\"name\":\"Tyron.pl - Producent Styropianu\",\"description\":\"\",\"publisher\":{\"@id\":\"https:\/\/tyron.pl\/#organization\"},\"potentialAction\":[{\"@type\":\"SearchAction\",\"target\":{\"@type\":\"EntryPoint\",\"urlTemplate\":\"https:\/\/tyron.pl\/?s={search_term_string}\"},\"query-input\":\"required name=search_term_string\"}],\"inLanguage\":\"fr-FR\"},{\"@type\":\"Organization\",\"@id\":\"https:\/\/tyron.pl\/#organization\",\"name\":\"Tyron.pl - Producent Styropianu\",\"url\":\"https:\/\/tyron.pl\/\",\"logo\":{\"@type\":\"ImageObject\",\"inLanguage\":\"fr-FR\",\"@id\":\"https:\/\/tyron.pl\/#\/schema\/logo\/image\/\",\"url\":\"https:\/\/tyron.pl\/wp-content\/uploads\/2023\/01\/tyron-logo-2022-pdf.jpg\",\"contentUrl\":\"https:\/\/tyron.pl\/wp-content\/uploads\/2023\/01\/tyron-logo-2022-pdf.jpg\",\"width\":400,\"height\":227,\"caption\":\"Tyron.pl - Producent Styropianu\"},\"image\":{\"@id\":\"https:\/\/tyron.pl\/#\/schema\/logo\/image\/\"}}]}<\/script>\n<!-- \/ Yoast SEO plugin. -->","yoast_head_json":{"title":"PRODUITS TYRON - Tyron.pl - Producent Styropianu","robots":{"index":"index","follow":"follow","max-snippet":"max-snippet:-1","max-image-preview":"max-image-preview:large","max-video-preview":"max-video-preview:-1"},"canonical":"https:\/\/tyron.pl\/fr\/produits-tyron\/","og_locale":"fr_FR","og_type":"article","og_title":"PRODUITS TYRON - Tyron.pl - Producent Styropianu","og_description":"Les panneaux de polystyr\u00e8ne TYRON sont fabriqu\u00e9s \u00e0 partir de polystyr\u00e8ne expans\u00e9. Pendant la production, nous utilisons des technologies avanc\u00e9es qui garantissent la plus haute qualit\u00e9. &nbsp; &nbsp; &nbsp; &nbsp;","og_url":"https:\/\/tyron.pl\/fr\/produits-tyron\/","og_site_name":"Tyron.pl - Producent Styropianu","article_modified_time":"2023-01-31T13:58:43+00:00","og_image":[{"url":"https:\/\/tyron.pl\/wp-content\/uploads\/2022\/11\/styropian-bialo-czerwony-2-e1669576815815-300x169.png"}],"twitter_card":"summary_large_image","schema":{"@context":"https:\/\/schema.org","@graph":[{"@type":"WebPage","@id":"https:\/\/tyron.pl\/fr\/produits-tyron\/","url":"https:\/\/tyron.pl\/fr\/produits-tyron\/","name":"PRODUITS TYRON - Tyron.pl - Producent Styropianu","isPartOf":{"@id":"https:\/\/tyron.pl\/#website"},"primaryImageOfPage":{"@id":"https:\/\/tyron.pl\/fr\/produits-tyron\/#primaryimage"},"image":{"@id":"https:\/\/tyron.pl\/fr\/produits-tyron\/#primaryimage"},"thumbnailUrl":"https:\/\/tyron.pl\/wp-content\/uploads\/2022\/11\/styropian-bialo-czerwony-2-e1669576815815-300x169.png","datePublished":"2023-01-31T10:49:35+00:00","dateModified":"2023-01-31T13:58:43+00:00","breadcrumb":{"@id":"https:\/\/tyron.pl\/fr\/produits-tyron\/#breadcrumb"},"inLanguage":"fr-FR","potentialAction":[{"@type":"ReadAction","target":["https:\/\/tyron.pl\/fr\/produits-tyron\/"]}]},{"@type":"ImageObject","inLanguage":"fr-FR","@id":"https:\/\/tyron.pl\/fr\/produits-tyron\/#primaryimage","url":"https:\/\/tyron.pl\/wp-content\/uploads\/2022\/11\/styropian-bialo-czerwony-2-e1669576815815-300x169.png","contentUrl":"https:\/\/tyron.pl\/wp-content\/uploads\/2022\/11\/styropian-bialo-czerwony-2-e1669576815815-300x169.png"},{"@type":"BreadcrumbList","@id":"https:\/\/tyron.pl\/fr\/produits-tyron\/#breadcrumb","itemListElement":[{"@type":"ListItem","position":1,"name":"Strona g\u0142\u00f3wna","item":"https:\/\/tyron.pl\/fr\/accueil\/"},{"@type":"ListItem","position":2,"name":"PRODUITS TYRON"}]},{"@type":"WebSite","@id":"https:\/\/tyron.pl\/#website","url":"https:\/\/tyron.pl\/","name":"Tyron.pl - Producent Styropianu","description":"","publisher":{"@id":"https:\/\/tyron.pl\/#organization"},"potentialAction":[{"@type":"SearchAction","target":{"@type":"EntryPoint","urlTemplate":"https:\/\/tyron.pl\/?s={search_term_string}"},"query-input":"required name=search_term_string"}],"inLanguage":"fr-FR"},{"@type":"Organization","@id":"https:\/\/tyron.pl\/#organization","name":"Tyron.pl - Producent Styropianu","url":"https:\/\/tyron.pl\/","logo":{"@type":"ImageObject","inLanguage":"fr-FR","@id":"https:\/\/tyron.pl\/#\/schema\/logo\/image\/","url":"https:\/\/tyron.pl\/wp-content\/uploads\/2023\/01\/tyron-logo-2022-pdf.jpg","contentUrl":"https:\/\/tyron.pl\/wp-content\/uploads\/2023\/01\/tyron-logo-2022-pdf.jpg","width":400,"height":227,"caption":"Tyron.pl - Producent Styropianu"},"image":{"@id":"https:\/\/tyron.pl\/#\/schema\/logo\/image\/"}}]}},"_links":{"self":[{"href":"https:\/\/tyron.pl\/fr\/wp-json\/wp\/v2\/pages\/3188","targetHints":{"allow":["GET"]}}],"collection":[{"href":"https:\/\/tyron.pl\/fr\/wp-json\/wp\/v2\/pages"}],"about":[{"href":"https:\/\/tyron.pl\/fr\/wp-json\/wp\/v2\/types\/page"}],"author":[{"embeddable":true,"href":"https:\/\/tyron.pl\/fr\/wp-json\/wp\/v2\/users\/3"}],"replies":[{"embeddable":true,"href":"https:\/\/tyron.pl\/fr\/wp-json\/wp\/v2\/comments?post=3188"}],"version-history":[{"count":1,"href":"https:\/\/tyron.pl\/fr\/wp-json\/wp\/v2\/pages\/3188\/revisions"}],"predecessor-version":[{"id":3245,"href":"https:\/\/tyron.pl\/fr\/wp-json\/wp\/v2\/pages\/3188\/revisions\/3245"}],"wp:attachment":[{"href":"https:\/\/tyron.pl\/fr\/wp-json\/wp\/v2\/media?parent=3188"}],"curies":[{"name":"wp","href":"https:\/\/api.w.org\/{rel}","templated":true}]}}