{"id":3191,"date":"2023-01-31T11:51:02","date_gmt":"2023-01-31T10:51:02","guid":{"rendered":"https:\/\/tyron.pl\/produits-tyron\/tyrone-roof-eps-100-038\/"},"modified":"2023-01-31T11:51:02","modified_gmt":"2023-01-31T10:51:02","slug":"tyrone-roof-eps-100-038","status":"publish","type":"page","link":"https:\/\/tyron.pl\/fr\/produits-tyron\/tyrone-roof-eps-100-038\/","title":{"rendered":"TYRONE ROOF EPS 100 &#8211; 038"},"content":{"rendered":"<p><strong>Code produit :<\/strong><br \/>\nEPS EN 13163 T2-L3-W3-S5-P5-BS150-CS(10)100-DS(N)2-DS(70,-)2-DLT(1)5.<\/p>\n<p>Les panneaux de polystyr\u00e8ne <strong>TYRON DACH EPS 100 &#8211; 038<\/strong> sont fabriqu\u00e9s \u00e0 partir de polystyr\u00e8ne expans\u00e9.<br \/>\nLors de la production, nous utilisons des technologies avanc\u00e9es qui garantissent la plus haute qualit\u00e9.<\/p>\n<p>&nbsp;<\/p>\n<p><strong>Caract\u00e9ristiques techniques :<\/strong><\/p>\n<ul>\n<li>R\u00e9action au feu : EUROCLASSE <strong>E<\/strong><\/li>\n<li>Transmittance thermique : <strong>0,038 W\/mK<\/strong><\/li>\n<li>Contrainte de compression \u00e0 10% de d\u00e9formation : <strong>\u2265 100 kPa<\/strong><\/li>\n<li>R\u00e9sistance \u00e0 la flexion : <strong>\u2265 150 kPa<\/strong><\/li>\n<li>Dimensions standard : 1000&#215;500 mm<\/li>\n<li>\u00c9paisseur : 10 &#8211; 300 mm<\/li>\n<li>Bords droits ou frais\u00e9s<\/li>\n<\/ul>\n<p>&nbsp;<\/p>\n<p><strong>Application :<\/strong><\/p>\n<ul>\n<li>Isolation thermique des murs de fondation et des murs de sous-sol avec une \u00e9tanch\u00e9it\u00e9 \u00e0 charge normale ;<\/li>\n<li>Isolation thermique pour les planchers sur le sol avec sous-plancher normalement charg\u00e9 ;<\/li>\n<li>Noyau de panneau de mur et de toit avec rev\u00eatement en feutre ;<\/li>\n<li>Isolation thermique des plafonds sous le sous-plancher, mod\u00e9r\u00e9ment charg\u00e9e ;<\/li>\n<li>Isolation thermique sur les chevrons ;<\/li>\n<li>Isolation thermique des toits plats ;<\/li>\n<li>Isolation thermique des terrasses et des balcons ;<\/li>\n<li>Isolation thermique des syst\u00e8mes de chauffage par le sol ;<\/li>\n<li>Isolation des plafonds au-dessus des passages ; isolation thermique en panneaux sandwich pr\u00e9fabriqu\u00e9s ;<\/li>\n<li>Isolation thermique des plinthes dans les syst\u00e8mes d&#8217;isolation composite ext\u00e9rieurs ;<\/li>\n<li>Isolation thermique des sols sous un sous-plancher de dalles pr\u00e9fabriqu\u00e9es.<\/li>\n<\/ul>\n<p>&nbsp;<\/p>\n<p><strong>TYRON DACH EPS 100 &#8211; 038<\/strong> est conforme \u00e0 la norme PN-EN 13163:2012+A1:2015 et poss\u00e8de un certificat de conformit\u00e9 d\u00e9livr\u00e9 par.. : Centre polonais d&#8217;essais et de certification S.A. et l&#8217;Institut de la technologie du b\u00e2timent de Varsovie<\/p>\n","protected":false},"excerpt":{"rendered":"<p>Code produit : EPS EN 13163 T2-L3-W3-S5-P5-BS150-CS(10)100-DS(N)2-DS(70,-)2-DLT(1)5. Les panneaux de polystyr\u00e8ne TYRON DACH EPS 100 &#8211; 038 sont fabriqu\u00e9s \u00e0 partir de polystyr\u00e8ne expans\u00e9. Lors de la production, nous utilisons des technologies avanc\u00e9es qui garantissent la plus haute qualit\u00e9. &nbsp; Caract\u00e9ristiques techniques : R\u00e9action au feu : EUROCLASSE E Transmittance thermique : 0,038 W\/mK Contrainte [&hellip;]<\/p>\n","protected":false},"author":3,"featured_media":0,"parent":3188,"menu_order":96,"comment_status":"closed","ping_status":"closed","template":"","meta":{"footnotes":""},"class_list":["post-3191","page","type-page","status-publish","hentry"],"yoast_head":"<!-- This site is optimized with the Yoast SEO plugin v22.5 - https:\/\/yoast.com\/wordpress\/plugins\/seo\/ -->\n<title>TYRONE ROOF EPS 100 - 038 - Tyron.pl - Producent Styropianu<\/title>\n<meta name=\"robots\" content=\"index, follow, max-snippet:-1, max-image-preview:large, max-video-preview:-1\" \/>\n<link rel=\"canonical\" href=\"https:\/\/tyron.pl\/fr\/produits-tyron\/tyrone-roof-eps-100-038\/\" \/>\n<meta property=\"og:locale\" content=\"fr_FR\" \/>\n<meta property=\"og:type\" content=\"article\" \/>\n<meta property=\"og:title\" content=\"TYRONE ROOF EPS 100 - 038 - Tyron.pl - Producent Styropianu\" \/>\n<meta property=\"og:description\" content=\"Code produit : EPS EN 13163 T2-L3-W3-S5-P5-BS150-CS(10)100-DS(N)2-DS(70,-)2-DLT(1)5. Les panneaux de polystyr\u00e8ne TYRON DACH EPS 100 &#8211; 038 sont fabriqu\u00e9s \u00e0 partir de polystyr\u00e8ne expans\u00e9. Lors de la production, nous utilisons des technologies avanc\u00e9es qui garantissent la plus haute qualit\u00e9. &nbsp; Caract\u00e9ristiques techniques : R\u00e9action au feu : EUROCLASSE E Transmittance thermique : 0,038 W\/mK Contrainte [&hellip;]\" \/>\n<meta property=\"og:url\" content=\"https:\/\/tyron.pl\/fr\/produits-tyron\/tyrone-roof-eps-100-038\/\" \/>\n<meta property=\"og:site_name\" content=\"Tyron.pl - Producent Styropianu\" \/>\n<meta name=\"twitter:card\" content=\"summary_large_image\" \/>\n<meta name=\"twitter:label1\" content=\"Dur\u00e9e de lecture estim\u00e9e\" \/>\n\t<meta name=\"twitter:data1\" content=\"1 minute\" \/>\n<script type=\"application\/ld+json\" class=\"yoast-schema-graph\">{\"@context\":\"https:\/\/schema.org\",\"@graph\":[{\"@type\":\"WebPage\",\"@id\":\"https:\/\/tyron.pl\/fr\/produits-tyron\/tyrone-roof-eps-100-038\/\",\"url\":\"https:\/\/tyron.pl\/fr\/produits-tyron\/tyrone-roof-eps-100-038\/\",\"name\":\"TYRONE ROOF EPS 100 - 038 - Tyron.pl - Producent Styropianu\",\"isPartOf\":{\"@id\":\"https:\/\/tyron.pl\/#website\"},\"datePublished\":\"2023-01-31T10:51:02+00:00\",\"dateModified\":\"2023-01-31T10:51:02+00:00\",\"breadcrumb\":{\"@id\":\"https:\/\/tyron.pl\/fr\/produits-tyron\/tyrone-roof-eps-100-038\/#breadcrumb\"},\"inLanguage\":\"fr-FR\",\"potentialAction\":[{\"@type\":\"ReadAction\",\"target\":[\"https:\/\/tyron.pl\/fr\/produits-tyron\/tyrone-roof-eps-100-038\/\"]}]},{\"@type\":\"BreadcrumbList\",\"@id\":\"https:\/\/tyron.pl\/fr\/produits-tyron\/tyrone-roof-eps-100-038\/#breadcrumb\",\"itemListElement\":[{\"@type\":\"ListItem\",\"position\":1,\"name\":\"Strona g\u0142\u00f3wna\",\"item\":\"https:\/\/tyron.pl\/fr\/accueil\/\"},{\"@type\":\"ListItem\",\"position\":2,\"name\":\"PRODUITS TYRON\",\"item\":\"https:\/\/tyron.pl\/fr\/produits-tyron\/\"},{\"@type\":\"ListItem\",\"position\":3,\"name\":\"TYRONE ROOF EPS 100 &#8211; 038\"}]},{\"@type\":\"WebSite\",\"@id\":\"https:\/\/tyron.pl\/#website\",\"url\":\"https:\/\/tyron.pl\/\",\"name\":\"Tyron.pl - Producent Styropianu\",\"description\":\"\",\"publisher\":{\"@id\":\"https:\/\/tyron.pl\/#organization\"},\"potentialAction\":[{\"@type\":\"SearchAction\",\"target\":{\"@type\":\"EntryPoint\",\"urlTemplate\":\"https:\/\/tyron.pl\/?s={search_term_string}\"},\"query-input\":\"required name=search_term_string\"}],\"inLanguage\":\"fr-FR\"},{\"@type\":\"Organization\",\"@id\":\"https:\/\/tyron.pl\/#organization\",\"name\":\"Tyron.pl - Producent Styropianu\",\"url\":\"https:\/\/tyron.pl\/\",\"logo\":{\"@type\":\"ImageObject\",\"inLanguage\":\"fr-FR\",\"@id\":\"https:\/\/tyron.pl\/#\/schema\/logo\/image\/\",\"url\":\"https:\/\/tyron.pl\/wp-content\/uploads\/2023\/01\/tyron-logo-2022-pdf.jpg\",\"contentUrl\":\"https:\/\/tyron.pl\/wp-content\/uploads\/2023\/01\/tyron-logo-2022-pdf.jpg\",\"width\":400,\"height\":227,\"caption\":\"Tyron.pl - Producent Styropianu\"},\"image\":{\"@id\":\"https:\/\/tyron.pl\/#\/schema\/logo\/image\/\"}}]}<\/script>\n<!-- \/ Yoast SEO plugin. -->","yoast_head_json":{"title":"TYRONE ROOF EPS 100 - 038 - Tyron.pl - Producent Styropianu","robots":{"index":"index","follow":"follow","max-snippet":"max-snippet:-1","max-image-preview":"max-image-preview:large","max-video-preview":"max-video-preview:-1"},"canonical":"https:\/\/tyron.pl\/fr\/produits-tyron\/tyrone-roof-eps-100-038\/","og_locale":"fr_FR","og_type":"article","og_title":"TYRONE ROOF EPS 100 - 038 - Tyron.pl - Producent Styropianu","og_description":"Code produit : EPS EN 13163 T2-L3-W3-S5-P5-BS150-CS(10)100-DS(N)2-DS(70,-)2-DLT(1)5. Les panneaux de polystyr\u00e8ne TYRON DACH EPS 100 &#8211; 038 sont fabriqu\u00e9s \u00e0 partir de polystyr\u00e8ne expans\u00e9. Lors de la production, nous utilisons des technologies avanc\u00e9es qui garantissent la plus haute qualit\u00e9. &nbsp; Caract\u00e9ristiques techniques : R\u00e9action au feu : EUROCLASSE E Transmittance thermique : 0,038 W\/mK Contrainte [&hellip;]","og_url":"https:\/\/tyron.pl\/fr\/produits-tyron\/tyrone-roof-eps-100-038\/","og_site_name":"Tyron.pl - Producent Styropianu","twitter_card":"summary_large_image","twitter_misc":{"Dur\u00e9e de lecture estim\u00e9e":"1 minute"},"schema":{"@context":"https:\/\/schema.org","@graph":[{"@type":"WebPage","@id":"https:\/\/tyron.pl\/fr\/produits-tyron\/tyrone-roof-eps-100-038\/","url":"https:\/\/tyron.pl\/fr\/produits-tyron\/tyrone-roof-eps-100-038\/","name":"TYRONE ROOF EPS 100 - 038 - Tyron.pl - Producent Styropianu","isPartOf":{"@id":"https:\/\/tyron.pl\/#website"},"datePublished":"2023-01-31T10:51:02+00:00","dateModified":"2023-01-31T10:51:02+00:00","breadcrumb":{"@id":"https:\/\/tyron.pl\/fr\/produits-tyron\/tyrone-roof-eps-100-038\/#breadcrumb"},"inLanguage":"fr-FR","potentialAction":[{"@type":"ReadAction","target":["https:\/\/tyron.pl\/fr\/produits-tyron\/tyrone-roof-eps-100-038\/"]}]},{"@type":"BreadcrumbList","@id":"https:\/\/tyron.pl\/fr\/produits-tyron\/tyrone-roof-eps-100-038\/#breadcrumb","itemListElement":[{"@type":"ListItem","position":1,"name":"Strona g\u0142\u00f3wna","item":"https:\/\/tyron.pl\/fr\/accueil\/"},{"@type":"ListItem","position":2,"name":"PRODUITS TYRON","item":"https:\/\/tyron.pl\/fr\/produits-tyron\/"},{"@type":"ListItem","position":3,"name":"TYRONE ROOF EPS 100 &#8211; 038"}]},{"@type":"WebSite","@id":"https:\/\/tyron.pl\/#website","url":"https:\/\/tyron.pl\/","name":"Tyron.pl - Producent Styropianu","description":"","publisher":{"@id":"https:\/\/tyron.pl\/#organization"},"potentialAction":[{"@type":"SearchAction","target":{"@type":"EntryPoint","urlTemplate":"https:\/\/tyron.pl\/?s={search_term_string}"},"query-input":"required name=search_term_string"}],"inLanguage":"fr-FR"},{"@type":"Organization","@id":"https:\/\/tyron.pl\/#organization","name":"Tyron.pl - Producent Styropianu","url":"https:\/\/tyron.pl\/","logo":{"@type":"ImageObject","inLanguage":"fr-FR","@id":"https:\/\/tyron.pl\/#\/schema\/logo\/image\/","url":"https:\/\/tyron.pl\/wp-content\/uploads\/2023\/01\/tyron-logo-2022-pdf.jpg","contentUrl":"https:\/\/tyron.pl\/wp-content\/uploads\/2023\/01\/tyron-logo-2022-pdf.jpg","width":400,"height":227,"caption":"Tyron.pl - Producent Styropianu"},"image":{"@id":"https:\/\/tyron.pl\/#\/schema\/logo\/image\/"}}]}},"_links":{"self":[{"href":"https:\/\/tyron.pl\/fr\/wp-json\/wp\/v2\/pages\/3191","targetHints":{"allow":["GET"]}}],"collection":[{"href":"https:\/\/tyron.pl\/fr\/wp-json\/wp\/v2\/pages"}],"about":[{"href":"https:\/\/tyron.pl\/fr\/wp-json\/wp\/v2\/types\/page"}],"author":[{"embeddable":true,"href":"https:\/\/tyron.pl\/fr\/wp-json\/wp\/v2\/users\/3"}],"replies":[{"embeddable":true,"href":"https:\/\/tyron.pl\/fr\/wp-json\/wp\/v2\/comments?post=3191"}],"version-history":[{"count":0,"href":"https:\/\/tyron.pl\/fr\/wp-json\/wp\/v2\/pages\/3191\/revisions"}],"up":[{"embeddable":true,"href":"https:\/\/tyron.pl\/fr\/wp-json\/wp\/v2\/pages\/3188"}],"wp:attachment":[{"href":"https:\/\/tyron.pl\/fr\/wp-json\/wp\/v2\/media?parent=3191"}],"curies":[{"name":"wp","href":"https:\/\/api.w.org\/{rel}","templated":true}]}}