{"id":3230,"date":"2023-01-31T14:53:56","date_gmt":"2023-01-31T13:53:56","guid":{"rendered":"https:\/\/tyron.pl\/acces\/"},"modified":"2023-01-31T14:53:57","modified_gmt":"2023-01-31T13:53:57","slug":"acces","status":"publish","type":"page","link":"https:\/\/tyron.pl\/fr\/acces\/","title":{"rendered":"Acc\u00e8s"},"content":{"rendered":"<div class=\"clearfix _o46 _3erg _29_7 direction_ltr text_align_ltr\">\n<div id=\"js_e3\" class=\"_3058 _ui9 _hh7 _6ybn _s1- _52mr _3oh-\" data-tooltip-content=\"11 pa\u017adziernika 2019 11:47\" data-hover=\"tooltip\" data-tooltip-position=\"left\">\n<div class=\"_aok _7i2m\" tabindex=\"0\" aria-label=\"gdzie bedzie napisane: Za\u0142adunek i Roz\u0142adunek We\u0142ny - ul. Sienkiewicza 22 ( przed zielon\u0105 bram\u0105 )\"><span class=\"_3oh- _58nk\"><strong>Chargement et d\u00e9chargement de la laine<\/strong> &#8211; Rue. Sienkiewicza 22 ( en face de la porte grise )<\/span><\/div>\n<div class=\"_aok _7i2m\" tabindex=\"0\" aria-label=\"gdzie bedzie napisane: Za\u0142adunek i Roz\u0142adunek We\u0142ny - ul. Sienkiewicza 22 ( przed zielon\u0105 bram\u0105 )\"><strong>Chargement et d\u00e9chargement du polystyr\u00e8ne<\/strong> &#8211; entr\u00e9e de ul. Karola Miarki 11<\/div>\n<div tabindex=\"0\" aria-label=\"gdzie bedzie napisane: Za\u0142adunek i Roz\u0142adunek We\u0142ny - ul. Sienkiewicza 22 ( przed zielon\u0105 bram\u0105 )\"><\/div>\n<\/div>\n<\/div>\n<div class=\"clearfix _o46 _3erg _29_7 direction_ltr text_align_ltr\">\n<div id=\"js_13q\" class=\"_3058 _ui9 _hh7 _6ybn _s1- _52mr _3oh-\" data-tooltip-content=\"11 pa\u017adziernika 2019 11:48\" data-hover=\"tooltip\" data-tooltip-position=\"left\" aria-describedby=\"js_bn\">\n<div class=\"_aok _7i2m\" tabindex=\"0\" aria-label=\"kontakt : 660 697 658 - Anna\"><span class=\"_3oh- _58nk\"><strong>Contact :<\/strong> 660 697 658 &#8211; Anna<\/span><\/div>\n<div tabindex=\"0\" aria-label=\"kontakt : 660 697 658 - Anna\"><\/div>\n<\/div>\n<div tabindex=\"0\" aria-label=\"kontakt : 660 697 658 - Anna\"><img fetchpriority=\"high\" decoding=\"async\" class=\"aligncenter wp-image-974 size-full\" src=\"https:\/\/tyron.pl\/wp-content\/uploads\/2019\/10\/tyron-mapka.jpg\" alt=\"\" width=\"1219\" height=\"915\" srcset=\"https:\/\/tyron.pl\/wp-content\/uploads\/2019\/10\/tyron-mapka.jpg 1219w, https:\/\/tyron.pl\/wp-content\/uploads\/2019\/10\/tyron-mapka-300x225.jpg 300w, https:\/\/tyron.pl\/wp-content\/uploads\/2019\/10\/tyron-mapka-1024x769.jpg 1024w, https:\/\/tyron.pl\/wp-content\/uploads\/2019\/10\/tyron-mapka-768x576.jpg 768w\" sizes=\"(max-width: 1219px) 100vw, 1219px\" \/><\/div>\n<div id=\"js_13q\" class=\"_3058 _ui9 _hh7 _6ybn _s1- _52mr _3oh-\" data-tooltip-content=\"11 pa\u017adziernika 2019 11:48\" data-hover=\"tooltip\" data-tooltip-position=\"left\" aria-describedby=\"js_bn\">\n<div tabindex=\"0\" aria-label=\"kontakt : 660 697 658 - Anna\"><\/div>\n<\/div>\n<\/div>\n","protected":false},"excerpt":{"rendered":"<p>Chargement et d\u00e9chargement de la laine &#8211; Rue. Sienkiewicza 22 ( en face de la porte grise ) Chargement et d\u00e9chargement du polystyr\u00e8ne &#8211; entr\u00e9e de ul. Karola Miarki 11 Contact : 660 697 658 &#8211; Anna<\/p>\n","protected":false},"author":1,"featured_media":0,"parent":0,"menu_order":2,"comment_status":"closed","ping_status":"closed","template":"","meta":{"footnotes":""},"class_list":["post-3230","page","type-page","status-publish","hentry"],"yoast_head":"<!-- This site is optimized with the Yoast SEO plugin v22.5 - https:\/\/yoast.com\/wordpress\/plugins\/seo\/ -->\n<title>Acc\u00e8s - Tyron.pl - Producent Styropianu<\/title>\n<meta name=\"robots\" content=\"index, follow, max-snippet:-1, max-image-preview:large, max-video-preview:-1\" \/>\n<link rel=\"canonical\" href=\"https:\/\/tyron.pl\/fr\/acces\/\" \/>\n<meta property=\"og:locale\" content=\"fr_FR\" \/>\n<meta property=\"og:type\" content=\"article\" \/>\n<meta property=\"og:title\" content=\"Acc\u00e8s - Tyron.pl - Producent Styropianu\" \/>\n<meta property=\"og:description\" content=\"Chargement et d\u00e9chargement de la laine &#8211; Rue. Sienkiewicza 22 ( en face de la porte grise ) Chargement et d\u00e9chargement du polystyr\u00e8ne &#8211; entr\u00e9e de ul. Karola Miarki 11 Contact : 660 697 658 &#8211; Anna\" \/>\n<meta property=\"og:url\" content=\"https:\/\/tyron.pl\/fr\/acces\/\" \/>\n<meta property=\"og:site_name\" content=\"Tyron.pl - Producent Styropianu\" \/>\n<meta property=\"article:modified_time\" content=\"2023-01-31T13:53:57+00:00\" \/>\n<meta property=\"og:image\" content=\"https:\/\/tyron.pl\/wp-content\/uploads\/2019\/10\/tyron-mapka.jpg\" \/>\n<meta name=\"twitter:card\" content=\"summary_large_image\" \/>\n<script type=\"application\/ld+json\" class=\"yoast-schema-graph\">{\"@context\":\"https:\/\/schema.org\",\"@graph\":[{\"@type\":\"WebPage\",\"@id\":\"https:\/\/tyron.pl\/fr\/acces\/\",\"url\":\"https:\/\/tyron.pl\/fr\/acces\/\",\"name\":\"Acc\u00e8s - Tyron.pl - Producent Styropianu\",\"isPartOf\":{\"@id\":\"https:\/\/tyron.pl\/#website\"},\"primaryImageOfPage\":{\"@id\":\"https:\/\/tyron.pl\/fr\/acces\/#primaryimage\"},\"image\":{\"@id\":\"https:\/\/tyron.pl\/fr\/acces\/#primaryimage\"},\"thumbnailUrl\":\"https:\/\/tyron.pl\/wp-content\/uploads\/2019\/10\/tyron-mapka.jpg\",\"datePublished\":\"2023-01-31T13:53:56+00:00\",\"dateModified\":\"2023-01-31T13:53:57+00:00\",\"breadcrumb\":{\"@id\":\"https:\/\/tyron.pl\/fr\/acces\/#breadcrumb\"},\"inLanguage\":\"fr-FR\",\"potentialAction\":[{\"@type\":\"ReadAction\",\"target\":[\"https:\/\/tyron.pl\/fr\/acces\/\"]}]},{\"@type\":\"ImageObject\",\"inLanguage\":\"fr-FR\",\"@id\":\"https:\/\/tyron.pl\/fr\/acces\/#primaryimage\",\"url\":\"https:\/\/tyron.pl\/wp-content\/uploads\/2019\/10\/tyron-mapka.jpg\",\"contentUrl\":\"https:\/\/tyron.pl\/wp-content\/uploads\/2019\/10\/tyron-mapka.jpg\"},{\"@type\":\"BreadcrumbList\",\"@id\":\"https:\/\/tyron.pl\/fr\/acces\/#breadcrumb\",\"itemListElement\":[{\"@type\":\"ListItem\",\"position\":1,\"name\":\"Strona g\u0142\u00f3wna\",\"item\":\"https:\/\/tyron.pl\/fr\/accueil\/\"},{\"@type\":\"ListItem\",\"position\":2,\"name\":\"Acc\u00e8s\"}]},{\"@type\":\"WebSite\",\"@id\":\"https:\/\/tyron.pl\/#website\",\"url\":\"https:\/\/tyron.pl\/\",\"name\":\"Tyron.pl - Producent Styropianu\",\"description\":\"\",\"publisher\":{\"@id\":\"https:\/\/tyron.pl\/#organization\"},\"potentialAction\":[{\"@type\":\"SearchAction\",\"target\":{\"@type\":\"EntryPoint\",\"urlTemplate\":\"https:\/\/tyron.pl\/?s={search_term_string}\"},\"query-input\":\"required name=search_term_string\"}],\"inLanguage\":\"fr-FR\"},{\"@type\":\"Organization\",\"@id\":\"https:\/\/tyron.pl\/#organization\",\"name\":\"Tyron.pl - Producent Styropianu\",\"url\":\"https:\/\/tyron.pl\/\",\"logo\":{\"@type\":\"ImageObject\",\"inLanguage\":\"fr-FR\",\"@id\":\"https:\/\/tyron.pl\/#\/schema\/logo\/image\/\",\"url\":\"https:\/\/tyron.pl\/wp-content\/uploads\/2023\/01\/tyron-logo-2022-pdf.jpg\",\"contentUrl\":\"https:\/\/tyron.pl\/wp-content\/uploads\/2023\/01\/tyron-logo-2022-pdf.jpg\",\"width\":400,\"height\":227,\"caption\":\"Tyron.pl - Producent Styropianu\"},\"image\":{\"@id\":\"https:\/\/tyron.pl\/#\/schema\/logo\/image\/\"}}]}<\/script>\n<!-- \/ Yoast SEO plugin. -->","yoast_head_json":{"title":"Acc\u00e8s - Tyron.pl - Producent Styropianu","robots":{"index":"index","follow":"follow","max-snippet":"max-snippet:-1","max-image-preview":"max-image-preview:large","max-video-preview":"max-video-preview:-1"},"canonical":"https:\/\/tyron.pl\/fr\/acces\/","og_locale":"fr_FR","og_type":"article","og_title":"Acc\u00e8s - Tyron.pl - Producent Styropianu","og_description":"Chargement et d\u00e9chargement de la laine &#8211; Rue. Sienkiewicza 22 ( en face de la porte grise ) Chargement et d\u00e9chargement du polystyr\u00e8ne &#8211; entr\u00e9e de ul. Karola Miarki 11 Contact : 660 697 658 &#8211; Anna","og_url":"https:\/\/tyron.pl\/fr\/acces\/","og_site_name":"Tyron.pl - Producent Styropianu","article_modified_time":"2023-01-31T13:53:57+00:00","og_image":[{"url":"https:\/\/tyron.pl\/wp-content\/uploads\/2019\/10\/tyron-mapka.jpg"}],"twitter_card":"summary_large_image","schema":{"@context":"https:\/\/schema.org","@graph":[{"@type":"WebPage","@id":"https:\/\/tyron.pl\/fr\/acces\/","url":"https:\/\/tyron.pl\/fr\/acces\/","name":"Acc\u00e8s - Tyron.pl - Producent Styropianu","isPartOf":{"@id":"https:\/\/tyron.pl\/#website"},"primaryImageOfPage":{"@id":"https:\/\/tyron.pl\/fr\/acces\/#primaryimage"},"image":{"@id":"https:\/\/tyron.pl\/fr\/acces\/#primaryimage"},"thumbnailUrl":"https:\/\/tyron.pl\/wp-content\/uploads\/2019\/10\/tyron-mapka.jpg","datePublished":"2023-01-31T13:53:56+00:00","dateModified":"2023-01-31T13:53:57+00:00","breadcrumb":{"@id":"https:\/\/tyron.pl\/fr\/acces\/#breadcrumb"},"inLanguage":"fr-FR","potentialAction":[{"@type":"ReadAction","target":["https:\/\/tyron.pl\/fr\/acces\/"]}]},{"@type":"ImageObject","inLanguage":"fr-FR","@id":"https:\/\/tyron.pl\/fr\/acces\/#primaryimage","url":"https:\/\/tyron.pl\/wp-content\/uploads\/2019\/10\/tyron-mapka.jpg","contentUrl":"https:\/\/tyron.pl\/wp-content\/uploads\/2019\/10\/tyron-mapka.jpg"},{"@type":"BreadcrumbList","@id":"https:\/\/tyron.pl\/fr\/acces\/#breadcrumb","itemListElement":[{"@type":"ListItem","position":1,"name":"Strona g\u0142\u00f3wna","item":"https:\/\/tyron.pl\/fr\/accueil\/"},{"@type":"ListItem","position":2,"name":"Acc\u00e8s"}]},{"@type":"WebSite","@id":"https:\/\/tyron.pl\/#website","url":"https:\/\/tyron.pl\/","name":"Tyron.pl - Producent Styropianu","description":"","publisher":{"@id":"https:\/\/tyron.pl\/#organization"},"potentialAction":[{"@type":"SearchAction","target":{"@type":"EntryPoint","urlTemplate":"https:\/\/tyron.pl\/?s={search_term_string}"},"query-input":"required name=search_term_string"}],"inLanguage":"fr-FR"},{"@type":"Organization","@id":"https:\/\/tyron.pl\/#organization","name":"Tyron.pl - Producent Styropianu","url":"https:\/\/tyron.pl\/","logo":{"@type":"ImageObject","inLanguage":"fr-FR","@id":"https:\/\/tyron.pl\/#\/schema\/logo\/image\/","url":"https:\/\/tyron.pl\/wp-content\/uploads\/2023\/01\/tyron-logo-2022-pdf.jpg","contentUrl":"https:\/\/tyron.pl\/wp-content\/uploads\/2023\/01\/tyron-logo-2022-pdf.jpg","width":400,"height":227,"caption":"Tyron.pl - Producent Styropianu"},"image":{"@id":"https:\/\/tyron.pl\/#\/schema\/logo\/image\/"}}]}},"_links":{"self":[{"href":"https:\/\/tyron.pl\/fr\/wp-json\/wp\/v2\/pages\/3230","targetHints":{"allow":["GET"]}}],"collection":[{"href":"https:\/\/tyron.pl\/fr\/wp-json\/wp\/v2\/pages"}],"about":[{"href":"https:\/\/tyron.pl\/fr\/wp-json\/wp\/v2\/types\/page"}],"author":[{"embeddable":true,"href":"https:\/\/tyron.pl\/fr\/wp-json\/wp\/v2\/users\/1"}],"replies":[{"embeddable":true,"href":"https:\/\/tyron.pl\/fr\/wp-json\/wp\/v2\/comments?post=3230"}],"version-history":[{"count":1,"href":"https:\/\/tyron.pl\/fr\/wp-json\/wp\/v2\/pages\/3230\/revisions"}],"predecessor-version":[{"id":3231,"href":"https:\/\/tyron.pl\/fr\/wp-json\/wp\/v2\/pages\/3230\/revisions\/3231"}],"wp:attachment":[{"href":"https:\/\/tyron.pl\/fr\/wp-json\/wp\/v2\/media?parent=3230"}],"curies":[{"name":"wp","href":"https:\/\/api.w.org\/{rel}","templated":true}]}}