{"id":330,"date":"2016-06-29T12:03:42","date_gmt":"2016-06-29T10:03:42","guid":{"rendered":"https:\/\/tyron.pl\/o-firmie\/?lang=fr"},"modified":"2023-01-31T14:56:55","modified_gmt":"2023-01-31T13:56:55","slug":"o-firmie","status":"publish","type":"page","link":"https:\/\/tyron.pl\/fr\/o-firmie\/","title":{"rendered":"\u00c0 propos de l&#8217;entreprise"},"content":{"rendered":"<p style=\"text-align: center;\">Nous sommes un fabricant de mat\u00e9riaux d&#8217;isolation en mousse de polystyr\u00e8ne, \u00e0 savoir les panneaux de polystyr\u00e8ne <strong>TYRON<\/strong> et le syst\u00e8me de toiture <strong>DACH TYRON<\/strong>.<br \/>\nNotre usine est situ\u00e9e \u00e0 <strong>Kluczbork<\/strong>, dans la vo\u00efvodie d&#8217;Opole, et est la plus grande usine de la r\u00e9gion.<\/p>\n<p style=\"text-align: center;\">Depuis notre cr\u00e9ation, nous utilisons des technologies avanc\u00e9es pour nous assurer que nous mettons entre vos mains des produits de la plus haute qualit\u00e9.<\/p>\n<p style=\"text-align: center;\">Les panneaux en polystyr\u00e8ne <strong>TYRON<\/strong> ont re\u00e7u des certificats de conformit\u00e9 d\u00e9livr\u00e9s par<br \/>\nD\u00e9partement de certification de l&#8217;Institut de recherche sur le b\u00e2timent \u00e0 Varsovie<br \/>\net<br \/>\nPolskie Centrum Bada\u0144 i Certyfikacji S.A. Branch \u00e0 Gdansk et r\u00e9pondent ainsi \u00e0 la norme PN-EN 13163.<\/p>\n<p style=\"text-align: center;\">Afin de maintenir la plus haute qualit\u00e9 et de garantir sa constance, nous disposons de notre propre laboratoire \u00e9quip\u00e9 de mani\u00e8re appropri\u00e9e.<\/p>\n<p style=\"text-align: center;\"><strong>L&#8217;objectif de notre entreprise est de fournir \u00e0 nos clients des produits de haute qualit\u00e9 et de les satisfaire lorsqu&#8217;ils choisissent notre entreprise comme partenaire dans le secteur de la construction. Un personnel professionnel et fiable est toujours pr\u00eat \u00e0 vous donner toutes les informations dont vous avez besoin pour faire le bon choix de produit.<\/strong><\/p>\n<p>&nbsp;<\/p>\n<p><a href=\"https:\/\/tyron.pl\/styropian_aqua_bez-nadruku\/\"><img fetchpriority=\"high\" decoding=\"async\" class=\"size-medium wp-image-2724 alignright\" src=\"https:\/\/tyron.pl\/wp-content\/uploads\/2023\/01\/styropian_aqua_bez-nadruku-300x169.png\" alt=\"\" width=\"300\" height=\"169\" srcset=\"https:\/\/tyron.pl\/wp-content\/uploads\/2023\/01\/styropian_aqua_bez-nadruku-300x169.png 300w, https:\/\/tyron.pl\/wp-content\/uploads\/2023\/01\/styropian_aqua_bez-nadruku-1024x576.png 1024w, https:\/\/tyron.pl\/wp-content\/uploads\/2023\/01\/styropian_aqua_bez-nadruku-768x432.png 768w, https:\/\/tyron.pl\/wp-content\/uploads\/2023\/01\/styropian_aqua_bez-nadruku-1536x864.png 1536w, https:\/\/tyron.pl\/wp-content\/uploads\/2023\/01\/styropian_aqua_bez-nadruku.png 1920w\" sizes=\"(max-width: 300px) 100vw, 300px\" \/><\/a><a href=\"https:\/\/tyron.pl\/styropian-grafit-bez-nadruku\/\"><img decoding=\"async\" class=\"size-medium wp-image-2719 alignleft\" src=\"https:\/\/tyron.pl\/wp-content\/uploads\/2023\/01\/styropian-grafit-bez-nadruku-300x169.png\" alt=\"\" width=\"300\" height=\"169\" srcset=\"https:\/\/tyron.pl\/wp-content\/uploads\/2023\/01\/styropian-grafit-bez-nadruku-300x169.png 300w, https:\/\/tyron.pl\/wp-content\/uploads\/2023\/01\/styropian-grafit-bez-nadruku-1024x576.png 1024w, https:\/\/tyron.pl\/wp-content\/uploads\/2023\/01\/styropian-grafit-bez-nadruku-768x432.png 768w, https:\/\/tyron.pl\/wp-content\/uploads\/2023\/01\/styropian-grafit-bez-nadruku-1536x864.png 1536w, https:\/\/tyron.pl\/wp-content\/uploads\/2023\/01\/styropian-grafit-bez-nadruku.png 1920w\" sizes=\"(max-width: 300px) 100vw, 300px\" \/><\/a><img decoding=\"async\" class=\"aligncenter\" src=\"https:\/\/tyron.pl\/wp-content\/uploads\/2022\/11\/styropian-bialo-czerwony-2-e1669576815815-300x169.png\" alt=\"\" width=\"308\" height=\"173\"><\/p>\n<p>&nbsp;<\/p>\n<h1><\/h1>\n<h1 style=\"text-align: left;\">STYROPIAN<\/h1>\n<p style=\"text-align: left;\"><strong>Styrofoam<\/strong> est le nom commun de la mousse de polystyr\u00e8ne expans\u00e9 EPS. Obtenu par moussage de granul\u00e9s de polystyr\u00e8ne. Le polystyr\u00e8ne est un polym\u00e8re obtenu par la polym\u00e9risation du styr\u00e8ne, issu du raffinage du p\u00e9trole.<\/p>\n<p style=\"text-align: left;\">Le <strong>polystyr\u00e8ne<\/strong> est principalement utilis\u00e9 pour l&#8217;isolation thermique dans la construction. Il est utilis\u00e9 pour isoler toutes sortes de structures. Le polystyr\u00e8ne est utilis\u00e9 pour fabriquer diff\u00e9rentes formes<br \/>\net des emballages utilis\u00e9s, par exemple, pour prot\u00e9ger toutes sortes d&#8217;appareils \u00e9lectrom\u00e9nagers et \u00e9lectroniques pendant le transport. Sa production est relativement \u00e9conome en \u00e9nergie et, gr\u00e2ce \u00e0 ses propri\u00e9t\u00e9s isolantes, le polystyr\u00e8ne permet d&#8217;\u00e9conomiser une quantit\u00e9 consid\u00e9rable d&#8217;\u00e9nergie.<\/p>\n<p style=\"text-align: left;\">L&#8217;<strong>isolation en polystyr\u00e8ne<\/strong> ne pr\u00e9sente aucun risque pour les champignons, les moisissures et les bact\u00e9ries. Le polystyr\u00e8ne expans\u00e9 a fait ses preuves depuis de nombreuses ann\u00e9es en tant que mat\u00e9riau d&#8217;isolation sans effets n\u00e9fastes sur la sant\u00e9 ni sur l&#8217;environnement. Cependant, c&#8217;est un mat\u00e9riau qui ne r\u00e9siste pas \u00e0 de nombreux solvants organiques (par exemple, l&#8217;ac\u00e9tone ou les solvants aromatiques), aux huiles et aux graisses.<\/p>\n<p style=\"text-align: left;\">Les principaux avantages du polystyr\u00e8ne expans\u00e9 sont qu&#8217;il s&#8217;agit d&#8217;un mat\u00e9riau d&#8217;isolation bon march\u00e9. En outre, il est facile \u00e0 travailler, durable et, surtout, il ne vieillit pas. Toutefois, l&#8217;avantage le plus important du polystyr\u00e8ne est sa r\u00e9sistance \u00e0 l&#8217;humidit\u00e9. Par rapport aux autres mat\u00e9riaux d&#8217;isolation, il est id\u00e9al pour isoler les murs, les sous-sols, les fondations et les toits et tous les endroits o\u00f9 il est difficile de retenir la chaleur. Ces zones sont principalement les joints entre les balcons et le plafond, les embrasures et les linteaux, et les rebords.<\/p>\n","protected":false},"excerpt":{"rendered":"<p>Nous sommes un fabricant de mat\u00e9riaux d&#8217;isolation en mousse de polystyr\u00e8ne, \u00e0 savoir les panneaux de polystyr\u00e8ne TYRON et le syst\u00e8me de toiture DACH TYRON. Notre usine est situ\u00e9e \u00e0 Kluczbork, dans la vo\u00efvodie d&#8217;Opole, et est la plus grande usine de la r\u00e9gion. Depuis notre cr\u00e9ation, nous utilisons des technologies avanc\u00e9es pour nous assurer [&hellip;]<\/p>\n","protected":false},"author":1,"featured_media":0,"parent":0,"menu_order":41,"comment_status":"closed","ping_status":"closed","template":"","meta":{"footnotes":""},"class_list":["post-330","page","type-page","status-publish","hentry"],"yoast_head":"<!-- This site is optimized with the Yoast SEO plugin v22.5 - https:\/\/yoast.com\/wordpress\/plugins\/seo\/ -->\n<title>\u00c0 propos de l&#039;entreprise - Tyron.pl - Producent Styropianu<\/title>\n<meta name=\"robots\" content=\"index, follow, max-snippet:-1, max-image-preview:large, max-video-preview:-1\" \/>\n<link rel=\"canonical\" href=\"https:\/\/tyron.pl\/fr\/o-firmie\/\" \/>\n<meta property=\"og:locale\" content=\"fr_FR\" \/>\n<meta property=\"og:type\" content=\"article\" \/>\n<meta property=\"og:title\" content=\"\u00c0 propos de l&#039;entreprise - Tyron.pl - Producent Styropianu\" \/>\n<meta property=\"og:description\" content=\"Nous sommes un fabricant de mat\u00e9riaux d&#8217;isolation en mousse de polystyr\u00e8ne, \u00e0 savoir les panneaux de polystyr\u00e8ne TYRON et le syst\u00e8me de toiture DACH TYRON. Notre usine est situ\u00e9e \u00e0 Kluczbork, dans la vo\u00efvodie d&#8217;Opole, et est la plus grande usine de la r\u00e9gion. Depuis notre cr\u00e9ation, nous utilisons des technologies avanc\u00e9es pour nous assurer [&hellip;]\" \/>\n<meta property=\"og:url\" content=\"https:\/\/tyron.pl\/fr\/o-firmie\/\" \/>\n<meta property=\"og:site_name\" content=\"Tyron.pl - Producent Styropianu\" \/>\n<meta property=\"article:modified_time\" content=\"2023-01-31T13:56:55+00:00\" \/>\n<meta property=\"og:image\" content=\"https:\/\/tyron.pl\/wp-content\/uploads\/2023\/01\/styropian_aqua_bez-nadruku-300x169.png\" \/>\n<meta name=\"twitter:card\" content=\"summary_large_image\" \/>\n<meta name=\"twitter:label1\" content=\"Dur\u00e9e de lecture estim\u00e9e\" \/>\n\t<meta name=\"twitter:data1\" content=\"2 minutes\" \/>\n<script type=\"application\/ld+json\" class=\"yoast-schema-graph\">{\"@context\":\"https:\/\/schema.org\",\"@graph\":[{\"@type\":\"WebPage\",\"@id\":\"https:\/\/tyron.pl\/fr\/o-firmie\/\",\"url\":\"https:\/\/tyron.pl\/fr\/o-firmie\/\",\"name\":\"\u00c0 propos de l'entreprise - Tyron.pl - Producent Styropianu\",\"isPartOf\":{\"@id\":\"https:\/\/tyron.pl\/#website\"},\"primaryImageOfPage\":{\"@id\":\"https:\/\/tyron.pl\/fr\/o-firmie\/#primaryimage\"},\"image\":{\"@id\":\"https:\/\/tyron.pl\/fr\/o-firmie\/#primaryimage\"},\"thumbnailUrl\":\"https:\/\/tyron.pl\/wp-content\/uploads\/2023\/01\/styropian_aqua_bez-nadruku-300x169.png\",\"datePublished\":\"2016-06-29T10:03:42+00:00\",\"dateModified\":\"2023-01-31T13:56:55+00:00\",\"breadcrumb\":{\"@id\":\"https:\/\/tyron.pl\/fr\/o-firmie\/#breadcrumb\"},\"inLanguage\":\"fr-FR\",\"potentialAction\":[{\"@type\":\"ReadAction\",\"target\":[\"https:\/\/tyron.pl\/fr\/o-firmie\/\"]}]},{\"@type\":\"ImageObject\",\"inLanguage\":\"fr-FR\",\"@id\":\"https:\/\/tyron.pl\/fr\/o-firmie\/#primaryimage\",\"url\":\"https:\/\/tyron.pl\/wp-content\/uploads\/2023\/01\/styropian_aqua_bez-nadruku-300x169.png\",\"contentUrl\":\"https:\/\/tyron.pl\/wp-content\/uploads\/2023\/01\/styropian_aqua_bez-nadruku-300x169.png\"},{\"@type\":\"BreadcrumbList\",\"@id\":\"https:\/\/tyron.pl\/fr\/o-firmie\/#breadcrumb\",\"itemListElement\":[{\"@type\":\"ListItem\",\"position\":1,\"name\":\"Strona g\u0142\u00f3wna\",\"item\":\"https:\/\/tyron.pl\/fr\/accueil\/\"},{\"@type\":\"ListItem\",\"position\":2,\"name\":\"\u00c0 propos de l&#8217;entreprise\"}]},{\"@type\":\"WebSite\",\"@id\":\"https:\/\/tyron.pl\/#website\",\"url\":\"https:\/\/tyron.pl\/\",\"name\":\"Tyron.pl - Producent Styropianu\",\"description\":\"\",\"publisher\":{\"@id\":\"https:\/\/tyron.pl\/#organization\"},\"potentialAction\":[{\"@type\":\"SearchAction\",\"target\":{\"@type\":\"EntryPoint\",\"urlTemplate\":\"https:\/\/tyron.pl\/?s={search_term_string}\"},\"query-input\":\"required name=search_term_string\"}],\"inLanguage\":\"fr-FR\"},{\"@type\":\"Organization\",\"@id\":\"https:\/\/tyron.pl\/#organization\",\"name\":\"Tyron.pl - Producent Styropianu\",\"url\":\"https:\/\/tyron.pl\/\",\"logo\":{\"@type\":\"ImageObject\",\"inLanguage\":\"fr-FR\",\"@id\":\"https:\/\/tyron.pl\/#\/schema\/logo\/image\/\",\"url\":\"https:\/\/tyron.pl\/wp-content\/uploads\/2023\/01\/tyron-logo-2022-pdf.jpg\",\"contentUrl\":\"https:\/\/tyron.pl\/wp-content\/uploads\/2023\/01\/tyron-logo-2022-pdf.jpg\",\"width\":400,\"height\":227,\"caption\":\"Tyron.pl - Producent Styropianu\"},\"image\":{\"@id\":\"https:\/\/tyron.pl\/#\/schema\/logo\/image\/\"}}]}<\/script>\n<!-- \/ Yoast SEO plugin. -->","yoast_head_json":{"title":"\u00c0 propos de l'entreprise - Tyron.pl - Producent Styropianu","robots":{"index":"index","follow":"follow","max-snippet":"max-snippet:-1","max-image-preview":"max-image-preview:large","max-video-preview":"max-video-preview:-1"},"canonical":"https:\/\/tyron.pl\/fr\/o-firmie\/","og_locale":"fr_FR","og_type":"article","og_title":"\u00c0 propos de l'entreprise - Tyron.pl - Producent Styropianu","og_description":"Nous sommes un fabricant de mat\u00e9riaux d&#8217;isolation en mousse de polystyr\u00e8ne, \u00e0 savoir les panneaux de polystyr\u00e8ne TYRON et le syst\u00e8me de toiture DACH TYRON. Notre usine est situ\u00e9e \u00e0 Kluczbork, dans la vo\u00efvodie d&#8217;Opole, et est la plus grande usine de la r\u00e9gion. Depuis notre cr\u00e9ation, nous utilisons des technologies avanc\u00e9es pour nous assurer [&hellip;]","og_url":"https:\/\/tyron.pl\/fr\/o-firmie\/","og_site_name":"Tyron.pl - Producent Styropianu","article_modified_time":"2023-01-31T13:56:55+00:00","og_image":[{"url":"https:\/\/tyron.pl\/wp-content\/uploads\/2023\/01\/styropian_aqua_bez-nadruku-300x169.png"}],"twitter_card":"summary_large_image","twitter_misc":{"Dur\u00e9e de lecture estim\u00e9e":"2 minutes"},"schema":{"@context":"https:\/\/schema.org","@graph":[{"@type":"WebPage","@id":"https:\/\/tyron.pl\/fr\/o-firmie\/","url":"https:\/\/tyron.pl\/fr\/o-firmie\/","name":"\u00c0 propos de l'entreprise - Tyron.pl - Producent Styropianu","isPartOf":{"@id":"https:\/\/tyron.pl\/#website"},"primaryImageOfPage":{"@id":"https:\/\/tyron.pl\/fr\/o-firmie\/#primaryimage"},"image":{"@id":"https:\/\/tyron.pl\/fr\/o-firmie\/#primaryimage"},"thumbnailUrl":"https:\/\/tyron.pl\/wp-content\/uploads\/2023\/01\/styropian_aqua_bez-nadruku-300x169.png","datePublished":"2016-06-29T10:03:42+00:00","dateModified":"2023-01-31T13:56:55+00:00","breadcrumb":{"@id":"https:\/\/tyron.pl\/fr\/o-firmie\/#breadcrumb"},"inLanguage":"fr-FR","potentialAction":[{"@type":"ReadAction","target":["https:\/\/tyron.pl\/fr\/o-firmie\/"]}]},{"@type":"ImageObject","inLanguage":"fr-FR","@id":"https:\/\/tyron.pl\/fr\/o-firmie\/#primaryimage","url":"https:\/\/tyron.pl\/wp-content\/uploads\/2023\/01\/styropian_aqua_bez-nadruku-300x169.png","contentUrl":"https:\/\/tyron.pl\/wp-content\/uploads\/2023\/01\/styropian_aqua_bez-nadruku-300x169.png"},{"@type":"BreadcrumbList","@id":"https:\/\/tyron.pl\/fr\/o-firmie\/#breadcrumb","itemListElement":[{"@type":"ListItem","position":1,"name":"Strona g\u0142\u00f3wna","item":"https:\/\/tyron.pl\/fr\/accueil\/"},{"@type":"ListItem","position":2,"name":"\u00c0 propos de l&#8217;entreprise"}]},{"@type":"WebSite","@id":"https:\/\/tyron.pl\/#website","url":"https:\/\/tyron.pl\/","name":"Tyron.pl - Producent Styropianu","description":"","publisher":{"@id":"https:\/\/tyron.pl\/#organization"},"potentialAction":[{"@type":"SearchAction","target":{"@type":"EntryPoint","urlTemplate":"https:\/\/tyron.pl\/?s={search_term_string}"},"query-input":"required name=search_term_string"}],"inLanguage":"fr-FR"},{"@type":"Organization","@id":"https:\/\/tyron.pl\/#organization","name":"Tyron.pl - Producent Styropianu","url":"https:\/\/tyron.pl\/","logo":{"@type":"ImageObject","inLanguage":"fr-FR","@id":"https:\/\/tyron.pl\/#\/schema\/logo\/image\/","url":"https:\/\/tyron.pl\/wp-content\/uploads\/2023\/01\/tyron-logo-2022-pdf.jpg","contentUrl":"https:\/\/tyron.pl\/wp-content\/uploads\/2023\/01\/tyron-logo-2022-pdf.jpg","width":400,"height":227,"caption":"Tyron.pl - Producent Styropianu"},"image":{"@id":"https:\/\/tyron.pl\/#\/schema\/logo\/image\/"}}]}},"_links":{"self":[{"href":"https:\/\/tyron.pl\/fr\/wp-json\/wp\/v2\/pages\/330","targetHints":{"allow":["GET"]}}],"collection":[{"href":"https:\/\/tyron.pl\/fr\/wp-json\/wp\/v2\/pages"}],"about":[{"href":"https:\/\/tyron.pl\/fr\/wp-json\/wp\/v2\/types\/page"}],"author":[{"embeddable":true,"href":"https:\/\/tyron.pl\/fr\/wp-json\/wp\/v2\/users\/1"}],"replies":[{"embeddable":true,"href":"https:\/\/tyron.pl\/fr\/wp-json\/wp\/v2\/comments?post=330"}],"version-history":[{"count":4,"href":"https:\/\/tyron.pl\/fr\/wp-json\/wp\/v2\/pages\/330\/revisions"}],"predecessor-version":[{"id":3242,"href":"https:\/\/tyron.pl\/fr\/wp-json\/wp\/v2\/pages\/330\/revisions\/3242"}],"wp:attachment":[{"href":"https:\/\/tyron.pl\/fr\/wp-json\/wp\/v2\/media?parent=330"}],"curies":[{"name":"wp","href":"https:\/\/api.w.org\/{rel}","templated":true}]}}