{"id":3331,"date":"2023-01-31T15:05:34","date_gmt":"2023-01-31T14:05:34","guid":{"rendered":"https:\/\/tyron.pl\/contact\/"},"modified":"2023-01-31T15:05:34","modified_gmt":"2023-01-31T14:05:34","slug":"contact","status":"publish","type":"page","link":"https:\/\/tyron.pl\/fr\/contact\/","title":{"rendered":"Contact"},"content":{"rendered":"\t\t<div data-elementor-type=\"wp-page\" data-elementor-id=\"3331\" class=\"elementor elementor-3331 elementor-14\" data-elementor-post-type=\"page\">\n\t\t\t\t\t\t<section class=\"elementor-section elementor-top-section elementor-element elementor-element-4d562f82 elementor-section-boxed elementor-section-height-default elementor-section-height-default\" data-id=\"4d562f82\" data-element_type=\"section\">\n\t\t\t\t\t\t<div class=\"elementor-container elementor-column-gap-default\">\n\t\t\t\t\t<div class=\"elementor-column elementor-col-100 elementor-top-column elementor-element elementor-element-6dc6a88c\" data-id=\"6dc6a88c\" data-element_type=\"column\">\n\t\t\t<div class=\"elementor-widget-wrap elementor-element-populated\">\n\t\t\t\t\t\t<section class=\"elementor-section elementor-inner-section elementor-element elementor-element-2f52bc3 elementor-section-boxed elementor-section-height-default elementor-section-height-default\" data-id=\"2f52bc3\" data-element_type=\"section\">\n\t\t\t\t\t\t<div class=\"elementor-container elementor-column-gap-default\">\n\t\t\t\t\t<div class=\"elementor-column elementor-col-50 elementor-inner-column elementor-element elementor-element-e75d1fb\" data-id=\"e75d1fb\" data-element_type=\"column\">\n\t\t\t<div class=\"elementor-widget-wrap elementor-element-populated\">\n\t\t\t\t\t\t<div class=\"elementor-element elementor-element-d6532d1 elementor-widget elementor-widget-text-editor\" data-id=\"d6532d1\" data-element_type=\"widget\" data-widget_type=\"text-editor.default\">\n\t\t\t\t<div class=\"elementor-widget-container\">\n\t\t\t<style>\/*! elementor - v3.21.0 - 25-04-2024 *\/\n.elementor-widget-text-editor.elementor-drop-cap-view-stacked .elementor-drop-cap{background-color:#69727d;color:#fff}.elementor-widget-text-editor.elementor-drop-cap-view-framed .elementor-drop-cap{color:#69727d;border:3px solid;background-color:transparent}.elementor-widget-text-editor:not(.elementor-drop-cap-view-default) .elementor-drop-cap{margin-top:8px}.elementor-widget-text-editor:not(.elementor-drop-cap-view-default) .elementor-drop-cap-letter{width:1em;height:1em}.elementor-widget-text-editor .elementor-drop-cap{float:left;text-align:center;line-height:1;font-size:50px}.elementor-widget-text-editor .elementor-drop-cap-letter{display:inline-block}<\/style>\t\t\t\t<h4>D\u00e9tails de l&#8217;adresse :<\/h4>\n<p><strong>Tyron Sp. z o.o.<\/strong><br \/>ul. Sienkiewicza 22, 46-200 Kluczbork<br \/>NIP 754-28-68-419<br \/>REGONFLEMENT 160083743<\/p>\n<h4>Secr\u00e9tariat\/D\u00e9partement marketing<\/h4>\n<p><strong>Ewelina Gryc<\/strong><br \/>t\u00e9l. 77 \/ 541 18 00<br \/>e-mail : <a href=\"mailto:biuro@tyron.pl\">biuro@tyron.pl<\/a><\/p>\n<h4>D\u00e9partement du service client\u00e8le<\/h4>\n<p><strong>Ilona Mieszczanska<\/strong><br \/>t\u00e9l. 77 \/ 541 18 01<br \/>com : 660 697 846<br \/>e-mail : <a href=\"mailto:handel@tyron.pl\">handel@tyron.pl<\/a><\/p>\n<p><strong>Monika Polak<\/strong><br \/>t\u00e9l. 77 \/ 541 18 03<br \/>e-mail : <a href=\"mailto:handel@tyron.pl\">handel@tyron.pl<\/a><\/p>\n\t\t\t\t\t\t<\/div>\n\t\t\t\t<\/div>\n\t\t\t\t\t<\/div>\n\t\t<\/div>\n\t\t\t\t<div class=\"elementor-column elementor-col-50 elementor-inner-column elementor-element elementor-element-23e1f75\" data-id=\"23e1f75\" data-element_type=\"column\">\n\t\t\t<div class=\"elementor-widget-wrap elementor-element-populated\">\n\t\t\t\t\t\t<div class=\"elementor-element elementor-element-240ecc21 elementor-widget elementor-widget-text-editor\" data-id=\"240ecc21\" data-element_type=\"widget\" data-widget_type=\"text-editor.default\">\n\t\t\t\t<div class=\"elementor-widget-container\">\n\t\t\t\t\t\t\t<h4>Factures<\/h4>\n<p><strong>Katarzyna Tkaczyk<\/strong><br \/>t\u00e9l. 77 \/ 541 18 05<br \/>com : 660 697 098<br \/>e-mail : <a href=\"mailto:faktury@tyron.pl\">faktury@tyron.pl<\/a><\/p>\n<h4>D\u00e9partement de la production<\/h4>\n<p><strong>Anna Michalewicz<\/strong><br \/>t\u00e9l. 77 \/ 541 18 06<br \/>com : 660 697 658<br \/>e-mail : <a href=\"mailto:anna.michalewicz@tyron.pl\">anna.michalewicz@tyron.pl<\/a><\/p>\n<p><strong>Monika Jainta<\/strong><br \/>t\u00e9l. 77 \/ 541 18 17<br \/>com : 692 473 684<br \/>e-mail : <a href=\"mailto:produkcja@tyron.pl\">produkcja@tyron.pl<\/a><\/p>\n<h4>Comptabilit\u00e9<\/h4>\n<p><strong>Bo\u017cena Go\u0142\u0105b<\/strong><br \/>t\u00e9l. 77 \/ 541 18 11<br \/>e-mail : <a href=\"mailto:bozena.golab@tyron.pl\">bozena.golab@tyron.pl<\/a><\/p>\n\t\t\t\t\t\t<\/div>\n\t\t\t\t<\/div>\n\t\t\t\t\t<\/div>\n\t\t<\/div>\n\t\t\t\t\t<\/div>\n\t\t<\/section>\n\t\t\t\t<div class=\"elementor-element elementor-element-74df46a elementor-widget elementor-widget-heading\" data-id=\"74df46a\" data-element_type=\"widget\" data-widget_type=\"heading.default\">\n\t\t\t\t<div class=\"elementor-widget-container\">\n\t\t\t<style>\/*! elementor - v3.21.0 - 25-04-2024 *\/\n.elementor-heading-title{padding:0;margin:0;line-height:1}.elementor-widget-heading .elementor-heading-title[class*=elementor-size-]>a{color:inherit;font-size:inherit;line-height:inherit}.elementor-widget-heading .elementor-heading-title.elementor-size-small{font-size:15px}.elementor-widget-heading .elementor-heading-title.elementor-size-medium{font-size:19px}.elementor-widget-heading .elementor-heading-title.elementor-size-large{font-size:29px}.elementor-widget-heading .elementor-heading-title.elementor-size-xl{font-size:39px}.elementor-widget-heading .elementor-heading-title.elementor-size-xxl{font-size:59px}<\/style><h4 class=\"elementor-heading-title elementor-size-medium\">Repr\u00e9sentants des ventes :<\/h4>\t\t<\/div>\n\t\t\t\t<\/div>\n\t\t\t\t\t<\/div>\n\t\t<\/div>\n\t\t\t\t\t<\/div>\n\t\t<\/section>\n\t\t\t\t<section class=\"elementor-section elementor-top-section elementor-element elementor-element-51d5741 elementor-section-boxed elementor-section-height-default elementor-section-height-default\" data-id=\"51d5741\" data-element_type=\"section\">\n\t\t\t\t\t\t<div class=\"elementor-container elementor-column-gap-default\">\n\t\t\t\t\t<div class=\"elementor-column elementor-col-100 elementor-top-column elementor-element elementor-element-96135ee\" data-id=\"96135ee\" data-element_type=\"column\">\n\t\t\t<div class=\"elementor-widget-wrap elementor-element-populated\">\n\t\t\t\t\t\t<section class=\"elementor-section elementor-inner-section elementor-element elementor-element-8cd88c3 elementor-section-boxed elementor-section-height-default elementor-section-height-default\" data-id=\"8cd88c3\" data-element_type=\"section\">\n\t\t\t\t\t\t<div class=\"elementor-container elementor-column-gap-default\">\n\t\t\t\t\t<div class=\"elementor-column elementor-col-50 elementor-inner-column elementor-element elementor-element-52b4ddb\" data-id=\"52b4ddb\" data-element_type=\"column\">\n\t\t\t<div class=\"elementor-widget-wrap elementor-element-populated\">\n\t\t\t\t\t\t<div class=\"elementor-element elementor-element-467ae9d elementor-widget elementor-widget-text-editor\" data-id=\"467ae9d\" data-element_type=\"widget\" data-widget_type=\"text-editor.default\">\n\t\t\t\t<div class=\"elementor-widget-container\">\n\t\t\t\t\t\t\t<h4>Lukasz Pe\u0142ka &#8211; Syst\u00e8mes de chute et raccords<\/h4>\n<p>T\u00e9l.+48 660 697 309<br \/><a href=\"mailto:lukasz.pelka@tyron.pl\">lukasz.pelka@tyron.pl<\/a><\/p>\n<h4>Jaros\u0142aw Kosta<\/h4>\n<p>woj. Petite Pologne \/ Sil\u00e9sie \/ \u015awi\u0119tokrzyskie<\/p>\n<p>T\u00e9l.+48 660 696 337<br \/><a href=\"mailto:j.kosta@tyron.pl\">j.kosta@tyron.pl<\/a><\/p>\n\t\t\t\t\t\t<\/div>\n\t\t\t\t<\/div>\n\t\t\t\t\t<\/div>\n\t\t<\/div>\n\t\t\t\t<div class=\"elementor-column elementor-col-50 elementor-inner-column elementor-element elementor-element-f225550\" data-id=\"f225550\" data-element_type=\"column\">\n\t\t\t<div class=\"elementor-widget-wrap elementor-element-populated\">\n\t\t\t\t\t\t<div class=\"elementor-element elementor-element-0d15408 elementor-widget elementor-widget-text-editor\" data-id=\"0d15408\" data-element_type=\"widget\" data-widget_type=\"text-editor.default\">\n\t\t\t\t<div class=\"elementor-widget-container\">\n\t\t\t\t\t\t\t<h4>Wieslaw Twardygrosz<\/h4>\n<p>woj. Wielkopolskie \/ Lubuskie \/ Dolno\u015bl\u0105skie<\/p>\n<p>T\u00e9l.+48 608 332 572<br \/><a href=\"mailto:wieslaw.twardygrosz@tyron.pl\">wieslaw.twardygrosz@tyron.pl<\/a><\/p>\n<h4>Marek Radlok<\/h4>\n<p>woj. Opolskie<\/p>\n<p>T\u00e9l.+48 608 565 023<br \/><a href=\"mailto:marek.radlok@tyron.pl\">marek.radlok@tyron.pl<\/a><\/p>\n\t\t\t\t\t\t<\/div>\n\t\t\t\t<\/div>\n\t\t\t\t\t<\/div>\n\t\t<\/div>\n\t\t\t\t\t<\/div>\n\t\t<\/section>\n\t\t\t\t\t<\/div>\n\t\t<\/div>\n\t\t\t\t\t<\/div>\n\t\t<\/section>\n\t\t\t\t<section class=\"elementor-section elementor-top-section elementor-element elementor-element-0409a34 elementor-section-boxed elementor-section-height-default elementor-section-height-default\" data-id=\"0409a34\" data-element_type=\"section\">\n\t\t\t\t\t\t<div class=\"elementor-container elementor-column-gap-default\">\n\t\t\t\t\t<div class=\"elementor-column elementor-col-100 elementor-top-column elementor-element elementor-element-28d4a50\" data-id=\"28d4a50\" data-element_type=\"column\">\n\t\t\t<div class=\"elementor-widget-wrap elementor-element-populated\">\n\t\t\t\t\t\t<div class=\"elementor-element elementor-element-5c23a3a elementor-widget elementor-widget-heading\" data-id=\"5c23a3a\" data-element_type=\"widget\" data-widget_type=\"heading.default\">\n\t\t\t\t<div class=\"elementor-widget-container\">\n\t\t\t<h4 class=\"elementor-heading-title elementor-size-medium\">Nous contacter | Formulaire de contact<\/h4>\t\t<\/div>\n\t\t\t\t<\/div>\n\t\t\t\t<div class=\"elementor-element elementor-element-6aca46f elementor-widget elementor-widget-html\" data-id=\"6aca46f\" data-element_type=\"widget\" data-widget_type=\"html.default\">\n\t\t\t\t<div class=\"elementor-widget-container\">\n\t\t\t\n<div class=\"wpcf7 no-js\" id=\"wpcf7-f1087-o1\" lang=\"pl-PL\" dir=\"ltr\">\n<div class=\"screen-reader-response\"><p role=\"status\" aria-live=\"polite\" aria-atomic=\"true\"><\/p> <ul><\/ul><\/div>\n<form action=\"\/fr\/wp-json\/wp\/v2\/pages\/3331#wpcf7-f1087-o1\" method=\"post\" class=\"wpcf7-form init\" aria-label=\"Formularz kontaktowy\" novalidate=\"novalidate\" data-status=\"init\">\n<div style=\"display: none;\">\n<input type=\"hidden\" name=\"_wpcf7\" value=\"1087\" \/>\n<input type=\"hidden\" name=\"_wpcf7_version\" value=\"5.8.1\" \/>\n<input type=\"hidden\" name=\"_wpcf7_locale\" value=\"pl_PL\" \/>\n<input type=\"hidden\" name=\"_wpcf7_unit_tag\" value=\"wpcf7-f1087-o1\" \/>\n<input type=\"hidden\" name=\"_wpcf7_container_post\" value=\"0\" \/>\n<input type=\"hidden\" name=\"_wpcf7_posted_data_hash\" value=\"\" \/>\n<\/div>\n<p><label> Imi\u0119<br \/>\n<span class=\"wpcf7-form-control-wrap\" data-name=\"your-name\"><input size=\"40\" class=\"wpcf7-form-control wpcf7-text wpcf7-validates-as-required\" aria-required=\"true\" aria-invalid=\"false\" value=\"\" type=\"text\" name=\"your-name\" \/><\/span> <\/label>\n<\/p>\n<p><label> Tw\u00f3j email<br \/>\n<span class=\"wpcf7-form-control-wrap\" data-name=\"your-email\"><input size=\"40\" class=\"wpcf7-form-control wpcf7-email wpcf7-validates-as-required wpcf7-text wpcf7-validates-as-email\" aria-required=\"true\" aria-invalid=\"false\" value=\"\" type=\"email\" name=\"your-email\" \/><\/span> <\/label>\n<\/p>\n<p><label> Telefon do kontaktu<br \/>\n<span class=\"wpcf7-form-control-wrap\" data-name=\"tel-67\"><input size=\"40\" class=\"wpcf7-form-control wpcf7-tel wpcf7-validates-as-required wpcf7-text wpcf7-validates-as-tel\" aria-required=\"true\" aria-invalid=\"false\" value=\"\" type=\"tel\" name=\"tel-67\" \/><\/span><\/label>\n<\/p>\n<p><label> Temat<br \/>\n<span class=\"wpcf7-form-control-wrap\" data-name=\"your-subject\"><input size=\"40\" class=\"wpcf7-form-control wpcf7-text wpcf7-validates-as-required\" aria-required=\"true\" aria-invalid=\"false\" value=\"\" type=\"text\" name=\"your-subject\" \/><\/span> <\/label>\n<\/p>\n<p><label> Wiadomo\u015b\u0107<br \/>\n<span class=\"wpcf7-form-control-wrap\" data-name=\"your-message\"><textarea cols=\"40\" rows=\"10\" class=\"wpcf7-form-control wpcf7-textarea\" aria-invalid=\"false\" name=\"your-message\"><\/textarea><\/span> <\/label>\n<\/p>\n<p><input class=\"wpcf7-form-control wpcf7-submit has-spinner\" type=\"submit\" value=\"Wy\u015blij\" \/>\n<\/p><div class=\"wpcf7-response-output\" aria-hidden=\"true\"><\/div>\n<\/form>\n<\/div>\n\t\t<\/div>\n\t\t\t\t<\/div>\n\t\t\t\t<div class=\"elementor-element elementor-element-d439384 elementor-widget elementor-widget-text-editor\" data-id=\"d439384\" data-element_type=\"widget\" data-widget_type=\"text-editor.default\">\n\t\t\t\t<div class=\"elementor-widget-container\">\n\t\t\t\t\t\t\t<p><em><span style=\"color: #ff6600;\">* Vous recevrez une offre ou serez contact\u00e9 dans les 48 heures.<\/span><\/em><\/p>\n\t\t\t\t\t\t<\/div>\n\t\t\t\t<\/div>\n\t\t\t\t\t<\/div>\n\t\t<\/div>\n\t\t\t\t\t<\/div>\n\t\t<\/section>\n\t\t\t\t<section class=\"elementor-section elementor-top-section elementor-element elementor-element-19e2644 elementor-section-boxed elementor-section-height-default elementor-section-height-default\" data-id=\"19e2644\" data-element_type=\"section\">\n\t\t\t\t\t\t<div class=\"elementor-container elementor-column-gap-default\">\n\t\t\t\t\t<div class=\"elementor-column elementor-col-100 elementor-top-column elementor-element elementor-element-5a47365\" data-id=\"5a47365\" data-element_type=\"column\">\n\t\t\t<div class=\"elementor-widget-wrap elementor-element-populated\">\n\t\t\t\t\t\t<div class=\"elementor-element elementor-element-d936fd9 elementor-widget elementor-widget-heading\" data-id=\"d936fd9\" data-element_type=\"widget\" data-widget_type=\"heading.default\">\n\t\t\t\t<div class=\"elementor-widget-container\">\n\t\t\t<h4 class=\"elementor-heading-title elementor-size-medium\">Comment nous joindre ?<\/h4>\t\t<\/div>\n\t\t\t\t<\/div>\n\t\t\t\t<div class=\"elementor-element elementor-element-333512e elementor-widget elementor-widget-html\" data-id=\"333512e\" data-element_type=\"widget\" data-widget_type=\"html.default\">\n\t\t\t\t<div class=\"elementor-widget-container\">\n\t\t\t<iframe src=\"https:\/\/www.google.com\/maps\/embed?pb=!1m18!1m12!1m3!1d4224.8550662504485!2d18.196293003947208!3d50.9770861398317!2m3!1f0!2f0!3f0!3m2!1i1024!2i768!4f13.1!3m3!1m2!1s0x47106126263129ed:0xb363f9308054078c!2sTyron+Sp.+z+o.o.!5e0!3m2!1spl!2spl!4v1469789906030\" width=\"1140\" height=\"600\" frameborder=\"0\" style=\"border:0\" allowfullscreen=\"\"><\/iframe>\t\t<\/div>\n\t\t\t\t<\/div>\n\t\t\t\t\t<\/div>\n\t\t<\/div>\n\t\t\t\t\t<\/div>\n\t\t<\/section>\n\t\t\t\t<\/div>\n\t\t","protected":false},"excerpt":{"rendered":"<p>D\u00e9tails de l&#8217;adresse : Tyron Sp. z o.o.ul. Sienkiewicza 22, 46-200 KluczborkNIP 754-28-68-419REGONFLEMENT 160083743 Secr\u00e9tariat\/D\u00e9partement marketing Ewelina Gryct\u00e9l. 77 \/ 541 18 00e-mail : biuro@tyron.pl D\u00e9partement du service client\u00e8le Ilona Mieszczanskat\u00e9l. 77 \/ 541 18 01com : 660 697 846e-mail : handel@tyron.pl Monika Polakt\u00e9l. 77 \/ 541 18 03e-mail : handel@tyron.pl Factures Katarzyna Tkaczykt\u00e9l. 77 [&hellip;]<\/p>\n","protected":false},"author":1,"featured_media":0,"parent":0,"menu_order":33,"comment_status":"closed","ping_status":"closed","template":"","meta":{"footnotes":""},"class_list":["post-3331","page","type-page","status-publish","hentry"],"yoast_head":"<!-- This site is optimized with the Yoast SEO plugin v22.5 - https:\/\/yoast.com\/wordpress\/plugins\/seo\/ -->\n<title>Contact - Tyron.pl - Producent Styropianu<\/title>\n<meta name=\"robots\" content=\"index, follow, max-snippet:-1, max-image-preview:large, max-video-preview:-1\" \/>\n<link rel=\"canonical\" href=\"https:\/\/tyron.pl\/fr\/contact\/\" \/>\n<meta property=\"og:locale\" content=\"fr_FR\" \/>\n<meta property=\"og:type\" content=\"article\" \/>\n<meta property=\"og:title\" content=\"Contact - Tyron.pl - Producent Styropianu\" \/>\n<meta property=\"og:description\" content=\"D\u00e9tails de l&#8217;adresse : Tyron Sp. z o.o.ul. Sienkiewicza 22, 46-200 KluczborkNIP 754-28-68-419REGONFLEMENT 160083743 Secr\u00e9tariat\/D\u00e9partement marketing Ewelina Gryct\u00e9l. 77 \/ 541 18 00e-mail : biuro@tyron.pl D\u00e9partement du service client\u00e8le Ilona Mieszczanskat\u00e9l. 77 \/ 541 18 01com : 660 697 846e-mail : handel@tyron.pl Monika Polakt\u00e9l. 77 \/ 541 18 03e-mail : handel@tyron.pl Factures Katarzyna Tkaczykt\u00e9l. 77 [&hellip;]\" \/>\n<meta property=\"og:url\" content=\"https:\/\/tyron.pl\/fr\/contact\/\" \/>\n<meta property=\"og:site_name\" content=\"Tyron.pl - Producent Styropianu\" \/>\n<meta name=\"twitter:card\" content=\"summary_large_image\" \/>\n<meta name=\"twitter:label1\" content=\"Dur\u00e9e de lecture estim\u00e9e\" \/>\n\t<meta name=\"twitter:data1\" content=\"1 minute\" \/>\n<script type=\"application\/ld+json\" class=\"yoast-schema-graph\">{\"@context\":\"https:\/\/schema.org\",\"@graph\":[{\"@type\":\"WebPage\",\"@id\":\"https:\/\/tyron.pl\/fr\/contact\/\",\"url\":\"https:\/\/tyron.pl\/fr\/contact\/\",\"name\":\"Contact - Tyron.pl - Producent Styropianu\",\"isPartOf\":{\"@id\":\"https:\/\/tyron.pl\/#website\"},\"datePublished\":\"2023-01-31T14:05:34+00:00\",\"dateModified\":\"2023-01-31T14:05:34+00:00\",\"breadcrumb\":{\"@id\":\"https:\/\/tyron.pl\/fr\/contact\/#breadcrumb\"},\"inLanguage\":\"fr-FR\",\"potentialAction\":[{\"@type\":\"ReadAction\",\"target\":[\"https:\/\/tyron.pl\/fr\/contact\/\"]}]},{\"@type\":\"BreadcrumbList\",\"@id\":\"https:\/\/tyron.pl\/fr\/contact\/#breadcrumb\",\"itemListElement\":[{\"@type\":\"ListItem\",\"position\":1,\"name\":\"Strona g\u0142\u00f3wna\",\"item\":\"https:\/\/tyron.pl\/fr\/accueil\/\"},{\"@type\":\"ListItem\",\"position\":2,\"name\":\"Contact\"}]},{\"@type\":\"WebSite\",\"@id\":\"https:\/\/tyron.pl\/#website\",\"url\":\"https:\/\/tyron.pl\/\",\"name\":\"Tyron.pl - Producent Styropianu\",\"description\":\"\",\"publisher\":{\"@id\":\"https:\/\/tyron.pl\/#organization\"},\"potentialAction\":[{\"@type\":\"SearchAction\",\"target\":{\"@type\":\"EntryPoint\",\"urlTemplate\":\"https:\/\/tyron.pl\/?s={search_term_string}\"},\"query-input\":\"required name=search_term_string\"}],\"inLanguage\":\"fr-FR\"},{\"@type\":\"Organization\",\"@id\":\"https:\/\/tyron.pl\/#organization\",\"name\":\"Tyron.pl - Producent Styropianu\",\"url\":\"https:\/\/tyron.pl\/\",\"logo\":{\"@type\":\"ImageObject\",\"inLanguage\":\"fr-FR\",\"@id\":\"https:\/\/tyron.pl\/#\/schema\/logo\/image\/\",\"url\":\"https:\/\/tyron.pl\/wp-content\/uploads\/2023\/01\/tyron-logo-2022-pdf.jpg\",\"contentUrl\":\"https:\/\/tyron.pl\/wp-content\/uploads\/2023\/01\/tyron-logo-2022-pdf.jpg\",\"width\":400,\"height\":227,\"caption\":\"Tyron.pl - Producent Styropianu\"},\"image\":{\"@id\":\"https:\/\/tyron.pl\/#\/schema\/logo\/image\/\"}}]}<\/script>\n<!-- \/ Yoast SEO plugin. -->","yoast_head_json":{"title":"Contact - Tyron.pl - Producent Styropianu","robots":{"index":"index","follow":"follow","max-snippet":"max-snippet:-1","max-image-preview":"max-image-preview:large","max-video-preview":"max-video-preview:-1"},"canonical":"https:\/\/tyron.pl\/fr\/contact\/","og_locale":"fr_FR","og_type":"article","og_title":"Contact - Tyron.pl - Producent Styropianu","og_description":"D\u00e9tails de l&#8217;adresse : Tyron Sp. z o.o.ul. Sienkiewicza 22, 46-200 KluczborkNIP 754-28-68-419REGONFLEMENT 160083743 Secr\u00e9tariat\/D\u00e9partement marketing Ewelina Gryct\u00e9l. 77 \/ 541 18 00e-mail : biuro@tyron.pl D\u00e9partement du service client\u00e8le Ilona Mieszczanskat\u00e9l. 77 \/ 541 18 01com : 660 697 846e-mail : handel@tyron.pl Monika Polakt\u00e9l. 77 \/ 541 18 03e-mail : handel@tyron.pl Factures Katarzyna Tkaczykt\u00e9l. 77 [&hellip;]","og_url":"https:\/\/tyron.pl\/fr\/contact\/","og_site_name":"Tyron.pl - Producent Styropianu","twitter_card":"summary_large_image","twitter_misc":{"Dur\u00e9e de lecture estim\u00e9e":"1 minute"},"schema":{"@context":"https:\/\/schema.org","@graph":[{"@type":"WebPage","@id":"https:\/\/tyron.pl\/fr\/contact\/","url":"https:\/\/tyron.pl\/fr\/contact\/","name":"Contact - Tyron.pl - Producent Styropianu","isPartOf":{"@id":"https:\/\/tyron.pl\/#website"},"datePublished":"2023-01-31T14:05:34+00:00","dateModified":"2023-01-31T14:05:34+00:00","breadcrumb":{"@id":"https:\/\/tyron.pl\/fr\/contact\/#breadcrumb"},"inLanguage":"fr-FR","potentialAction":[{"@type":"ReadAction","target":["https:\/\/tyron.pl\/fr\/contact\/"]}]},{"@type":"BreadcrumbList","@id":"https:\/\/tyron.pl\/fr\/contact\/#breadcrumb","itemListElement":[{"@type":"ListItem","position":1,"name":"Strona g\u0142\u00f3wna","item":"https:\/\/tyron.pl\/fr\/accueil\/"},{"@type":"ListItem","position":2,"name":"Contact"}]},{"@type":"WebSite","@id":"https:\/\/tyron.pl\/#website","url":"https:\/\/tyron.pl\/","name":"Tyron.pl - Producent Styropianu","description":"","publisher":{"@id":"https:\/\/tyron.pl\/#organization"},"potentialAction":[{"@type":"SearchAction","target":{"@type":"EntryPoint","urlTemplate":"https:\/\/tyron.pl\/?s={search_term_string}"},"query-input":"required name=search_term_string"}],"inLanguage":"fr-FR"},{"@type":"Organization","@id":"https:\/\/tyron.pl\/#organization","name":"Tyron.pl - Producent Styropianu","url":"https:\/\/tyron.pl\/","logo":{"@type":"ImageObject","inLanguage":"fr-FR","@id":"https:\/\/tyron.pl\/#\/schema\/logo\/image\/","url":"https:\/\/tyron.pl\/wp-content\/uploads\/2023\/01\/tyron-logo-2022-pdf.jpg","contentUrl":"https:\/\/tyron.pl\/wp-content\/uploads\/2023\/01\/tyron-logo-2022-pdf.jpg","width":400,"height":227,"caption":"Tyron.pl - Producent Styropianu"},"image":{"@id":"https:\/\/tyron.pl\/#\/schema\/logo\/image\/"}}]}},"_links":{"self":[{"href":"https:\/\/tyron.pl\/fr\/wp-json\/wp\/v2\/pages\/3331","targetHints":{"allow":["GET"]}}],"collection":[{"href":"https:\/\/tyron.pl\/fr\/wp-json\/wp\/v2\/pages"}],"about":[{"href":"https:\/\/tyron.pl\/fr\/wp-json\/wp\/v2\/types\/page"}],"author":[{"embeddable":true,"href":"https:\/\/tyron.pl\/fr\/wp-json\/wp\/v2\/users\/1"}],"replies":[{"embeddable":true,"href":"https:\/\/tyron.pl\/fr\/wp-json\/wp\/v2\/comments?post=3331"}],"version-history":[{"count":1,"href":"https:\/\/tyron.pl\/fr\/wp-json\/wp\/v2\/pages\/3331\/revisions"}],"predecessor-version":[{"id":3332,"href":"https:\/\/tyron.pl\/fr\/wp-json\/wp\/v2\/pages\/3331\/revisions\/3332"}],"wp:attachment":[{"href":"https:\/\/tyron.pl\/fr\/wp-json\/wp\/v2\/media?parent=3331"}],"curies":[{"name":"wp","href":"https:\/\/api.w.org\/{rel}","templated":true}]}}