{"id":3342,"date":"2023-01-31T15:08:09","date_gmt":"2023-01-31T14:08:09","guid":{"rendered":"https:\/\/tyron.pl\/produits-tyron\/tyron-facade-eko-eps-70-040\/"},"modified":"2023-01-31T15:08:09","modified_gmt":"2023-01-31T14:08:09","slug":"tyron-facade-eko-eps-70-040","status":"publish","type":"page","link":"https:\/\/tyron.pl\/fr\/produits-tyron\/tyron-facade-eko-eps-70-040\/","title":{"rendered":"TYRON FACADE EKO EPS 70 &#8211; 040"},"content":{"rendered":"<p><strong>Code produit :  <\/strong><strong> <\/strong><\/p>\n<p>EPS EN 13163 T2-L3-W3-S5-P10-CS(10)70-DS(N)5-DS(70,-)2-TR80.<\/p>\n<p>Les panneaux de polystyr\u00e8ne<strong> TYRON FASADA EKO EPS 70 &#8211; 040 <\/strong>sont fabriqu\u00e9s \u00e0 partir de polystyr\u00e8ne expans\u00e9. Lors de la production, nous utilisons des technologies avanc\u00e9es qui garantissent la plus haute qualit\u00e9.<\/p>\n<p>&nbsp;<\/p>\n<p><strong>Caract\u00e9ristiques techniques :<\/strong><\/p>\n<ul>\n<li>R\u00e9action au feu : EUROCLASSE <strong>E<\/strong><\/li>\n<li>Coefficient de conductivit\u00e9 thermique<strong> 0,040 W\/mK<\/strong><\/li>\n<li>R\u00e9sistance \u00e0 la traction perpendiculaire aux faces <strong>\u2265 80 kPa<\/strong>.<\/li>\n<li>Contrainte de compression pour une d\u00e9formation de 10 % <strong>\u2265 70 kPa<\/strong>.<\/li>\n<li>Dimensions standard : 1000 x 500 mm<\/li>\n<li>\u00c9paisseur : 10 &#8211; 250 mm<\/li>\n<li>Bords droits ou frais\u00e9s<\/li>\n<\/ul>\n<p>&nbsp;<\/p>\n<p><strong>Application<\/strong>:<\/p>\n<ul>\n<li>Isolation thermique des plafonds par le bas en BSO ;<\/li>\n<li>Isolation thermique des plafonds avec bardage en dessous ;<\/li>\n<li>l&#8217;isolation thermique des planchers entre les solives ;<\/li>\n<li>Isolation thermique des plafonds \u00e0 ossature l\u00e9g\u00e8re en bois avec bardage ;<\/li>\n<li>l&#8217;isolation thermique entre les toits ;<\/li>\n<li>Isolation thermique des toits plats ventil\u00e9s ;<\/li>\n<li>l&#8217;isolation thermique des murs en syst\u00e8mes d&#8217;isolation composite ext\u00e9rieure BSO (m\u00e9thode light-wet) ;<\/li>\n<li>isolation thermique des rebords r\u00e9alis\u00e9s en coffrage perdu sous le pl\u00e2tre ;<\/li>\n<li>l&#8217;isolation thermique des linteaux et des embrasures ;<\/li>\n<li>l&#8217;isolation thermique dans les panneaux sandwichs pr\u00e9fabriqu\u00e9s ;<\/li>\n<li>Isolation thermique des murs avec \u00e9l\u00e9ments de bardage et lame d&#8217;air ventil\u00e9e ;<\/li>\n<li>Isolation thermique des murs avec bardage \u00e0 ossature bois ;<\/li>\n<li>l&#8217;isolation thermique dans les constructions de cloisons int\u00e9rieures.<\/li>\n<\/ul>\n<p>&nbsp;<\/p>\n<p><strong>TYRON FASADA EKO EPS 70 &#8211; 040<\/strong> est conforme \u00e0 la norme PN-EN 13163:2012+A1:2015 et dispose d&#8217;un certificat de conformit\u00e9 d\u00e9livr\u00e9 par le Centre polonais d&#8217;essais et de certification S.A. et l&#8217;Institut de la technologie du b\u00e2timent de Varsovie.<\/p>\n","protected":false},"excerpt":{"rendered":"<p>Code produit : EPS EN 13163 T2-L3-W3-S5-P10-CS(10)70-DS(N)5-DS(70,-)2-TR80. Les panneaux de polystyr\u00e8ne TYRON FASADA EKO EPS 70 &#8211; 040 sont fabriqu\u00e9s \u00e0 partir de polystyr\u00e8ne expans\u00e9. Lors de la production, nous utilisons des technologies avanc\u00e9es qui garantissent la plus haute qualit\u00e9. &nbsp; Caract\u00e9ristiques techniques : R\u00e9action au feu : EUROCLASSE E Coefficient de conductivit\u00e9 thermique 0,040 [&hellip;]<\/p>\n","protected":false},"author":3,"featured_media":0,"parent":3188,"menu_order":120,"comment_status":"closed","ping_status":"closed","template":"","meta":{"footnotes":""},"class_list":["post-3342","page","type-page","status-publish","hentry"],"yoast_head":"<!-- This site is optimized with the Yoast SEO plugin v22.5 - https:\/\/yoast.com\/wordpress\/plugins\/seo\/ -->\n<title>TYRON FACADE EKO EPS 70 - 040 - Tyron.pl - Producent Styropianu<\/title>\n<meta name=\"robots\" content=\"index, follow, max-snippet:-1, max-image-preview:large, max-video-preview:-1\" \/>\n<link rel=\"canonical\" href=\"https:\/\/tyron.pl\/produits-tyron\/tyron-facade-eko-eps-70-040\/\" \/>\n<meta property=\"og:locale\" content=\"fr_FR\" \/>\n<meta property=\"og:type\" content=\"article\" \/>\n<meta property=\"og:title\" content=\"TYRON FACADE EKO EPS 70 - 040 - Tyron.pl - Producent Styropianu\" \/>\n<meta property=\"og:description\" content=\"Code produit : EPS EN 13163 T2-L3-W3-S5-P10-CS(10)70-DS(N)5-DS(70,-)2-TR80. Les panneaux de polystyr\u00e8ne TYRON FASADA EKO EPS 70 &#8211; 040 sont fabriqu\u00e9s \u00e0 partir de polystyr\u00e8ne expans\u00e9. Lors de la production, nous utilisons des technologies avanc\u00e9es qui garantissent la plus haute qualit\u00e9. &nbsp; Caract\u00e9ristiques techniques : R\u00e9action au feu : EUROCLASSE E Coefficient de conductivit\u00e9 thermique 0,040 [&hellip;]\" \/>\n<meta property=\"og:url\" content=\"https:\/\/tyron.pl\/produits-tyron\/tyron-facade-eko-eps-70-040\/\" \/>\n<meta property=\"og:site_name\" content=\"Tyron.pl - Producent Styropianu\" \/>\n<meta name=\"twitter:card\" content=\"summary_large_image\" \/>\n<meta name=\"twitter:label1\" content=\"Dur\u00e9e de lecture estim\u00e9e\" \/>\n\t<meta name=\"twitter:data1\" content=\"1 minute\" \/>\n<script type=\"application\/ld+json\" class=\"yoast-schema-graph\">{\"@context\":\"https:\/\/schema.org\",\"@graph\":[{\"@type\":\"WebPage\",\"@id\":\"https:\/\/tyron.pl\/produits-tyron\/tyron-facade-eko-eps-70-040\/\",\"url\":\"https:\/\/tyron.pl\/produits-tyron\/tyron-facade-eko-eps-70-040\/\",\"name\":\"TYRON FACADE EKO EPS 70 - 040 - Tyron.pl - Producent Styropianu\",\"isPartOf\":{\"@id\":\"https:\/\/tyron.pl\/#website\"},\"datePublished\":\"2023-01-31T14:08:09+00:00\",\"dateModified\":\"2023-01-31T14:08:09+00:00\",\"breadcrumb\":{\"@id\":\"https:\/\/tyron.pl\/produits-tyron\/tyron-facade-eko-eps-70-040\/#breadcrumb\"},\"inLanguage\":\"fr-FR\",\"potentialAction\":[{\"@type\":\"ReadAction\",\"target\":[\"https:\/\/tyron.pl\/produits-tyron\/tyron-facade-eko-eps-70-040\/\"]}]},{\"@type\":\"BreadcrumbList\",\"@id\":\"https:\/\/tyron.pl\/produits-tyron\/tyron-facade-eko-eps-70-040\/#breadcrumb\",\"itemListElement\":[{\"@type\":\"ListItem\",\"position\":1,\"name\":\"Strona g\u0142\u00f3wna\",\"item\":\"https:\/\/tyron.pl\/fr\/accueil\/\"},{\"@type\":\"ListItem\",\"position\":2,\"name\":\"PRODUITS TYRON\",\"item\":\"https:\/\/tyron.pl\/fr\/produits-tyron\/\"},{\"@type\":\"ListItem\",\"position\":3,\"name\":\"TYRON FACADE EKO EPS 70 &#8211; 040\"}]},{\"@type\":\"WebSite\",\"@id\":\"https:\/\/tyron.pl\/#website\",\"url\":\"https:\/\/tyron.pl\/\",\"name\":\"Tyron.pl - Producent Styropianu\",\"description\":\"\",\"publisher\":{\"@id\":\"https:\/\/tyron.pl\/#organization\"},\"potentialAction\":[{\"@type\":\"SearchAction\",\"target\":{\"@type\":\"EntryPoint\",\"urlTemplate\":\"https:\/\/tyron.pl\/?s={search_term_string}\"},\"query-input\":\"required name=search_term_string\"}],\"inLanguage\":\"fr-FR\"},{\"@type\":\"Organization\",\"@id\":\"https:\/\/tyron.pl\/#organization\",\"name\":\"Tyron.pl - Producent Styropianu\",\"url\":\"https:\/\/tyron.pl\/\",\"logo\":{\"@type\":\"ImageObject\",\"inLanguage\":\"fr-FR\",\"@id\":\"https:\/\/tyron.pl\/#\/schema\/logo\/image\/\",\"url\":\"https:\/\/tyron.pl\/wp-content\/uploads\/2023\/01\/tyron-logo-2022-pdf.jpg\",\"contentUrl\":\"https:\/\/tyron.pl\/wp-content\/uploads\/2023\/01\/tyron-logo-2022-pdf.jpg\",\"width\":400,\"height\":227,\"caption\":\"Tyron.pl - Producent Styropianu\"},\"image\":{\"@id\":\"https:\/\/tyron.pl\/#\/schema\/logo\/image\/\"}}]}<\/script>\n<!-- \/ Yoast SEO plugin. -->","yoast_head_json":{"title":"TYRON FACADE EKO EPS 70 - 040 - Tyron.pl - Producent Styropianu","robots":{"index":"index","follow":"follow","max-snippet":"max-snippet:-1","max-image-preview":"max-image-preview:large","max-video-preview":"max-video-preview:-1"},"canonical":"https:\/\/tyron.pl\/produits-tyron\/tyron-facade-eko-eps-70-040\/","og_locale":"fr_FR","og_type":"article","og_title":"TYRON FACADE EKO EPS 70 - 040 - Tyron.pl - Producent Styropianu","og_description":"Code produit : EPS EN 13163 T2-L3-W3-S5-P10-CS(10)70-DS(N)5-DS(70,-)2-TR80. Les panneaux de polystyr\u00e8ne TYRON FASADA EKO EPS 70 &#8211; 040 sont fabriqu\u00e9s \u00e0 partir de polystyr\u00e8ne expans\u00e9. Lors de la production, nous utilisons des technologies avanc\u00e9es qui garantissent la plus haute qualit\u00e9. &nbsp; Caract\u00e9ristiques techniques : R\u00e9action au feu : EUROCLASSE E Coefficient de conductivit\u00e9 thermique 0,040 [&hellip;]","og_url":"https:\/\/tyron.pl\/produits-tyron\/tyron-facade-eko-eps-70-040\/","og_site_name":"Tyron.pl - Producent Styropianu","twitter_card":"summary_large_image","twitter_misc":{"Dur\u00e9e de lecture estim\u00e9e":"1 minute"},"schema":{"@context":"https:\/\/schema.org","@graph":[{"@type":"WebPage","@id":"https:\/\/tyron.pl\/produits-tyron\/tyron-facade-eko-eps-70-040\/","url":"https:\/\/tyron.pl\/produits-tyron\/tyron-facade-eko-eps-70-040\/","name":"TYRON FACADE EKO EPS 70 - 040 - Tyron.pl - Producent Styropianu","isPartOf":{"@id":"https:\/\/tyron.pl\/#website"},"datePublished":"2023-01-31T14:08:09+00:00","dateModified":"2023-01-31T14:08:09+00:00","breadcrumb":{"@id":"https:\/\/tyron.pl\/produits-tyron\/tyron-facade-eko-eps-70-040\/#breadcrumb"},"inLanguage":"fr-FR","potentialAction":[{"@type":"ReadAction","target":["https:\/\/tyron.pl\/produits-tyron\/tyron-facade-eko-eps-70-040\/"]}]},{"@type":"BreadcrumbList","@id":"https:\/\/tyron.pl\/produits-tyron\/tyron-facade-eko-eps-70-040\/#breadcrumb","itemListElement":[{"@type":"ListItem","position":1,"name":"Strona g\u0142\u00f3wna","item":"https:\/\/tyron.pl\/fr\/accueil\/"},{"@type":"ListItem","position":2,"name":"PRODUITS TYRON","item":"https:\/\/tyron.pl\/fr\/produits-tyron\/"},{"@type":"ListItem","position":3,"name":"TYRON FACADE EKO EPS 70 &#8211; 040"}]},{"@type":"WebSite","@id":"https:\/\/tyron.pl\/#website","url":"https:\/\/tyron.pl\/","name":"Tyron.pl - Producent Styropianu","description":"","publisher":{"@id":"https:\/\/tyron.pl\/#organization"},"potentialAction":[{"@type":"SearchAction","target":{"@type":"EntryPoint","urlTemplate":"https:\/\/tyron.pl\/?s={search_term_string}"},"query-input":"required name=search_term_string"}],"inLanguage":"fr-FR"},{"@type":"Organization","@id":"https:\/\/tyron.pl\/#organization","name":"Tyron.pl - Producent Styropianu","url":"https:\/\/tyron.pl\/","logo":{"@type":"ImageObject","inLanguage":"fr-FR","@id":"https:\/\/tyron.pl\/#\/schema\/logo\/image\/","url":"https:\/\/tyron.pl\/wp-content\/uploads\/2023\/01\/tyron-logo-2022-pdf.jpg","contentUrl":"https:\/\/tyron.pl\/wp-content\/uploads\/2023\/01\/tyron-logo-2022-pdf.jpg","width":400,"height":227,"caption":"Tyron.pl - Producent Styropianu"},"image":{"@id":"https:\/\/tyron.pl\/#\/schema\/logo\/image\/"}}]}},"_links":{"self":[{"href":"https:\/\/tyron.pl\/fr\/wp-json\/wp\/v2\/pages\/3342","targetHints":{"allow":["GET"]}}],"collection":[{"href":"https:\/\/tyron.pl\/fr\/wp-json\/wp\/v2\/pages"}],"about":[{"href":"https:\/\/tyron.pl\/fr\/wp-json\/wp\/v2\/types\/page"}],"author":[{"embeddable":true,"href":"https:\/\/tyron.pl\/fr\/wp-json\/wp\/v2\/users\/3"}],"replies":[{"embeddable":true,"href":"https:\/\/tyron.pl\/fr\/wp-json\/wp\/v2\/comments?post=3342"}],"version-history":[{"count":0,"href":"https:\/\/tyron.pl\/fr\/wp-json\/wp\/v2\/pages\/3342\/revisions"}],"up":[{"embeddable":true,"href":"https:\/\/tyron.pl\/fr\/wp-json\/wp\/v2\/pages\/3188"}],"wp:attachment":[{"href":"https:\/\/tyron.pl\/fr\/wp-json\/wp\/v2\/media?parent=3342"}],"curies":[{"name":"wp","href":"https:\/\/api.w.org\/{rel}","templated":true}]}}