{"id":3367,"date":"2023-01-31T15:13:34","date_gmt":"2023-01-31T14:13:34","guid":{"rendered":"https:\/\/tyron.pl\/produits-tyron\/fondation-tyrone-eps-150-036\/"},"modified":"2023-01-31T15:13:34","modified_gmt":"2023-01-31T14:13:34","slug":"fondation-tyrone-eps-150-036","status":"publish","type":"page","link":"https:\/\/tyron.pl\/fr\/produits-tyron\/fondation-tyrone-eps-150-036\/","title":{"rendered":"FONDATION TYRONE EPS 150 &#8211; 036"},"content":{"rendered":"<p><strong>Code produit :<br \/>\n<\/strong>EPS EN 13163 T2-L3-W3-S5-P5-BS200-CS(10)150-DS(N)2-DS(70,-)2-DLT(1)5-WL(T)5<\/p>\n<p>Les panneaux de polystyr\u00e8ne <strong>TYRON FUNDAMENT EPS 150-036 <\/strong>sont fabriqu\u00e9s \u00e0 partir de polystyr\u00e8ne expans\u00e9. Lors de la production, nous utilisons des technologies avanc\u00e9es qui garantissent la plus haute qualit\u00e9.<\/p>\n<p><strong>Caract\u00e9ristiques :<\/strong><\/p>\n<ul>\n<li>R\u00e9action au feu : EUROCLASSE <strong>E<\/strong><\/li>\n<li>Coefficient de conductivit\u00e9 thermique : <strong>0,036 W\/mK<\/strong><\/li>\n<li>R\u00e9sistance \u00e0 la flexion : <strong>\u2265 200 kPa<\/strong><\/li>\n<li>Contrainte de compression \u00e0 10% de d\u00e9formation : <strong>\u2265 150 kPa<\/strong><\/li>\n<li>Dimensions standard : 1000 x 500 mm<\/li>\n<li>\u00c9paisseur : 50 &#8211; 300 mm<\/li>\n<li>Bords droits ou frais\u00e9s<\/li>\n<\/ul>\n<p>&nbsp;<\/p>\n<p><strong>Application<\/strong>:<\/p>\n<ul>\n<li>Isolation thermique des murs ext\u00e9rieurs des sous-sols et des fondations avec une grande d\u00e9pression ou charge sur la surface du sol ;<\/li>\n<li>Isolation thermique des toits solides avec des charges impos\u00e9es accrues, y compris la stratification invers\u00e9e ;<\/li>\n<li>Isolation thermique des terrasses et des sols industriels et des sols sur le sol ;<\/li>\n<li>Isolation thermique des parkings au sol ;<\/li>\n<li>Isolation thermique des parkings en toiture ;<\/li>\n<li>Isolation des pi\u00e8ces \u00e0 forte humidit\u00e9 .<\/li>\n<\/ul>\n<p>&nbsp;<\/p>\n<p><strong>TYRON FUNDAMENT EPS 150-036<\/strong> est conforme \u00e0 la norme PN-EN 13163:2012+A1:2015 et dispose d&#8217;un Certificat de Conformit\u00e9 d\u00e9livr\u00e9 par : Le Centre polonais d&#8217;essais et de certification S.A. et l&#8217;Institut de recherche sur le b\u00e2timent de Varsovie.<\/p>\n","protected":false},"excerpt":{"rendered":"<p>Code produit : EPS EN 13163 T2-L3-W3-S5-P5-BS200-CS(10)150-DS(N)2-DS(70,-)2-DLT(1)5-WL(T)5 Les panneaux de polystyr\u00e8ne TYRON FUNDAMENT EPS 150-036 sont fabriqu\u00e9s \u00e0 partir de polystyr\u00e8ne expans\u00e9. Lors de la production, nous utilisons des technologies avanc\u00e9es qui garantissent la plus haute qualit\u00e9. Caract\u00e9ristiques : R\u00e9action au feu : EUROCLASSE E Coefficient de conductivit\u00e9 thermique : 0,036 W\/mK R\u00e9sistance \u00e0 la [&hellip;]<\/p>\n","protected":false},"author":3,"featured_media":0,"parent":3188,"menu_order":165,"comment_status":"closed","ping_status":"closed","template":"","meta":{"footnotes":""},"class_list":["post-3367","page","type-page","status-publish","hentry"],"yoast_head":"<!-- This site is optimized with the Yoast SEO plugin v22.5 - https:\/\/yoast.com\/wordpress\/plugins\/seo\/ -->\n<title>TYRON FONDAMENT EPS 150-036 - Fondation en polystyr\u00e8ne expans\u00e9 - Tyron.pl<\/title>\n<meta name=\"description\" content=\"Isolation thermique.panneaux en polystyr\u00e8ne expans\u00e9 TYRON FUNDAMENT EPS 150-036 - Styrofoam Foundation 150. Isolation thermique pour les parkings, les terrasses, etc.\" \/>\n<meta name=\"robots\" content=\"index, follow, max-snippet:-1, max-image-preview:large, max-video-preview:-1\" \/>\n<link rel=\"canonical\" href=\"https:\/\/tyron.pl\/fr\/produits-tyron\/fondation-tyrone-eps-150-036\/\" \/>\n<meta property=\"og:locale\" content=\"fr_FR\" \/>\n<meta property=\"og:type\" content=\"article\" \/>\n<meta property=\"og:title\" content=\"TYRON FONDAMENT EPS 150-036 - Fondation en polystyr\u00e8ne expans\u00e9 - Tyron.pl\" \/>\n<meta property=\"og:description\" content=\"Isolation thermique.panneaux en polystyr\u00e8ne expans\u00e9 TYRON FUNDAMENT EPS 150-036 - Styrofoam Foundation 150. Isolation thermique pour les parkings, les terrasses, etc.\" \/>\n<meta property=\"og:url\" content=\"https:\/\/tyron.pl\/fr\/produits-tyron\/fondation-tyrone-eps-150-036\/\" \/>\n<meta property=\"og:site_name\" content=\"Tyron.pl - Producent Styropianu\" \/>\n<meta name=\"twitter:card\" content=\"summary_large_image\" \/>\n<meta name=\"twitter:label1\" content=\"Dur\u00e9e de lecture estim\u00e9e\" \/>\n\t<meta name=\"twitter:data1\" content=\"1 minute\" \/>\n<script type=\"application\/ld+json\" class=\"yoast-schema-graph\">{\"@context\":\"https:\/\/schema.org\",\"@graph\":[{\"@type\":\"WebPage\",\"@id\":\"https:\/\/tyron.pl\/fr\/produits-tyron\/fondation-tyrone-eps-150-036\/\",\"url\":\"https:\/\/tyron.pl\/fr\/produits-tyron\/fondation-tyrone-eps-150-036\/\",\"name\":\"TYRON FONDAMENT EPS 150-036 - Fondation en polystyr\u00e8ne expans\u00e9 - Tyron.pl\",\"isPartOf\":{\"@id\":\"https:\/\/tyron.pl\/#website\"},\"datePublished\":\"2023-01-31T14:13:34+00:00\",\"dateModified\":\"2023-01-31T14:13:34+00:00\",\"description\":\"Isolation thermique.panneaux en polystyr\u00e8ne expans\u00e9 TYRON FUNDAMENT EPS 150-036 - Styrofoam Foundation 150. Isolation thermique pour les parkings, les terrasses, etc.\",\"breadcrumb\":{\"@id\":\"https:\/\/tyron.pl\/fr\/produits-tyron\/fondation-tyrone-eps-150-036\/#breadcrumb\"},\"inLanguage\":\"fr-FR\",\"potentialAction\":[{\"@type\":\"ReadAction\",\"target\":[\"https:\/\/tyron.pl\/fr\/produits-tyron\/fondation-tyrone-eps-150-036\/\"]}]},{\"@type\":\"BreadcrumbList\",\"@id\":\"https:\/\/tyron.pl\/fr\/produits-tyron\/fondation-tyrone-eps-150-036\/#breadcrumb\",\"itemListElement\":[{\"@type\":\"ListItem\",\"position\":1,\"name\":\"Strona g\u0142\u00f3wna\",\"item\":\"https:\/\/tyron.pl\/fr\/accueil\/\"},{\"@type\":\"ListItem\",\"position\":2,\"name\":\"PRODUITS TYRON\",\"item\":\"https:\/\/tyron.pl\/fr\/produits-tyron\/\"},{\"@type\":\"ListItem\",\"position\":3,\"name\":\"FONDATION TYRONE EPS 150 &#8211; 036\"}]},{\"@type\":\"WebSite\",\"@id\":\"https:\/\/tyron.pl\/#website\",\"url\":\"https:\/\/tyron.pl\/\",\"name\":\"Tyron.pl - Producent Styropianu\",\"description\":\"\",\"publisher\":{\"@id\":\"https:\/\/tyron.pl\/#organization\"},\"potentialAction\":[{\"@type\":\"SearchAction\",\"target\":{\"@type\":\"EntryPoint\",\"urlTemplate\":\"https:\/\/tyron.pl\/?s={search_term_string}\"},\"query-input\":\"required name=search_term_string\"}],\"inLanguage\":\"fr-FR\"},{\"@type\":\"Organization\",\"@id\":\"https:\/\/tyron.pl\/#organization\",\"name\":\"Tyron.pl - Producent Styropianu\",\"url\":\"https:\/\/tyron.pl\/\",\"logo\":{\"@type\":\"ImageObject\",\"inLanguage\":\"fr-FR\",\"@id\":\"https:\/\/tyron.pl\/#\/schema\/logo\/image\/\",\"url\":\"https:\/\/tyron.pl\/wp-content\/uploads\/2023\/01\/tyron-logo-2022-pdf.jpg\",\"contentUrl\":\"https:\/\/tyron.pl\/wp-content\/uploads\/2023\/01\/tyron-logo-2022-pdf.jpg\",\"width\":400,\"height\":227,\"caption\":\"Tyron.pl - Producent Styropianu\"},\"image\":{\"@id\":\"https:\/\/tyron.pl\/#\/schema\/logo\/image\/\"}}]}<\/script>\n<!-- \/ Yoast SEO plugin. -->","yoast_head_json":{"title":"TYRON FONDAMENT EPS 150-036 - Fondation en polystyr\u00e8ne expans\u00e9 - Tyron.pl","description":"Isolation thermique.panneaux en polystyr\u00e8ne expans\u00e9 TYRON FUNDAMENT EPS 150-036 - Styrofoam Foundation 150. Isolation thermique pour les parkings, les terrasses, etc.","robots":{"index":"index","follow":"follow","max-snippet":"max-snippet:-1","max-image-preview":"max-image-preview:large","max-video-preview":"max-video-preview:-1"},"canonical":"https:\/\/tyron.pl\/fr\/produits-tyron\/fondation-tyrone-eps-150-036\/","og_locale":"fr_FR","og_type":"article","og_title":"TYRON FONDAMENT EPS 150-036 - Fondation en polystyr\u00e8ne expans\u00e9 - Tyron.pl","og_description":"Isolation thermique.panneaux en polystyr\u00e8ne expans\u00e9 TYRON FUNDAMENT EPS 150-036 - Styrofoam Foundation 150. Isolation thermique pour les parkings, les terrasses, etc.","og_url":"https:\/\/tyron.pl\/fr\/produits-tyron\/fondation-tyrone-eps-150-036\/","og_site_name":"Tyron.pl - Producent Styropianu","twitter_card":"summary_large_image","twitter_misc":{"Dur\u00e9e de lecture estim\u00e9e":"1 minute"},"schema":{"@context":"https:\/\/schema.org","@graph":[{"@type":"WebPage","@id":"https:\/\/tyron.pl\/fr\/produits-tyron\/fondation-tyrone-eps-150-036\/","url":"https:\/\/tyron.pl\/fr\/produits-tyron\/fondation-tyrone-eps-150-036\/","name":"TYRON FONDAMENT EPS 150-036 - Fondation en polystyr\u00e8ne expans\u00e9 - Tyron.pl","isPartOf":{"@id":"https:\/\/tyron.pl\/#website"},"datePublished":"2023-01-31T14:13:34+00:00","dateModified":"2023-01-31T14:13:34+00:00","description":"Isolation thermique.panneaux en polystyr\u00e8ne expans\u00e9 TYRON FUNDAMENT EPS 150-036 - Styrofoam Foundation 150. Isolation thermique pour les parkings, les terrasses, etc.","breadcrumb":{"@id":"https:\/\/tyron.pl\/fr\/produits-tyron\/fondation-tyrone-eps-150-036\/#breadcrumb"},"inLanguage":"fr-FR","potentialAction":[{"@type":"ReadAction","target":["https:\/\/tyron.pl\/fr\/produits-tyron\/fondation-tyrone-eps-150-036\/"]}]},{"@type":"BreadcrumbList","@id":"https:\/\/tyron.pl\/fr\/produits-tyron\/fondation-tyrone-eps-150-036\/#breadcrumb","itemListElement":[{"@type":"ListItem","position":1,"name":"Strona g\u0142\u00f3wna","item":"https:\/\/tyron.pl\/fr\/accueil\/"},{"@type":"ListItem","position":2,"name":"PRODUITS TYRON","item":"https:\/\/tyron.pl\/fr\/produits-tyron\/"},{"@type":"ListItem","position":3,"name":"FONDATION TYRONE EPS 150 &#8211; 036"}]},{"@type":"WebSite","@id":"https:\/\/tyron.pl\/#website","url":"https:\/\/tyron.pl\/","name":"Tyron.pl - Producent Styropianu","description":"","publisher":{"@id":"https:\/\/tyron.pl\/#organization"},"potentialAction":[{"@type":"SearchAction","target":{"@type":"EntryPoint","urlTemplate":"https:\/\/tyron.pl\/?s={search_term_string}"},"query-input":"required name=search_term_string"}],"inLanguage":"fr-FR"},{"@type":"Organization","@id":"https:\/\/tyron.pl\/#organization","name":"Tyron.pl - Producent Styropianu","url":"https:\/\/tyron.pl\/","logo":{"@type":"ImageObject","inLanguage":"fr-FR","@id":"https:\/\/tyron.pl\/#\/schema\/logo\/image\/","url":"https:\/\/tyron.pl\/wp-content\/uploads\/2023\/01\/tyron-logo-2022-pdf.jpg","contentUrl":"https:\/\/tyron.pl\/wp-content\/uploads\/2023\/01\/tyron-logo-2022-pdf.jpg","width":400,"height":227,"caption":"Tyron.pl - Producent Styropianu"},"image":{"@id":"https:\/\/tyron.pl\/#\/schema\/logo\/image\/"}}]}},"_links":{"self":[{"href":"https:\/\/tyron.pl\/fr\/wp-json\/wp\/v2\/pages\/3367","targetHints":{"allow":["GET"]}}],"collection":[{"href":"https:\/\/tyron.pl\/fr\/wp-json\/wp\/v2\/pages"}],"about":[{"href":"https:\/\/tyron.pl\/fr\/wp-json\/wp\/v2\/types\/page"}],"author":[{"embeddable":true,"href":"https:\/\/tyron.pl\/fr\/wp-json\/wp\/v2\/users\/3"}],"replies":[{"embeddable":true,"href":"https:\/\/tyron.pl\/fr\/wp-json\/wp\/v2\/comments?post=3367"}],"version-history":[{"count":0,"href":"https:\/\/tyron.pl\/fr\/wp-json\/wp\/v2\/pages\/3367\/revisions"}],"up":[{"embeddable":true,"href":"https:\/\/tyron.pl\/fr\/wp-json\/wp\/v2\/pages\/3188"}],"wp:attachment":[{"href":"https:\/\/tyron.pl\/fr\/wp-json\/wp\/v2\/media?parent=3367"}],"curies":[{"name":"wp","href":"https:\/\/api.w.org\/{rel}","templated":true}]}}