{"id":3390,"date":"2023-01-31T15:30:34","date_gmt":"2023-01-31T14:30:34","guid":{"rendered":"https:\/\/tyron.pl\/produits-tyron-acoustique\/plancher-acoustique-tyrone-eps-t-045\/"},"modified":"2023-01-31T15:30:34","modified_gmt":"2023-01-31T14:30:34","slug":"plancher-acoustique-tyrone-eps-t-045","status":"publish","type":"page","link":"https:\/\/tyron.pl\/fr\/produits-tyron-acoustique\/plancher-acoustique-tyrone-eps-t-045\/","title":{"rendered":"PLANCHER ACOUSTIQUE TYRONE EPS T 045"},"content":{"rendered":"<p><span style=\"color: #000000;\"><strong>Code produit :<br \/>\n<\/strong>EPS EN 13163 T1-L1-W2-S5-P5-BS50-DS(N)2-DS(70,-)5-SD30-CP3 &#8211; \u00e9paisseur 20\/22 mm<\/span><br \/>\n<span style=\"color: #000000;\">EPS EN 13163 T1-L1-W2-S5-P5-BS50-DS(N)2-DS(70,-)5-SD30-CP3 &#8211; \u00e9paisseur 30\/33 mm<\/span><br \/>\n<span style=\"color: #000000;\">EPS EN 13163 T1-L1-W2-S5-P5-BS50-DS(N)2-DS(70,-)5-SD20-CP3 &#8211; \u00e9paisseur 40\/43 mm<\/span><br \/>\n<span style=\"color: #000000;\">EPS EN 13163 T1-L1-W2-S5-P5-BS50-DS(N)2-DS(70,-)5-SD20-CP3 &#8211; \u00e9paisseur 50\/53 mm<\/span><\/p>\n<p><span style=\"color: #000000;\">Les panneaux de polystyr\u00e8ne<strong> TYRON AKUSTYCZNY POD\u0141OGA EPS T 045 <\/strong>sont fabriqu\u00e9s \u00e0 partir de polystyr\u00e8ne expans\u00e9. Lors de la production, nous utilisons des technologies avanc\u00e9es qui garantissent la plus haute qualit\u00e9.<\/span><\/p>\n<h4><\/h4>\n<p><span style=\"color: #000000;\"><strong>Caract\u00e9ristiques techniques :<\/strong><\/span><\/p>\n<ul>\n<li><span style=\"color: #000000;\">R\u00e9action au feu : EUROCLASSE <strong>E<\/strong><\/span><\/li>\n<li><span style=\"color: #000000;\">Coefficient de conductivit\u00e9 thermique :<strong> 0,045 W\/mK<\/strong><\/span><\/li>\n<li><span style=\"color: #000000;\">R\u00e9sistance \u00e0 la flexion : <strong>\u2265 50 kPa<\/strong><\/span><\/li>\n<li><span style=\"color: #000000;\">Charge utile au sol : <strong>\u2264 4,0 kPa<\/strong><\/span><\/li>\n<li><span style=\"color: #000000;\">Compressibilit\u00e9 : <strong>3 mm<\/strong><\/span><\/li>\n<li><span style=\"color: #000000;\">Rigidit\u00e9 dynamique : en fonction de l&#8217;\u00e9paisseur du panneau  <\/span><\/li>\n<li><span style=\"color: #000000;\">Dimensions standard : 1000 x 500 mm<\/span><\/li>\n<li><span style=\"color: #000000;\">\u00c9paisseur :  <\/span><br \/>\n<span style=\"color: #000000;\"><strong>22 \/ 20 mm<\/strong><\/span><br \/>\n<span style=\"color: #000000;\"><strong>33 \/ 30 mm<\/strong><\/span><br \/>\n<span style=\"color: #000000;\"><strong>43 \/ 40 mm<\/strong><\/span><br \/>\n<span style=\"color: #000000;\"><strong>53 \/ 50 mm<\/strong><\/span><\/li>\n<li><span style=\"color: #000000;\">Bords droits ou frais\u00e9s<\/span><\/li>\n<\/ul>\n<p>&nbsp;<\/p>\n<table style=\"width: 76.0157%; height: 214px;\" width=\"636\">\n<tbody>\n<tr>\n<td style=\"text-align: center;\" width=\"179\"><span style=\"color: #000000;\">\u00c9paisseur mm<\/span><\/td>\n<td style=\"text-align: center;\" width=\"114\"><span style=\"color: #000000;\"><strong>22\/20<\/strong><\/span><\/td>\n<td style=\"text-align: center;\" width=\"114\"><span style=\"color: #000000;\"><strong>33\/30<\/strong><\/span><\/td>\n<td style=\"text-align: center;\" width=\"114\"><span style=\"color: #000000;\"><strong>43\/40<\/strong><\/span><\/td>\n<td style=\"text-align: center;\" width=\"114\"><span style=\"color: #000000;\"><strong>53\/50<\/strong><\/span><\/td>\n<\/tr>\n<tr>\n<td style=\"text-align: center;\" width=\"179\"><span style=\"color: #000000;\">R\u00e9sistance thermique m\u00b2K\/W<\/span><\/td>\n<td style=\"text-align: center;\" width=\"114\"><span style=\"color: #000000;\">0,45<\/span><\/td>\n<td style=\"text-align: center;\" width=\"114\"><span style=\"color: #000000;\">0,7<\/span><\/td>\n<td style=\"text-align: center;\" width=\"114\"><span style=\"color: #000000;\">0,95<\/span><\/td>\n<td style=\"text-align: center;\" width=\"114\"><span style=\"color: #000000;\">1,15<\/span><\/td>\n<\/tr>\n<tr>\n<td style=\"text-align: center;\" width=\"179\"><span style=\"color: #000000;\">R\u00e9duction du niveau de bruit d&#8217;impact \u0394Lw, dB<\/span><\/td>\n<td style=\"text-align: center;\" width=\"114\"><span style=\"color: #000000;\">28<\/span><\/td>\n<td style=\"text-align: center;\" width=\"114\"><span style=\"color: #000000;\">29<\/span><\/td>\n<td style=\"text-align: center;\" width=\"114\"><span style=\"color: #000000;\">30<\/span><\/td>\n<td style=\"text-align: center;\" width=\"114\"><span style=\"color: #000000;\">31<\/span><\/td>\n<\/tr>\n<tr>\n<td style=\"text-align: center;\" width=\"179\"><span style=\"color: #000000;\">Niveau de rigidit\u00e9 dynamique MN\/m\u00b3<\/span><\/td>\n<td style=\"text-align: center;\" width=\"114\"><span style=\"color: #000000;\">30<\/span><\/td>\n<td style=\"text-align: center;\" width=\"114\"><span style=\"color: #000000;\">30<\/span><\/td>\n<td style=\"text-align: center;\" width=\"114\"><span style=\"color: #000000;\">20<\/span><\/td>\n<td style=\"text-align: center;\" width=\"114\"><span style=\"color: #000000;\">20<\/span><\/td>\n<\/tr>\n<tr>\n<td style=\"text-align: center;\" width=\"179\"><span style=\"color: #000000;\">Compressibilit\u00e9 mm<\/span><\/td>\n<td style=\"text-align: center;\" width=\"114\"><span style=\"color: #000000;\">3<\/span><\/td>\n<td style=\"text-align: center;\" width=\"114\"><span style=\"color: #000000;\">3<\/span><\/td>\n<td style=\"text-align: center;\" width=\"114\"><span style=\"color: #000000;\">3<\/span><\/td>\n<td style=\"text-align: center;\" width=\"114\"><span style=\"color: #000000;\">3<\/span><\/td>\n<\/tr>\n<\/tbody>\n<\/table>\n<p>&nbsp;<\/p>\n<p><span style=\"color: #000000;\"><strong>Application<\/strong>:<\/span><\/p>\n<ul>\n<li><span style=\"color: #000000;\">Isolation thermique et acoustique des planchers interm\u00e9diaires contre les bruits d&#8217;impact<\/span><\/li>\n<li><span style=\"color: #000000;\">Isolation du sol dans les planchers flottants<\/span><\/li>\n<li><span style=\"color: #000000;\">Isolation des b\u00e2timents r\u00e9sidentiels et publics<\/span><\/li>\n<li><span style=\"color: #000000;\">Isolation thermique des plafonds au-dessus des espaces non chauff\u00e9s<\/span><\/li>\n<\/ul>\n<p>&nbsp;<\/p>\n<p><span style=\"color: #000000;\"><strong>TYRON AKUSTYCZNY POD\u0141OGA EPS T 045<\/strong> est conforme \u00e0 la norme PN-EN 13163:2012+A1:2015 et dispose d&#8217;un certificat de conformit\u00e9 d\u00e9livr\u00e9 par le Centre polonais d&#8217;essais et de certification S.A.<\/span><\/p>\n","protected":false},"excerpt":{"rendered":"<p>Code produit : EPS EN 13163 T1-L1-W2-S5-P5-BS50-DS(N)2-DS(70,-)5-SD30-CP3 &#8211; \u00e9paisseur 20\/22 mm EPS EN 13163 T1-L1-W2-S5-P5-BS50-DS(N)2-DS(70,-)5-SD30-CP3 &#8211; \u00e9paisseur 30\/33 mm EPS EN 13163 T1-L1-W2-S5-P5-BS50-DS(N)2-DS(70,-)5-SD20-CP3 &#8211; \u00e9paisseur 40\/43 mm EPS EN 13163 T1-L1-W2-S5-P5-BS50-DS(N)2-DS(70,-)5-SD20-CP3 &#8211; \u00e9paisseur 50\/53 mm Les panneaux de polystyr\u00e8ne TYRON AKUSTYCZNY POD\u0141OGA EPS T 045 sont fabriqu\u00e9s \u00e0 partir de polystyr\u00e8ne expans\u00e9. Lors de la [&hellip;]<\/p>\n","protected":false},"author":3,"featured_media":0,"parent":3389,"menu_order":80,"comment_status":"closed","ping_status":"closed","template":"","meta":{"footnotes":""},"class_list":["post-3390","page","type-page","status-publish","hentry"],"yoast_head":"<!-- This site is optimized with the Yoast SEO plugin v22.5 - https:\/\/yoast.com\/wordpress\/plugins\/seo\/ -->\n<title>PLANCHER ACOUSTIQUE TYRONE EPS T 045 - Tyron.pl - Producent Styropianu<\/title>\n<meta name=\"robots\" content=\"index, follow, max-snippet:-1, max-image-preview:large, max-video-preview:-1\" \/>\n<link rel=\"canonical\" href=\"https:\/\/tyron.pl\/produits-tyron-acoustique\/plancher-acoustique-tyrone-eps-t-045\/\" \/>\n<meta property=\"og:locale\" content=\"fr_FR\" \/>\n<meta property=\"og:type\" content=\"article\" \/>\n<meta property=\"og:title\" content=\"PLANCHER ACOUSTIQUE TYRONE EPS T 045 - Tyron.pl - Producent Styropianu\" \/>\n<meta property=\"og:description\" content=\"Code produit : EPS EN 13163 T1-L1-W2-S5-P5-BS50-DS(N)2-DS(70,-)5-SD30-CP3 &#8211; \u00e9paisseur 20\/22 mm EPS EN 13163 T1-L1-W2-S5-P5-BS50-DS(N)2-DS(70,-)5-SD30-CP3 &#8211; \u00e9paisseur 30\/33 mm EPS EN 13163 T1-L1-W2-S5-P5-BS50-DS(N)2-DS(70,-)5-SD20-CP3 &#8211; \u00e9paisseur 40\/43 mm EPS EN 13163 T1-L1-W2-S5-P5-BS50-DS(N)2-DS(70,-)5-SD20-CP3 &#8211; \u00e9paisseur 50\/53 mm Les panneaux de polystyr\u00e8ne TYRON AKUSTYCZNY POD\u0141OGA EPS T 045 sont fabriqu\u00e9s \u00e0 partir de polystyr\u00e8ne expans\u00e9. Lors de la [&hellip;]\" \/>\n<meta property=\"og:url\" content=\"https:\/\/tyron.pl\/produits-tyron-acoustique\/plancher-acoustique-tyrone-eps-t-045\/\" \/>\n<meta property=\"og:site_name\" content=\"Tyron.pl - Producent Styropianu\" \/>\n<meta name=\"twitter:card\" content=\"summary_large_image\" \/>\n<meta name=\"twitter:label1\" content=\"Dur\u00e9e de lecture estim\u00e9e\" \/>\n\t<meta name=\"twitter:data1\" content=\"1 minute\" \/>\n<script type=\"application\/ld+json\" class=\"yoast-schema-graph\">{\"@context\":\"https:\/\/schema.org\",\"@graph\":[{\"@type\":\"WebPage\",\"@id\":\"https:\/\/tyron.pl\/produits-tyron-acoustique\/plancher-acoustique-tyrone-eps-t-045\/\",\"url\":\"https:\/\/tyron.pl\/produits-tyron-acoustique\/plancher-acoustique-tyrone-eps-t-045\/\",\"name\":\"PLANCHER ACOUSTIQUE TYRONE EPS T 045 - Tyron.pl - Producent Styropianu\",\"isPartOf\":{\"@id\":\"https:\/\/tyron.pl\/#website\"},\"datePublished\":\"2023-01-31T14:30:34+00:00\",\"dateModified\":\"2023-01-31T14:30:34+00:00\",\"breadcrumb\":{\"@id\":\"https:\/\/tyron.pl\/produits-tyron-acoustique\/plancher-acoustique-tyrone-eps-t-045\/#breadcrumb\"},\"inLanguage\":\"fr-FR\",\"potentialAction\":[{\"@type\":\"ReadAction\",\"target\":[\"https:\/\/tyron.pl\/produits-tyron-acoustique\/plancher-acoustique-tyrone-eps-t-045\/\"]}]},{\"@type\":\"BreadcrumbList\",\"@id\":\"https:\/\/tyron.pl\/produits-tyron-acoustique\/plancher-acoustique-tyrone-eps-t-045\/#breadcrumb\",\"itemListElement\":[{\"@type\":\"ListItem\",\"position\":1,\"name\":\"Strona g\u0142\u00f3wna\",\"item\":\"https:\/\/tyron.pl\/fr\/accueil\/\"},{\"@type\":\"ListItem\",\"position\":2,\"name\":\"PRODUITS TYRON &#8211; Acoustique\",\"item\":\"https:\/\/tyron.pl\/produits-tyron-acoustique\/\"},{\"@type\":\"ListItem\",\"position\":3,\"name\":\"PLANCHER ACOUSTIQUE TYRONE EPS T 045\"}]},{\"@type\":\"WebSite\",\"@id\":\"https:\/\/tyron.pl\/#website\",\"url\":\"https:\/\/tyron.pl\/\",\"name\":\"Tyron.pl - Producent Styropianu\",\"description\":\"\",\"publisher\":{\"@id\":\"https:\/\/tyron.pl\/#organization\"},\"potentialAction\":[{\"@type\":\"SearchAction\",\"target\":{\"@type\":\"EntryPoint\",\"urlTemplate\":\"https:\/\/tyron.pl\/?s={search_term_string}\"},\"query-input\":\"required name=search_term_string\"}],\"inLanguage\":\"fr-FR\"},{\"@type\":\"Organization\",\"@id\":\"https:\/\/tyron.pl\/#organization\",\"name\":\"Tyron.pl - Producent Styropianu\",\"url\":\"https:\/\/tyron.pl\/\",\"logo\":{\"@type\":\"ImageObject\",\"inLanguage\":\"fr-FR\",\"@id\":\"https:\/\/tyron.pl\/#\/schema\/logo\/image\/\",\"url\":\"https:\/\/tyron.pl\/wp-content\/uploads\/2023\/01\/tyron-logo-2022-pdf.jpg\",\"contentUrl\":\"https:\/\/tyron.pl\/wp-content\/uploads\/2023\/01\/tyron-logo-2022-pdf.jpg\",\"width\":400,\"height\":227,\"caption\":\"Tyron.pl - Producent Styropianu\"},\"image\":{\"@id\":\"https:\/\/tyron.pl\/#\/schema\/logo\/image\/\"}}]}<\/script>\n<!-- \/ Yoast SEO plugin. -->","yoast_head_json":{"title":"PLANCHER ACOUSTIQUE TYRONE EPS T 045 - Tyron.pl - Producent Styropianu","robots":{"index":"index","follow":"follow","max-snippet":"max-snippet:-1","max-image-preview":"max-image-preview:large","max-video-preview":"max-video-preview:-1"},"canonical":"https:\/\/tyron.pl\/produits-tyron-acoustique\/plancher-acoustique-tyrone-eps-t-045\/","og_locale":"fr_FR","og_type":"article","og_title":"PLANCHER ACOUSTIQUE TYRONE EPS T 045 - Tyron.pl - Producent Styropianu","og_description":"Code produit : EPS EN 13163 T1-L1-W2-S5-P5-BS50-DS(N)2-DS(70,-)5-SD30-CP3 &#8211; \u00e9paisseur 20\/22 mm EPS EN 13163 T1-L1-W2-S5-P5-BS50-DS(N)2-DS(70,-)5-SD30-CP3 &#8211; \u00e9paisseur 30\/33 mm EPS EN 13163 T1-L1-W2-S5-P5-BS50-DS(N)2-DS(70,-)5-SD20-CP3 &#8211; \u00e9paisseur 40\/43 mm EPS EN 13163 T1-L1-W2-S5-P5-BS50-DS(N)2-DS(70,-)5-SD20-CP3 &#8211; \u00e9paisseur 50\/53 mm Les panneaux de polystyr\u00e8ne TYRON AKUSTYCZNY POD\u0141OGA EPS T 045 sont fabriqu\u00e9s \u00e0 partir de polystyr\u00e8ne expans\u00e9. Lors de la [&hellip;]","og_url":"https:\/\/tyron.pl\/produits-tyron-acoustique\/plancher-acoustique-tyrone-eps-t-045\/","og_site_name":"Tyron.pl - Producent Styropianu","twitter_card":"summary_large_image","twitter_misc":{"Dur\u00e9e de lecture estim\u00e9e":"1 minute"},"schema":{"@context":"https:\/\/schema.org","@graph":[{"@type":"WebPage","@id":"https:\/\/tyron.pl\/produits-tyron-acoustique\/plancher-acoustique-tyrone-eps-t-045\/","url":"https:\/\/tyron.pl\/produits-tyron-acoustique\/plancher-acoustique-tyrone-eps-t-045\/","name":"PLANCHER ACOUSTIQUE TYRONE EPS T 045 - Tyron.pl - Producent Styropianu","isPartOf":{"@id":"https:\/\/tyron.pl\/#website"},"datePublished":"2023-01-31T14:30:34+00:00","dateModified":"2023-01-31T14:30:34+00:00","breadcrumb":{"@id":"https:\/\/tyron.pl\/produits-tyron-acoustique\/plancher-acoustique-tyrone-eps-t-045\/#breadcrumb"},"inLanguage":"fr-FR","potentialAction":[{"@type":"ReadAction","target":["https:\/\/tyron.pl\/produits-tyron-acoustique\/plancher-acoustique-tyrone-eps-t-045\/"]}]},{"@type":"BreadcrumbList","@id":"https:\/\/tyron.pl\/produits-tyron-acoustique\/plancher-acoustique-tyrone-eps-t-045\/#breadcrumb","itemListElement":[{"@type":"ListItem","position":1,"name":"Strona g\u0142\u00f3wna","item":"https:\/\/tyron.pl\/fr\/accueil\/"},{"@type":"ListItem","position":2,"name":"PRODUITS TYRON &#8211; Acoustique","item":"https:\/\/tyron.pl\/produits-tyron-acoustique\/"},{"@type":"ListItem","position":3,"name":"PLANCHER ACOUSTIQUE TYRONE EPS T 045"}]},{"@type":"WebSite","@id":"https:\/\/tyron.pl\/#website","url":"https:\/\/tyron.pl\/","name":"Tyron.pl - Producent Styropianu","description":"","publisher":{"@id":"https:\/\/tyron.pl\/#organization"},"potentialAction":[{"@type":"SearchAction","target":{"@type":"EntryPoint","urlTemplate":"https:\/\/tyron.pl\/?s={search_term_string}"},"query-input":"required name=search_term_string"}],"inLanguage":"fr-FR"},{"@type":"Organization","@id":"https:\/\/tyron.pl\/#organization","name":"Tyron.pl - Producent Styropianu","url":"https:\/\/tyron.pl\/","logo":{"@type":"ImageObject","inLanguage":"fr-FR","@id":"https:\/\/tyron.pl\/#\/schema\/logo\/image\/","url":"https:\/\/tyron.pl\/wp-content\/uploads\/2023\/01\/tyron-logo-2022-pdf.jpg","contentUrl":"https:\/\/tyron.pl\/wp-content\/uploads\/2023\/01\/tyron-logo-2022-pdf.jpg","width":400,"height":227,"caption":"Tyron.pl - Producent Styropianu"},"image":{"@id":"https:\/\/tyron.pl\/#\/schema\/logo\/image\/"}}]}},"_links":{"self":[{"href":"https:\/\/tyron.pl\/fr\/wp-json\/wp\/v2\/pages\/3390","targetHints":{"allow":["GET"]}}],"collection":[{"href":"https:\/\/tyron.pl\/fr\/wp-json\/wp\/v2\/pages"}],"about":[{"href":"https:\/\/tyron.pl\/fr\/wp-json\/wp\/v2\/types\/page"}],"author":[{"embeddable":true,"href":"https:\/\/tyron.pl\/fr\/wp-json\/wp\/v2\/users\/3"}],"replies":[{"embeddable":true,"href":"https:\/\/tyron.pl\/fr\/wp-json\/wp\/v2\/comments?post=3390"}],"version-history":[{"count":0,"href":"https:\/\/tyron.pl\/fr\/wp-json\/wp\/v2\/pages\/3390\/revisions"}],"up":[{"embeddable":true,"href":"https:\/\/tyron.pl\/fr\/wp-json\/wp\/v2\/pages\/3389"}],"wp:attachment":[{"href":"https:\/\/tyron.pl\/fr\/wp-json\/wp\/v2\/media?parent=3390"}],"curies":[{"name":"wp","href":"https:\/\/api.w.org\/{rel}","templated":true}]}}