{"id":3408,"date":"2023-01-31T15:34:32","date_gmt":"2023-01-31T14:34:32","guid":{"rendered":"https:\/\/tyron.pl\/produits-tyron-aqua\/tyrone-aqua-eps-100-036\/"},"modified":"2023-01-31T15:34:32","modified_gmt":"2023-01-31T14:34:32","slug":"tyrone-aqua-eps-100-036","status":"publish","type":"page","link":"https:\/\/tyron.pl\/fr\/produits-tyron-aqua\/tyrone-aqua-eps-100-036\/","title":{"rendered":"TYRONE AQUA EPS 100 &#8211; 036"},"content":{"rendered":"<p><strong>Code produit :<\/strong><br \/>\nEPS EN 13163\u2013T1\u2013L2\u2013W2\u2013S5\u2013P10-BS150\u2013CS(10)100\u2013DS(N)5\u2013DS(70,-)2-DLT(1)5-WL(T)4<\/p>\n<p>Les panneaux de polystyr\u00e8ne <strong>TYRON AQUA EPS 100 &#8211; 036<\/strong> sont fabriqu\u00e9s \u00e0 partir de polystyr\u00e8ne expans\u00e9. Lors de la production, nous utilisons des technologies avanc\u00e9es qui garantissent la plus haute qualit\u00e9.<\/p>\n<p>&nbsp;<\/p>\n<p><strong>Caract\u00e9ristiques techniques :<\/strong><\/p>\n<ul>\n<li>R\u00e9action au feu EUROCLASSE <strong>E<\/strong><\/li>\n<li>Coefficient de transfert de chaleur : <strong>0,036 W\/mK<\/strong><\/li>\n<li>Contrainte de compression \u00e0 10% de d\u00e9formation : <strong>\u2265 100 kPa<\/strong><\/li>\n<li>R\u00e9sistance \u00e0 la flexion : <strong>\u2265 150 kPa<\/strong><\/li>\n<li>Dimensions standard : 1000&#215;500 mm<\/li>\n<li>\u00c9paisseur : 50 &#8211; 250 mm<\/li>\n<li><strong>Faible absorption d&#8217;eau<\/strong><\/li>\n<li>Bords droits ou frais\u00e9s<\/li>\n<\/ul>\n<p>&nbsp;<\/p>\n<p><strong>Application :<\/strong><\/p>\n<ul>\n<li>l&#8217;isolation thermique des fondations, des murs de sous-sol et des plinthes,<\/li>\n<li>l&#8217;imperm\u00e9abilisation,<\/li>\n<li>Isolation thermique des aires de stationnement, des all\u00e9es et des terrasses fortement sollicit\u00e9es,<\/li>\n<li>l&#8217;isolation thermique dans les constructions et les ouvrages d&#8217;art routiers et ferroviaires,<\/li>\n<li>Isolation thermique des toitures solides,<\/li>\n<li>Isolation thermique pour les pi\u00e8ces \u00e0 forte humidit\u00e9,<\/li>\n<li>l&#8217;isolation thermique des toits plats.<\/li>\n<\/ul>\n<p>&nbsp;<\/p>\n<p><strong>TYRON AQUA EPS 100 &#8211; 036<\/strong> est conforme \u00e0 la norme PN-EN 13163:2012+A1:2015 et dispose d&#8217;un certificat de conformit\u00e9 d\u00e9livr\u00e9 par le Centre polonais d&#8217;essais et de certification S.A. \u00e0 Gda\u0144sk.<\/p>\n<p>&nbsp;<\/p>\n","protected":false},"excerpt":{"rendered":"<p>Code produit : EPS EN 13163\u2013T1\u2013L2\u2013W2\u2013S5\u2013P10-BS150\u2013CS(10)100\u2013DS(N)5\u2013DS(70,-)2-DLT(1)5-WL(T)4 Les panneaux de polystyr\u00e8ne TYRON AQUA EPS 100 &#8211; 036 sont fabriqu\u00e9s \u00e0 partir de polystyr\u00e8ne expans\u00e9. Lors de la production, nous utilisons des technologies avanc\u00e9es qui garantissent la plus haute qualit\u00e9. &nbsp; Caract\u00e9ristiques techniques : R\u00e9action au feu EUROCLASSE E Coefficient de transfert de chaleur : 0,036 W\/mK [&hellip;]<\/p>\n","protected":false},"author":3,"featured_media":0,"parent":3398,"menu_order":87,"comment_status":"closed","ping_status":"closed","template":"","meta":{"footnotes":""},"class_list":["post-3408","page","type-page","status-publish","hentry"],"yoast_head":"<!-- This site is optimized with the Yoast SEO plugin v22.5 - https:\/\/yoast.com\/wordpress\/plugins\/seo\/ -->\n<title>TYRONE AQUA EPS 100 - 036 - Tyron.pl - Producent Styropianu<\/title>\n<meta name=\"robots\" content=\"index, follow, max-snippet:-1, max-image-preview:large, max-video-preview:-1\" \/>\n<link rel=\"canonical\" href=\"https:\/\/tyron.pl\/produits-tyron-aqua\/tyrone-aqua-eps-100-036\/\" \/>\n<meta property=\"og:locale\" content=\"fr_FR\" \/>\n<meta property=\"og:type\" content=\"article\" \/>\n<meta property=\"og:title\" content=\"TYRONE AQUA EPS 100 - 036 - Tyron.pl - Producent Styropianu\" \/>\n<meta property=\"og:description\" content=\"Code produit : EPS EN 13163\u2013T1\u2013L2\u2013W2\u2013S5\u2013P10-BS150\u2013CS(10)100\u2013DS(N)5\u2013DS(70,-)2-DLT(1)5-WL(T)4 Les panneaux de polystyr\u00e8ne TYRON AQUA EPS 100 &#8211; 036 sont fabriqu\u00e9s \u00e0 partir de polystyr\u00e8ne expans\u00e9. Lors de la production, nous utilisons des technologies avanc\u00e9es qui garantissent la plus haute qualit\u00e9. &nbsp; Caract\u00e9ristiques techniques : R\u00e9action au feu EUROCLASSE E Coefficient de transfert de chaleur : 0,036 W\/mK [&hellip;]\" \/>\n<meta property=\"og:url\" content=\"https:\/\/tyron.pl\/produits-tyron-aqua\/tyrone-aqua-eps-100-036\/\" \/>\n<meta property=\"og:site_name\" content=\"Tyron.pl - Producent Styropianu\" \/>\n<meta name=\"twitter:card\" content=\"summary_large_image\" \/>\n<meta name=\"twitter:label1\" content=\"Dur\u00e9e de lecture estim\u00e9e\" \/>\n\t<meta name=\"twitter:data1\" content=\"1 minute\" \/>\n<script type=\"application\/ld+json\" class=\"yoast-schema-graph\">{\"@context\":\"https:\/\/schema.org\",\"@graph\":[{\"@type\":\"WebPage\",\"@id\":\"https:\/\/tyron.pl\/produits-tyron-aqua\/tyrone-aqua-eps-100-036\/\",\"url\":\"https:\/\/tyron.pl\/produits-tyron-aqua\/tyrone-aqua-eps-100-036\/\",\"name\":\"TYRONE AQUA EPS 100 - 036 - Tyron.pl - Producent Styropianu\",\"isPartOf\":{\"@id\":\"https:\/\/tyron.pl\/#website\"},\"datePublished\":\"2023-01-31T14:34:32+00:00\",\"dateModified\":\"2023-01-31T14:34:32+00:00\",\"breadcrumb\":{\"@id\":\"https:\/\/tyron.pl\/produits-tyron-aqua\/tyrone-aqua-eps-100-036\/#breadcrumb\"},\"inLanguage\":\"fr-FR\",\"potentialAction\":[{\"@type\":\"ReadAction\",\"target\":[\"https:\/\/tyron.pl\/produits-tyron-aqua\/tyrone-aqua-eps-100-036\/\"]}]},{\"@type\":\"BreadcrumbList\",\"@id\":\"https:\/\/tyron.pl\/produits-tyron-aqua\/tyrone-aqua-eps-100-036\/#breadcrumb\",\"itemListElement\":[{\"@type\":\"ListItem\",\"position\":1,\"name\":\"Strona g\u0142\u00f3wna\",\"item\":\"https:\/\/tyron.pl\/fr\/accueil\/\"},{\"@type\":\"ListItem\",\"position\":2,\"name\":\"PRODUITS TYRON &#8211; Aqua\",\"item\":\"https:\/\/tyron.pl\/produits-tyron-aqua\/\"},{\"@type\":\"ListItem\",\"position\":3,\"name\":\"TYRONE AQUA EPS 100 &#8211; 036\"}]},{\"@type\":\"WebSite\",\"@id\":\"https:\/\/tyron.pl\/#website\",\"url\":\"https:\/\/tyron.pl\/\",\"name\":\"Tyron.pl - Producent Styropianu\",\"description\":\"\",\"publisher\":{\"@id\":\"https:\/\/tyron.pl\/#organization\"},\"potentialAction\":[{\"@type\":\"SearchAction\",\"target\":{\"@type\":\"EntryPoint\",\"urlTemplate\":\"https:\/\/tyron.pl\/?s={search_term_string}\"},\"query-input\":\"required name=search_term_string\"}],\"inLanguage\":\"fr-FR\"},{\"@type\":\"Organization\",\"@id\":\"https:\/\/tyron.pl\/#organization\",\"name\":\"Tyron.pl - Producent Styropianu\",\"url\":\"https:\/\/tyron.pl\/\",\"logo\":{\"@type\":\"ImageObject\",\"inLanguage\":\"fr-FR\",\"@id\":\"https:\/\/tyron.pl\/#\/schema\/logo\/image\/\",\"url\":\"https:\/\/tyron.pl\/wp-content\/uploads\/2023\/01\/tyron-logo-2022-pdf.jpg\",\"contentUrl\":\"https:\/\/tyron.pl\/wp-content\/uploads\/2023\/01\/tyron-logo-2022-pdf.jpg\",\"width\":400,\"height\":227,\"caption\":\"Tyron.pl - Producent Styropianu\"},\"image\":{\"@id\":\"https:\/\/tyron.pl\/#\/schema\/logo\/image\/\"}}]}<\/script>\n<!-- \/ Yoast SEO plugin. -->","yoast_head_json":{"title":"TYRONE AQUA EPS 100 - 036 - Tyron.pl - Producent Styropianu","robots":{"index":"index","follow":"follow","max-snippet":"max-snippet:-1","max-image-preview":"max-image-preview:large","max-video-preview":"max-video-preview:-1"},"canonical":"https:\/\/tyron.pl\/produits-tyron-aqua\/tyrone-aqua-eps-100-036\/","og_locale":"fr_FR","og_type":"article","og_title":"TYRONE AQUA EPS 100 - 036 - Tyron.pl - Producent Styropianu","og_description":"Code produit : EPS EN 13163\u2013T1\u2013L2\u2013W2\u2013S5\u2013P10-BS150\u2013CS(10)100\u2013DS(N)5\u2013DS(70,-)2-DLT(1)5-WL(T)4 Les panneaux de polystyr\u00e8ne TYRON AQUA EPS 100 &#8211; 036 sont fabriqu\u00e9s \u00e0 partir de polystyr\u00e8ne expans\u00e9. Lors de la production, nous utilisons des technologies avanc\u00e9es qui garantissent la plus haute qualit\u00e9. &nbsp; Caract\u00e9ristiques techniques : R\u00e9action au feu EUROCLASSE E Coefficient de transfert de chaleur : 0,036 W\/mK [&hellip;]","og_url":"https:\/\/tyron.pl\/produits-tyron-aqua\/tyrone-aqua-eps-100-036\/","og_site_name":"Tyron.pl - Producent Styropianu","twitter_card":"summary_large_image","twitter_misc":{"Dur\u00e9e de lecture estim\u00e9e":"1 minute"},"schema":{"@context":"https:\/\/schema.org","@graph":[{"@type":"WebPage","@id":"https:\/\/tyron.pl\/produits-tyron-aqua\/tyrone-aqua-eps-100-036\/","url":"https:\/\/tyron.pl\/produits-tyron-aqua\/tyrone-aqua-eps-100-036\/","name":"TYRONE AQUA EPS 100 - 036 - Tyron.pl - Producent Styropianu","isPartOf":{"@id":"https:\/\/tyron.pl\/#website"},"datePublished":"2023-01-31T14:34:32+00:00","dateModified":"2023-01-31T14:34:32+00:00","breadcrumb":{"@id":"https:\/\/tyron.pl\/produits-tyron-aqua\/tyrone-aqua-eps-100-036\/#breadcrumb"},"inLanguage":"fr-FR","potentialAction":[{"@type":"ReadAction","target":["https:\/\/tyron.pl\/produits-tyron-aqua\/tyrone-aqua-eps-100-036\/"]}]},{"@type":"BreadcrumbList","@id":"https:\/\/tyron.pl\/produits-tyron-aqua\/tyrone-aqua-eps-100-036\/#breadcrumb","itemListElement":[{"@type":"ListItem","position":1,"name":"Strona g\u0142\u00f3wna","item":"https:\/\/tyron.pl\/fr\/accueil\/"},{"@type":"ListItem","position":2,"name":"PRODUITS TYRON &#8211; Aqua","item":"https:\/\/tyron.pl\/produits-tyron-aqua\/"},{"@type":"ListItem","position":3,"name":"TYRONE AQUA EPS 100 &#8211; 036"}]},{"@type":"WebSite","@id":"https:\/\/tyron.pl\/#website","url":"https:\/\/tyron.pl\/","name":"Tyron.pl - Producent Styropianu","description":"","publisher":{"@id":"https:\/\/tyron.pl\/#organization"},"potentialAction":[{"@type":"SearchAction","target":{"@type":"EntryPoint","urlTemplate":"https:\/\/tyron.pl\/?s={search_term_string}"},"query-input":"required name=search_term_string"}],"inLanguage":"fr-FR"},{"@type":"Organization","@id":"https:\/\/tyron.pl\/#organization","name":"Tyron.pl - Producent Styropianu","url":"https:\/\/tyron.pl\/","logo":{"@type":"ImageObject","inLanguage":"fr-FR","@id":"https:\/\/tyron.pl\/#\/schema\/logo\/image\/","url":"https:\/\/tyron.pl\/wp-content\/uploads\/2023\/01\/tyron-logo-2022-pdf.jpg","contentUrl":"https:\/\/tyron.pl\/wp-content\/uploads\/2023\/01\/tyron-logo-2022-pdf.jpg","width":400,"height":227,"caption":"Tyron.pl - Producent Styropianu"},"image":{"@id":"https:\/\/tyron.pl\/#\/schema\/logo\/image\/"}}]}},"_links":{"self":[{"href":"https:\/\/tyron.pl\/fr\/wp-json\/wp\/v2\/pages\/3408","targetHints":{"allow":["GET"]}}],"collection":[{"href":"https:\/\/tyron.pl\/fr\/wp-json\/wp\/v2\/pages"}],"about":[{"href":"https:\/\/tyron.pl\/fr\/wp-json\/wp\/v2\/types\/page"}],"author":[{"embeddable":true,"href":"https:\/\/tyron.pl\/fr\/wp-json\/wp\/v2\/users\/3"}],"replies":[{"embeddable":true,"href":"https:\/\/tyron.pl\/fr\/wp-json\/wp\/v2\/comments?post=3408"}],"version-history":[{"count":0,"href":"https:\/\/tyron.pl\/fr\/wp-json\/wp\/v2\/pages\/3408\/revisions"}],"up":[{"embeddable":true,"href":"https:\/\/tyron.pl\/fr\/wp-json\/wp\/v2\/pages\/3398"}],"wp:attachment":[{"href":"https:\/\/tyron.pl\/fr\/wp-json\/wp\/v2\/media?parent=3408"}],"curies":[{"name":"wp","href":"https:\/\/api.w.org\/{rel}","templated":true}]}}