{"id":3435,"date":"2023-01-31T15:37:08","date_gmt":"2023-01-31T14:37:08","guid":{"rendered":"https:\/\/tyron.pl\/produits-tyron-graphite\/tyron-facade-graphite-eps-033\/"},"modified":"2023-01-31T15:37:08","modified_gmt":"2023-01-31T14:37:08","slug":"tyron-facade-graphite-eps-033","status":"publish","type":"page","link":"https:\/\/tyron.pl\/fr\/produits-tyron-graphite\/tyron-facade-graphite-eps-033\/","title":{"rendered":"TYRON FA\u00c7ADE GRAPHITE EPS 033"},"content":{"rendered":"<p><strong>Code produit :<\/strong><br \/>\nEPS EN 13163 T1-L2-W2-S5-P5-BS115-DS(70,-)2-TR100<\/p>\n<p>Les panneaux de polystyr\u00e8ne <strong>TYRON FASADA GRAFIT EPS 033 <\/strong> sont fabriqu\u00e9s \u00e0 partir de polystyr\u00e8ne expans\u00e9. Lors de la production, nous utilisons des technologies avanc\u00e9es qui garantissent la plus haute qualit\u00e9.<\/p>\n<p>&nbsp;<\/p>\n<p><strong>Caract\u00e9ristiques techniques :<\/strong><\/p>\n<ul>\n<li>R\u00e9action au feu : EUROCLASSE <strong>E<\/strong><\/li>\n<li>Coefficient de transfert de chaleur : <strong>0,033 W\/mK<\/strong><\/li>\n<li>R\u00e9sistance \u00e0 la traction perpendiculaire aux faces <strong>\u2265 100 kPa<\/strong>.<\/li>\n<li>R\u00e9sistance \u00e0 la flexion : <strong>\u2265 115 kPa<\/strong><\/li>\n<li>Dimensions standard : 1000&#215;500 mm<\/li>\n<li>\u00c9paisseur : 50 &#8211; 250 mm<\/li>\n<li>Bords droits ou frais\u00e9s<\/li>\n<\/ul>\n<h4><\/h4>\n<p><strong>Application :<\/strong><\/p>\n<ul>\n<li>Isolation thermique des plafonds par le dessous BSO ;<\/li>\n<li>Isolation thermique des plafonds par le dessous avec un rev\u00eatement ;<\/li>\n<li>Isolation thermique des planchers entre les solives ;<\/li>\n<li>Isolation thermique des plafonds \u00e0 ossature l\u00e9g\u00e8re en bois avec bardage ;<\/li>\n<li>Isolation thermique entre les toits ;<\/li>\n<li>Isolation thermique des plafonds ventil\u00e9s ;<\/li>\n<li>Isolation thermique des murs en syst\u00e8mes d&#8217;isolation composite ext\u00e9rieure BSO (m\u00e9thode light-wet) ;<\/li>\n<li>Isolation thermique des jantes ;<\/li>\n<li>Isolation thermique des linteaux et des embrasures ;<\/li>\n<li>Isolation thermique dans les panneaux sandwichs pr\u00e9fabriqu\u00e9s.<\/li>\n<\/ul>\n<p>&nbsp;<\/p>\n<p><strong>TYRON FASADA GRAFIT EPS 033<\/strong> est conforme \u00e0 la norme PN-EN 13163:2012+A1:2015 et poss\u00e8de un certificat de conformit\u00e9 d\u00e9livr\u00e9 par le Centre polonais d&#8217;essais et de certification S.A. et l&#8217;Institut de la technologie du b\u00e2timent \u00e0 Varsovie.<\/p>\n","protected":false},"excerpt":{"rendered":"<p>Code produit : EPS EN 13163 T1-L2-W2-S5-P5-BS115-DS(70,-)2-TR100 Les panneaux de polystyr\u00e8ne TYRON FASADA GRAFIT EPS 033 sont fabriqu\u00e9s \u00e0 partir de polystyr\u00e8ne expans\u00e9. Lors de la production, nous utilisons des technologies avanc\u00e9es qui garantissent la plus haute qualit\u00e9. &nbsp; Caract\u00e9ristiques techniques : R\u00e9action au feu : EUROCLASSE E Coefficient de transfert de chaleur : 0,033 [&hellip;]<\/p>\n","protected":false},"author":3,"featured_media":0,"parent":3407,"menu_order":146,"comment_status":"closed","ping_status":"closed","template":"","meta":{"footnotes":""},"class_list":["post-3435","page","type-page","status-publish","hentry"],"yoast_head":"<!-- This site is optimized with the Yoast SEO plugin v22.5 - https:\/\/yoast.com\/wordpress\/plugins\/seo\/ -->\n<title>TYRON FA\u00c7ADE GRAPHITE EPS 033 - Tyron.pl - Producent Styropianu<\/title>\n<meta name=\"robots\" content=\"index, follow, max-snippet:-1, max-image-preview:large, max-video-preview:-1\" \/>\n<link rel=\"canonical\" href=\"https:\/\/tyron.pl\/produits-tyron-graphite\/tyron-facade-graphite-eps-033\/\" \/>\n<meta property=\"og:locale\" content=\"fr_FR\" \/>\n<meta property=\"og:type\" content=\"article\" \/>\n<meta property=\"og:title\" content=\"TYRON FA\u00c7ADE GRAPHITE EPS 033 - Tyron.pl - Producent Styropianu\" \/>\n<meta property=\"og:description\" content=\"Code produit : EPS EN 13163 T1-L2-W2-S5-P5-BS115-DS(70,-)2-TR100 Les panneaux de polystyr\u00e8ne TYRON FASADA GRAFIT EPS 033 sont fabriqu\u00e9s \u00e0 partir de polystyr\u00e8ne expans\u00e9. Lors de la production, nous utilisons des technologies avanc\u00e9es qui garantissent la plus haute qualit\u00e9. &nbsp; Caract\u00e9ristiques techniques : R\u00e9action au feu : EUROCLASSE E Coefficient de transfert de chaleur : 0,033 [&hellip;]\" \/>\n<meta property=\"og:url\" content=\"https:\/\/tyron.pl\/produits-tyron-graphite\/tyron-facade-graphite-eps-033\/\" \/>\n<meta property=\"og:site_name\" content=\"Tyron.pl - Producent Styropianu\" \/>\n<meta name=\"twitter:card\" content=\"summary_large_image\" \/>\n<meta name=\"twitter:label1\" content=\"Dur\u00e9e de lecture estim\u00e9e\" \/>\n\t<meta name=\"twitter:data1\" content=\"1 minute\" \/>\n<script type=\"application\/ld+json\" class=\"yoast-schema-graph\">{\"@context\":\"https:\/\/schema.org\",\"@graph\":[{\"@type\":\"WebPage\",\"@id\":\"https:\/\/tyron.pl\/produits-tyron-graphite\/tyron-facade-graphite-eps-033\/\",\"url\":\"https:\/\/tyron.pl\/produits-tyron-graphite\/tyron-facade-graphite-eps-033\/\",\"name\":\"TYRON FA\u00c7ADE GRAPHITE EPS 033 - Tyron.pl - Producent Styropianu\",\"isPartOf\":{\"@id\":\"https:\/\/tyron.pl\/#website\"},\"datePublished\":\"2023-01-31T14:37:08+00:00\",\"dateModified\":\"2023-01-31T14:37:08+00:00\",\"breadcrumb\":{\"@id\":\"https:\/\/tyron.pl\/produits-tyron-graphite\/tyron-facade-graphite-eps-033\/#breadcrumb\"},\"inLanguage\":\"fr-FR\",\"potentialAction\":[{\"@type\":\"ReadAction\",\"target\":[\"https:\/\/tyron.pl\/produits-tyron-graphite\/tyron-facade-graphite-eps-033\/\"]}]},{\"@type\":\"BreadcrumbList\",\"@id\":\"https:\/\/tyron.pl\/produits-tyron-graphite\/tyron-facade-graphite-eps-033\/#breadcrumb\",\"itemListElement\":[{\"@type\":\"ListItem\",\"position\":1,\"name\":\"Strona g\u0142\u00f3wna\",\"item\":\"https:\/\/tyron.pl\/fr\/accueil\/\"},{\"@type\":\"ListItem\",\"position\":2,\"name\":\"PRODUITS TYRON &#8211; Graphite\",\"item\":\"https:\/\/tyron.pl\/produits-tyron-graphite\/\"},{\"@type\":\"ListItem\",\"position\":3,\"name\":\"TYRON FA\u00c7ADE GRAPHITE EPS 033\"}]},{\"@type\":\"WebSite\",\"@id\":\"https:\/\/tyron.pl\/#website\",\"url\":\"https:\/\/tyron.pl\/\",\"name\":\"Tyron.pl - Producent Styropianu\",\"description\":\"\",\"publisher\":{\"@id\":\"https:\/\/tyron.pl\/#organization\"},\"potentialAction\":[{\"@type\":\"SearchAction\",\"target\":{\"@type\":\"EntryPoint\",\"urlTemplate\":\"https:\/\/tyron.pl\/?s={search_term_string}\"},\"query-input\":\"required name=search_term_string\"}],\"inLanguage\":\"fr-FR\"},{\"@type\":\"Organization\",\"@id\":\"https:\/\/tyron.pl\/#organization\",\"name\":\"Tyron.pl - Producent Styropianu\",\"url\":\"https:\/\/tyron.pl\/\",\"logo\":{\"@type\":\"ImageObject\",\"inLanguage\":\"fr-FR\",\"@id\":\"https:\/\/tyron.pl\/#\/schema\/logo\/image\/\",\"url\":\"https:\/\/tyron.pl\/wp-content\/uploads\/2023\/01\/tyron-logo-2022-pdf.jpg\",\"contentUrl\":\"https:\/\/tyron.pl\/wp-content\/uploads\/2023\/01\/tyron-logo-2022-pdf.jpg\",\"width\":400,\"height\":227,\"caption\":\"Tyron.pl - Producent Styropianu\"},\"image\":{\"@id\":\"https:\/\/tyron.pl\/#\/schema\/logo\/image\/\"}}]}<\/script>\n<!-- \/ Yoast SEO plugin. -->","yoast_head_json":{"title":"TYRON FA\u00c7ADE GRAPHITE EPS 033 - Tyron.pl - Producent Styropianu","robots":{"index":"index","follow":"follow","max-snippet":"max-snippet:-1","max-image-preview":"max-image-preview:large","max-video-preview":"max-video-preview:-1"},"canonical":"https:\/\/tyron.pl\/produits-tyron-graphite\/tyron-facade-graphite-eps-033\/","og_locale":"fr_FR","og_type":"article","og_title":"TYRON FA\u00c7ADE GRAPHITE EPS 033 - Tyron.pl - Producent Styropianu","og_description":"Code produit : EPS EN 13163 T1-L2-W2-S5-P5-BS115-DS(70,-)2-TR100 Les panneaux de polystyr\u00e8ne TYRON FASADA GRAFIT EPS 033 sont fabriqu\u00e9s \u00e0 partir de polystyr\u00e8ne expans\u00e9. Lors de la production, nous utilisons des technologies avanc\u00e9es qui garantissent la plus haute qualit\u00e9. &nbsp; Caract\u00e9ristiques techniques : R\u00e9action au feu : EUROCLASSE E Coefficient de transfert de chaleur : 0,033 [&hellip;]","og_url":"https:\/\/tyron.pl\/produits-tyron-graphite\/tyron-facade-graphite-eps-033\/","og_site_name":"Tyron.pl - Producent Styropianu","twitter_card":"summary_large_image","twitter_misc":{"Dur\u00e9e de lecture estim\u00e9e":"1 minute"},"schema":{"@context":"https:\/\/schema.org","@graph":[{"@type":"WebPage","@id":"https:\/\/tyron.pl\/produits-tyron-graphite\/tyron-facade-graphite-eps-033\/","url":"https:\/\/tyron.pl\/produits-tyron-graphite\/tyron-facade-graphite-eps-033\/","name":"TYRON FA\u00c7ADE GRAPHITE EPS 033 - Tyron.pl - Producent Styropianu","isPartOf":{"@id":"https:\/\/tyron.pl\/#website"},"datePublished":"2023-01-31T14:37:08+00:00","dateModified":"2023-01-31T14:37:08+00:00","breadcrumb":{"@id":"https:\/\/tyron.pl\/produits-tyron-graphite\/tyron-facade-graphite-eps-033\/#breadcrumb"},"inLanguage":"fr-FR","potentialAction":[{"@type":"ReadAction","target":["https:\/\/tyron.pl\/produits-tyron-graphite\/tyron-facade-graphite-eps-033\/"]}]},{"@type":"BreadcrumbList","@id":"https:\/\/tyron.pl\/produits-tyron-graphite\/tyron-facade-graphite-eps-033\/#breadcrumb","itemListElement":[{"@type":"ListItem","position":1,"name":"Strona g\u0142\u00f3wna","item":"https:\/\/tyron.pl\/fr\/accueil\/"},{"@type":"ListItem","position":2,"name":"PRODUITS TYRON &#8211; Graphite","item":"https:\/\/tyron.pl\/produits-tyron-graphite\/"},{"@type":"ListItem","position":3,"name":"TYRON FA\u00c7ADE GRAPHITE EPS 033"}]},{"@type":"WebSite","@id":"https:\/\/tyron.pl\/#website","url":"https:\/\/tyron.pl\/","name":"Tyron.pl - Producent Styropianu","description":"","publisher":{"@id":"https:\/\/tyron.pl\/#organization"},"potentialAction":[{"@type":"SearchAction","target":{"@type":"EntryPoint","urlTemplate":"https:\/\/tyron.pl\/?s={search_term_string}"},"query-input":"required name=search_term_string"}],"inLanguage":"fr-FR"},{"@type":"Organization","@id":"https:\/\/tyron.pl\/#organization","name":"Tyron.pl - Producent Styropianu","url":"https:\/\/tyron.pl\/","logo":{"@type":"ImageObject","inLanguage":"fr-FR","@id":"https:\/\/tyron.pl\/#\/schema\/logo\/image\/","url":"https:\/\/tyron.pl\/wp-content\/uploads\/2023\/01\/tyron-logo-2022-pdf.jpg","contentUrl":"https:\/\/tyron.pl\/wp-content\/uploads\/2023\/01\/tyron-logo-2022-pdf.jpg","width":400,"height":227,"caption":"Tyron.pl - Producent Styropianu"},"image":{"@id":"https:\/\/tyron.pl\/#\/schema\/logo\/image\/"}}]}},"_links":{"self":[{"href":"https:\/\/tyron.pl\/fr\/wp-json\/wp\/v2\/pages\/3435","targetHints":{"allow":["GET"]}}],"collection":[{"href":"https:\/\/tyron.pl\/fr\/wp-json\/wp\/v2\/pages"}],"about":[{"href":"https:\/\/tyron.pl\/fr\/wp-json\/wp\/v2\/types\/page"}],"author":[{"embeddable":true,"href":"https:\/\/tyron.pl\/fr\/wp-json\/wp\/v2\/users\/3"}],"replies":[{"embeddable":true,"href":"https:\/\/tyron.pl\/fr\/wp-json\/wp\/v2\/comments?post=3435"}],"version-history":[{"count":0,"href":"https:\/\/tyron.pl\/fr\/wp-json\/wp\/v2\/pages\/3435\/revisions"}],"up":[{"embeddable":true,"href":"https:\/\/tyron.pl\/fr\/wp-json\/wp\/v2\/pages\/3407"}],"wp:attachment":[{"href":"https:\/\/tyron.pl\/fr\/wp-json\/wp\/v2\/media?parent=3435"}],"curies":[{"name":"wp","href":"https:\/\/api.w.org\/{rel}","templated":true}]}}