{"id":3441,"date":"2023-01-31T15:40:12","date_gmt":"2023-01-31T14:40:12","guid":{"rendered":"https:\/\/tyron.pl\/service-a-la-clientele\/representants-des-ventes\/"},"modified":"2023-01-31T15:40:12","modified_gmt":"2023-01-31T14:40:12","slug":"representants-des-ventes","status":"publish","type":"page","link":"https:\/\/tyron.pl\/fr\/service-a-la-clientele\/representants-des-ventes\/","title":{"rendered":"Repr\u00e9sentants des ventes"},"content":{"rendered":"<p style=\"text-align: left;\"><span style=\"color: #ff0000;\"><br \/>\n  <strong>\u0141ukasz Pe\u0142ka &#8211; Syst\u00e8mes de chute et raccords<\/p>\n<p><\/strong><br \/>\n<\/span>T\u00e9l.+48 660 697 309<br \/>\n<span style=\"text-decoration: underline;\">lukasz.pelka@tyron.pl<\/span><\/p>\n<p style=\"text-align: left;\"><span style=\"color: #ff0000;\"><strong>Jaros\u0142aw Kosta<\/strong><\/span><\/p>\n<p style=\"text-align: left;\">woj. Petite Pologne \/ Sil\u00e9sie \/ \u015awi\u0119tokrzyskie<br \/>\nT\u00e9l.+48 660 696 337<br \/>\n<span style=\"text-decoration: underline;\">j.kosta@tyron.pl<\/span><\/p>\n<p style=\"text-align: left;\"><span style=\"color: #ff0000;\"><strong>Wieslaw Twardygrosz<\/strong><\/span><\/p>\n<p style=\"text-align: left;\">woj. Wielkopolskie \/ Lubuskie \/ Dolno\u015bl\u0105skie<br \/>\nT\u00e9l.+48 608 332 572<br \/>\n<span style=\"text-decoration: underline;\">wieslaw.twardygrosz@tyron.pl<\/span><\/p>\n<p style=\"text-align: left;\"><span style=\"color: #ff0000;\"><strong>Marek Radlok<\/strong><\/span><\/p>\n<p style=\"text-align: left;\">woj. Opolskie<br \/>\nT\u00e9l.+48 608 565 023<br \/>\n<span style=\"text-decoration: underline;\">marek.radlok@tyron.pl<\/span><\/p>\n","protected":false},"excerpt":{"rendered":"<p>\u0141ukasz Pe\u0142ka &#8211; Syst\u00e8mes de chute et raccords T\u00e9l.+48 660 697 309 lukasz.pelka@tyron.pl Jaros\u0142aw Kosta woj. Petite Pologne \/ Sil\u00e9sie \/ \u015awi\u0119tokrzyskie T\u00e9l.+48 660 696 337 j.kosta@tyron.pl Wieslaw Twardygrosz woj. Wielkopolskie \/ Lubuskie \/ Dolno\u015bl\u0105skie T\u00e9l.+48 608 332 572 wieslaw.twardygrosz@tyron.pl Marek Radlok woj. Opolskie T\u00e9l.+48 608 565 023 marek.radlok@tyron.pl<\/p>\n","protected":false},"author":1,"featured_media":0,"parent":3207,"menu_order":67,"comment_status":"closed","ping_status":"closed","template":"","meta":{"footnotes":""},"class_list":["post-3441","page","type-page","status-publish","hentry"],"yoast_head":"<!-- This site is optimized with the Yoast SEO plugin v22.5 - https:\/\/yoast.com\/wordpress\/plugins\/seo\/ -->\n<title>Repr\u00e9sentants des ventes - Tyron.pl - Producent Styropianu<\/title>\n<meta name=\"robots\" content=\"index, follow, max-snippet:-1, max-image-preview:large, max-video-preview:-1\" \/>\n<link rel=\"canonical\" href=\"https:\/\/tyron.pl\/fr\/service-a-la-clientele\/representants-des-ventes\/\" \/>\n<meta property=\"og:locale\" content=\"fr_FR\" \/>\n<meta property=\"og:type\" content=\"article\" \/>\n<meta property=\"og:title\" content=\"Repr\u00e9sentants des ventes - Tyron.pl - Producent Styropianu\" \/>\n<meta property=\"og:description\" content=\"\u0141ukasz Pe\u0142ka &#8211; Syst\u00e8mes de chute et raccords T\u00e9l.+48 660 697 309 lukasz.pelka@tyron.pl Jaros\u0142aw Kosta woj. Petite Pologne \/ Sil\u00e9sie \/ \u015awi\u0119tokrzyskie T\u00e9l.+48 660 696 337 j.kosta@tyron.pl Wieslaw Twardygrosz woj. Wielkopolskie \/ Lubuskie \/ Dolno\u015bl\u0105skie T\u00e9l.+48 608 332 572 wieslaw.twardygrosz@tyron.pl Marek Radlok woj. Opolskie T\u00e9l.+48 608 565 023 marek.radlok@tyron.pl\" \/>\n<meta property=\"og:url\" content=\"https:\/\/tyron.pl\/fr\/service-a-la-clientele\/representants-des-ventes\/\" \/>\n<meta property=\"og:site_name\" content=\"Tyron.pl - Producent Styropianu\" \/>\n<meta name=\"twitter:card\" content=\"summary_large_image\" \/>\n<script type=\"application\/ld+json\" class=\"yoast-schema-graph\">{\"@context\":\"https:\/\/schema.org\",\"@graph\":[{\"@type\":\"WebPage\",\"@id\":\"https:\/\/tyron.pl\/fr\/service-a-la-clientele\/representants-des-ventes\/\",\"url\":\"https:\/\/tyron.pl\/fr\/service-a-la-clientele\/representants-des-ventes\/\",\"name\":\"Repr\u00e9sentants des ventes - Tyron.pl - Producent Styropianu\",\"isPartOf\":{\"@id\":\"https:\/\/tyron.pl\/#website\"},\"datePublished\":\"2023-01-31T14:40:12+00:00\",\"dateModified\":\"2023-01-31T14:40:12+00:00\",\"breadcrumb\":{\"@id\":\"https:\/\/tyron.pl\/fr\/service-a-la-clientele\/representants-des-ventes\/#breadcrumb\"},\"inLanguage\":\"fr-FR\",\"potentialAction\":[{\"@type\":\"ReadAction\",\"target\":[\"https:\/\/tyron.pl\/fr\/service-a-la-clientele\/representants-des-ventes\/\"]}]},{\"@type\":\"BreadcrumbList\",\"@id\":\"https:\/\/tyron.pl\/fr\/service-a-la-clientele\/representants-des-ventes\/#breadcrumb\",\"itemListElement\":[{\"@type\":\"ListItem\",\"position\":1,\"name\":\"Strona g\u0142\u00f3wna\",\"item\":\"https:\/\/tyron.pl\/fr\/accueil\/\"},{\"@type\":\"ListItem\",\"position\":2,\"name\":\"Service \u00e0 la client\u00e8le\",\"item\":\"https:\/\/tyron.pl\/service-a-la-clientele\/\"},{\"@type\":\"ListItem\",\"position\":3,\"name\":\"Repr\u00e9sentants des ventes\"}]},{\"@type\":\"WebSite\",\"@id\":\"https:\/\/tyron.pl\/#website\",\"url\":\"https:\/\/tyron.pl\/\",\"name\":\"Tyron.pl - Producent Styropianu\",\"description\":\"\",\"publisher\":{\"@id\":\"https:\/\/tyron.pl\/#organization\"},\"potentialAction\":[{\"@type\":\"SearchAction\",\"target\":{\"@type\":\"EntryPoint\",\"urlTemplate\":\"https:\/\/tyron.pl\/?s={search_term_string}\"},\"query-input\":\"required name=search_term_string\"}],\"inLanguage\":\"fr-FR\"},{\"@type\":\"Organization\",\"@id\":\"https:\/\/tyron.pl\/#organization\",\"name\":\"Tyron.pl - Producent Styropianu\",\"url\":\"https:\/\/tyron.pl\/\",\"logo\":{\"@type\":\"ImageObject\",\"inLanguage\":\"fr-FR\",\"@id\":\"https:\/\/tyron.pl\/#\/schema\/logo\/image\/\",\"url\":\"https:\/\/tyron.pl\/wp-content\/uploads\/2023\/01\/tyron-logo-2022-pdf.jpg\",\"contentUrl\":\"https:\/\/tyron.pl\/wp-content\/uploads\/2023\/01\/tyron-logo-2022-pdf.jpg\",\"width\":400,\"height\":227,\"caption\":\"Tyron.pl - Producent Styropianu\"},\"image\":{\"@id\":\"https:\/\/tyron.pl\/#\/schema\/logo\/image\/\"}}]}<\/script>\n<!-- \/ Yoast SEO plugin. -->","yoast_head_json":{"title":"Repr\u00e9sentants des ventes - Tyron.pl - Producent Styropianu","robots":{"index":"index","follow":"follow","max-snippet":"max-snippet:-1","max-image-preview":"max-image-preview:large","max-video-preview":"max-video-preview:-1"},"canonical":"https:\/\/tyron.pl\/fr\/service-a-la-clientele\/representants-des-ventes\/","og_locale":"fr_FR","og_type":"article","og_title":"Repr\u00e9sentants des ventes - Tyron.pl - Producent Styropianu","og_description":"\u0141ukasz Pe\u0142ka &#8211; Syst\u00e8mes de chute et raccords T\u00e9l.+48 660 697 309 lukasz.pelka@tyron.pl Jaros\u0142aw Kosta woj. Petite Pologne \/ Sil\u00e9sie \/ \u015awi\u0119tokrzyskie T\u00e9l.+48 660 696 337 j.kosta@tyron.pl Wieslaw Twardygrosz woj. Wielkopolskie \/ Lubuskie \/ Dolno\u015bl\u0105skie T\u00e9l.+48 608 332 572 wieslaw.twardygrosz@tyron.pl Marek Radlok woj. Opolskie T\u00e9l.+48 608 565 023 marek.radlok@tyron.pl","og_url":"https:\/\/tyron.pl\/fr\/service-a-la-clientele\/representants-des-ventes\/","og_site_name":"Tyron.pl - Producent Styropianu","twitter_card":"summary_large_image","schema":{"@context":"https:\/\/schema.org","@graph":[{"@type":"WebPage","@id":"https:\/\/tyron.pl\/fr\/service-a-la-clientele\/representants-des-ventes\/","url":"https:\/\/tyron.pl\/fr\/service-a-la-clientele\/representants-des-ventes\/","name":"Repr\u00e9sentants des ventes - Tyron.pl - Producent Styropianu","isPartOf":{"@id":"https:\/\/tyron.pl\/#website"},"datePublished":"2023-01-31T14:40:12+00:00","dateModified":"2023-01-31T14:40:12+00:00","breadcrumb":{"@id":"https:\/\/tyron.pl\/fr\/service-a-la-clientele\/representants-des-ventes\/#breadcrumb"},"inLanguage":"fr-FR","potentialAction":[{"@type":"ReadAction","target":["https:\/\/tyron.pl\/fr\/service-a-la-clientele\/representants-des-ventes\/"]}]},{"@type":"BreadcrumbList","@id":"https:\/\/tyron.pl\/fr\/service-a-la-clientele\/representants-des-ventes\/#breadcrumb","itemListElement":[{"@type":"ListItem","position":1,"name":"Strona g\u0142\u00f3wna","item":"https:\/\/tyron.pl\/fr\/accueil\/"},{"@type":"ListItem","position":2,"name":"Service \u00e0 la client\u00e8le","item":"https:\/\/tyron.pl\/service-a-la-clientele\/"},{"@type":"ListItem","position":3,"name":"Repr\u00e9sentants des ventes"}]},{"@type":"WebSite","@id":"https:\/\/tyron.pl\/#website","url":"https:\/\/tyron.pl\/","name":"Tyron.pl - Producent Styropianu","description":"","publisher":{"@id":"https:\/\/tyron.pl\/#organization"},"potentialAction":[{"@type":"SearchAction","target":{"@type":"EntryPoint","urlTemplate":"https:\/\/tyron.pl\/?s={search_term_string}"},"query-input":"required name=search_term_string"}],"inLanguage":"fr-FR"},{"@type":"Organization","@id":"https:\/\/tyron.pl\/#organization","name":"Tyron.pl - Producent Styropianu","url":"https:\/\/tyron.pl\/","logo":{"@type":"ImageObject","inLanguage":"fr-FR","@id":"https:\/\/tyron.pl\/#\/schema\/logo\/image\/","url":"https:\/\/tyron.pl\/wp-content\/uploads\/2023\/01\/tyron-logo-2022-pdf.jpg","contentUrl":"https:\/\/tyron.pl\/wp-content\/uploads\/2023\/01\/tyron-logo-2022-pdf.jpg","width":400,"height":227,"caption":"Tyron.pl - Producent Styropianu"},"image":{"@id":"https:\/\/tyron.pl\/#\/schema\/logo\/image\/"}}]}},"_links":{"self":[{"href":"https:\/\/tyron.pl\/fr\/wp-json\/wp\/v2\/pages\/3441","targetHints":{"allow":["GET"]}}],"collection":[{"href":"https:\/\/tyron.pl\/fr\/wp-json\/wp\/v2\/pages"}],"about":[{"href":"https:\/\/tyron.pl\/fr\/wp-json\/wp\/v2\/types\/page"}],"author":[{"embeddable":true,"href":"https:\/\/tyron.pl\/fr\/wp-json\/wp\/v2\/users\/1"}],"replies":[{"embeddable":true,"href":"https:\/\/tyron.pl\/fr\/wp-json\/wp\/v2\/comments?post=3441"}],"version-history":[{"count":0,"href":"https:\/\/tyron.pl\/fr\/wp-json\/wp\/v2\/pages\/3441\/revisions"}],"up":[{"embeddable":true,"href":"https:\/\/tyron.pl\/fr\/wp-json\/wp\/v2\/pages\/3207"}],"wp:attachment":[{"href":"https:\/\/tyron.pl\/fr\/wp-json\/wp\/v2\/media?parent=3441"}],"curies":[{"name":"wp","href":"https:\/\/api.w.org\/{rel}","templated":true}]}}