{"id":3244,"date":"2023-01-31T14:58:01","date_gmt":"2023-01-31T13:58:01","guid":{"rendered":"https:\/\/tyron.pl\/informazioni-sullazienda\/"},"modified":"2023-01-31T14:58:01","modified_gmt":"2023-01-31T13:58:01","slug":"informazioni-sullazienda","status":"publish","type":"page","link":"https:\/\/tyron.pl\/it\/informazioni-sullazienda\/","title":{"rendered":"Informazioni sull&#8217;azienda"},"content":{"rendered":"<p style=\"text-align: center;\">Siamo produttori di materiali isolanti in polistirene espanso, ovvero pannelli di polistirene <strong>TYRON<\/strong> e il sistema per tetti <strong>DACH TYRON<\/strong>.<br \/>\nIl nostro stabilimento si trova a <strong>Kluczbork<\/strong>, nel Voivodato di Opole, ed \u00e8 il pi\u00f9 grande della regione.<\/p>\n<p style=\"text-align: center;\">Sin dall&#8217;inizio, abbiamo utilizzato tecnologie avanzate per garantire che i prodotti nelle vostre mani fossero della massima qualit\u00e0.<\/p>\n<p style=\"text-align: center;\">I pannelli di polistirene <strong>TYRON<\/strong> hanno ricevuto i certificati di conformit\u00e0 rilasciati da<br \/>\nDipartimento di certificazione dell&#8217;Istituto di ricerca edilizia di Varsavia<br \/>\ne<br \/>\nPolskie Centrum Bada\u0144 i Certyfikacji S.A. Branch di Danzica e quindi conformi allo standard PN-EN 13163.<\/p>\n<p style=\"text-align: center;\">Per mantenere la massima qualit\u00e0 e garantirne la costanza, disponiamo di un laboratorio proprio adeguatamente attrezzato.<\/p>\n<p style=\"text-align: center;\"><strong>L&#8217;obiettivo della nostra azienda \u00e8 fornire ai nostri clienti prodotti di alta qualit\u00e0 e la soddisfazione di aver scelto la nostra azienda come partner nel settore delle costruzioni. Personale professionale e affidabile \u00e8 sempre pronto a fornirvi tutte le informazioni necessarie per fare la scelta giusta del prodotto.<\/strong><\/p>\n<p>&nbsp;<\/p>\n<p><a href=\"https:\/\/tyron.pl\/styropian_aqua_bez-nadruku\/\"><img fetchpriority=\"high\" decoding=\"async\" class=\"size-medium wp-image-2724 alignright\" src=\"https:\/\/tyron.pl\/wp-content\/uploads\/2023\/01\/styropian_aqua_bez-nadruku-300x169.png\" alt=\"\" width=\"300\" height=\"169\" srcset=\"https:\/\/tyron.pl\/wp-content\/uploads\/2023\/01\/styropian_aqua_bez-nadruku-300x169.png 300w, https:\/\/tyron.pl\/wp-content\/uploads\/2023\/01\/styropian_aqua_bez-nadruku-1024x576.png 1024w, https:\/\/tyron.pl\/wp-content\/uploads\/2023\/01\/styropian_aqua_bez-nadruku-768x432.png 768w, https:\/\/tyron.pl\/wp-content\/uploads\/2023\/01\/styropian_aqua_bez-nadruku-1536x864.png 1536w, https:\/\/tyron.pl\/wp-content\/uploads\/2023\/01\/styropian_aqua_bez-nadruku.png 1920w\" sizes=\"(max-width: 300px) 100vw, 300px\" \/><\/a><a href=\"https:\/\/tyron.pl\/styropian-grafit-bez-nadruku\/\"><img decoding=\"async\" class=\"size-medium wp-image-2719 alignleft\" src=\"https:\/\/tyron.pl\/wp-content\/uploads\/2023\/01\/styropian-grafit-bez-nadruku-300x169.png\" alt=\"\" width=\"300\" height=\"169\" srcset=\"https:\/\/tyron.pl\/wp-content\/uploads\/2023\/01\/styropian-grafit-bez-nadruku-300x169.png 300w, https:\/\/tyron.pl\/wp-content\/uploads\/2023\/01\/styropian-grafit-bez-nadruku-1024x576.png 1024w, https:\/\/tyron.pl\/wp-content\/uploads\/2023\/01\/styropian-grafit-bez-nadruku-768x432.png 768w, https:\/\/tyron.pl\/wp-content\/uploads\/2023\/01\/styropian-grafit-bez-nadruku-1536x864.png 1536w, https:\/\/tyron.pl\/wp-content\/uploads\/2023\/01\/styropian-grafit-bez-nadruku.png 1920w\" sizes=\"(max-width: 300px) 100vw, 300px\" \/><\/a><img decoding=\"async\" class=\"aligncenter\" src=\"https:\/\/tyron.pl\/wp-content\/uploads\/2022\/11\/styropian-bialo-czerwony-2-e1669576815815-300x169.png\" alt=\"\" width=\"308\" height=\"173\"><\/p>\n<p>&nbsp;<\/p>\n<h1><\/h1>\n<h1 style=\"text-align: left;\">STIROPIANO<\/h1>\n<p style=\"text-align: left;\"><strong>Styrofoam<\/strong> \u00e8 il nome colloquiale del polistirene espanso EPS. Ottenuto dalla schiumatura di granuli di polistirene. Il polistirene \u00e8 un polimero ottenuto dalla polimerizzazione dello stirene, derivato dalla raffinazione del petrolio.<\/p>\n<p style=\"text-align: left;\">Il <strong>polistirolo<\/strong> viene utilizzato principalmente per l&#8217;isolamento termico in edilizia. Viene utilizzato per isolare tutti i tipi di strutture. Il polistirolo viene utilizzato per realizzare varie forme<br \/>\ne imballaggi utilizzati, ad esempio, per proteggere tutti i tipi di elettrodomestici ed elettronica durante il trasporto. La sua produzione \u00e8 relativamente efficiente dal punto di vista energetico e, grazie alle sue propriet\u00e0 isolanti, il polistirene consente di risparmiare una notevole quantit\u00e0 di energia.<\/p>\n<p style=\"text-align: left;\">L&#8217;<strong>isolamento in polistirene<\/strong> non \u00e8 a rischio di funghi, muffe e batteri. Il polistirolo si \u00e8 dimostrato per molti anni un materiale isolante privo di effetti negativi sulla salute e di impatto ambientale. Tuttavia, \u00e8 un materiale che non \u00e8 resistente a molti solventi organici (ad esempio acetone o solventi aromatici), oli e grassi.<\/p>\n<p style=\"text-align: left;\">Tra i principali vantaggi del polistirolo c&#8217;\u00e8 il fatto che si tratta di un materiale isolante economico. Inoltre, \u00e8 facile da lavorare, resistente e, soprattutto, non invecchia. Tuttavia, il vantaggio pi\u00f9 significativo del polistirene \u00e8 la sua resistenza all&#8217;umidit\u00e0. Rispetto ad altri materiali isolanti, \u00e8 ideale per isolare pareti, scantinati, fondamenta e tetti e tutti quei luoghi in cui \u00e8 difficile trattenere il calore. Tali aree sono principalmente le giunzioni tra i balconi e il soffitto, le aperture e gli architravi e i bordi.<\/p>\n","protected":false},"excerpt":{"rendered":"<p>Siamo produttori di materiali isolanti in polistirene espanso, ovvero pannelli di polistirene TYRON e il sistema per tetti DACH TYRON. Il nostro stabilimento si trova a Kluczbork, nel Voivodato di Opole, ed \u00e8 il pi\u00f9 grande della regione. Sin dall&#8217;inizio, abbiamo utilizzato tecnologie avanzate per garantire che i prodotti nelle vostre mani fossero della massima [&hellip;]<\/p>\n","protected":false},"author":1,"featured_media":0,"parent":0,"menu_order":41,"comment_status":"closed","ping_status":"closed","template":"","meta":{"footnotes":""},"class_list":["post-3244","page","type-page","status-publish","hentry"],"yoast_head":"<!-- This site is optimized with the Yoast SEO plugin v22.5 - https:\/\/yoast.com\/wordpress\/plugins\/seo\/ -->\n<title>Informazioni sull&#039;azienda - Tyron.pl - Producent Styropianu<\/title>\n<meta name=\"robots\" content=\"index, follow, max-snippet:-1, max-image-preview:large, max-video-preview:-1\" \/>\n<link rel=\"canonical\" href=\"https:\/\/tyron.pl\/informazioni-sullazienda\/\" \/>\n<meta property=\"og:locale\" content=\"it_IT\" \/>\n<meta property=\"og:type\" content=\"article\" \/>\n<meta property=\"og:title\" content=\"Informazioni sull&#039;azienda - Tyron.pl - Producent Styropianu\" \/>\n<meta property=\"og:description\" content=\"Siamo produttori di materiali isolanti in polistirene espanso, ovvero pannelli di polistirene TYRON e il sistema per tetti DACH TYRON. Il nostro stabilimento si trova a Kluczbork, nel Voivodato di Opole, ed \u00e8 il pi\u00f9 grande della regione. Sin dall&#8217;inizio, abbiamo utilizzato tecnologie avanzate per garantire che i prodotti nelle vostre mani fossero della massima [&hellip;]\" \/>\n<meta property=\"og:url\" content=\"https:\/\/tyron.pl\/informazioni-sullazienda\/\" \/>\n<meta property=\"og:site_name\" content=\"Tyron.pl - Producent Styropianu\" \/>\n<meta property=\"og:image\" content=\"https:\/\/tyron.pl\/wp-content\/uploads\/2023\/01\/styropian_aqua_bez-nadruku-300x169.png\" \/>\n<meta name=\"twitter:card\" content=\"summary_large_image\" \/>\n<meta name=\"twitter:label1\" content=\"Tempo di lettura stimato\" \/>\n\t<meta name=\"twitter:data1\" content=\"2 minuti\" \/>\n<script type=\"application\/ld+json\" class=\"yoast-schema-graph\">{\"@context\":\"https:\/\/schema.org\",\"@graph\":[{\"@type\":\"WebPage\",\"@id\":\"https:\/\/tyron.pl\/informazioni-sullazienda\/\",\"url\":\"https:\/\/tyron.pl\/informazioni-sullazienda\/\",\"name\":\"Informazioni sull'azienda - Tyron.pl - Producent Styropianu\",\"isPartOf\":{\"@id\":\"https:\/\/tyron.pl\/#website\"},\"primaryImageOfPage\":{\"@id\":\"https:\/\/tyron.pl\/informazioni-sullazienda\/#primaryimage\"},\"image\":{\"@id\":\"https:\/\/tyron.pl\/informazioni-sullazienda\/#primaryimage\"},\"thumbnailUrl\":\"https:\/\/tyron.pl\/wp-content\/uploads\/2023\/01\/styropian_aqua_bez-nadruku-300x169.png\",\"datePublished\":\"2023-01-31T13:58:01+00:00\",\"dateModified\":\"2023-01-31T13:58:01+00:00\",\"breadcrumb\":{\"@id\":\"https:\/\/tyron.pl\/informazioni-sullazienda\/#breadcrumb\"},\"inLanguage\":\"it-IT\",\"potentialAction\":[{\"@type\":\"ReadAction\",\"target\":[\"https:\/\/tyron.pl\/informazioni-sullazienda\/\"]}]},{\"@type\":\"ImageObject\",\"inLanguage\":\"it-IT\",\"@id\":\"https:\/\/tyron.pl\/informazioni-sullazienda\/#primaryimage\",\"url\":\"https:\/\/tyron.pl\/wp-content\/uploads\/2023\/01\/styropian_aqua_bez-nadruku-300x169.png\",\"contentUrl\":\"https:\/\/tyron.pl\/wp-content\/uploads\/2023\/01\/styropian_aqua_bez-nadruku-300x169.png\"},{\"@type\":\"BreadcrumbList\",\"@id\":\"https:\/\/tyron.pl\/informazioni-sullazienda\/#breadcrumb\",\"itemListElement\":[{\"@type\":\"ListItem\",\"position\":1,\"name\":\"Strona g\u0142\u00f3wna\",\"item\":\"https:\/\/tyron.pl\/it\/casa\/\"},{\"@type\":\"ListItem\",\"position\":2,\"name\":\"Informazioni sull&#8217;azienda\"}]},{\"@type\":\"WebSite\",\"@id\":\"https:\/\/tyron.pl\/#website\",\"url\":\"https:\/\/tyron.pl\/\",\"name\":\"Tyron.pl - Producent Styropianu\",\"description\":\"\",\"publisher\":{\"@id\":\"https:\/\/tyron.pl\/#organization\"},\"potentialAction\":[{\"@type\":\"SearchAction\",\"target\":{\"@type\":\"EntryPoint\",\"urlTemplate\":\"https:\/\/tyron.pl\/?s={search_term_string}\"},\"query-input\":\"required name=search_term_string\"}],\"inLanguage\":\"it-IT\"},{\"@type\":\"Organization\",\"@id\":\"https:\/\/tyron.pl\/#organization\",\"name\":\"Tyron.pl - Producent Styropianu\",\"url\":\"https:\/\/tyron.pl\/\",\"logo\":{\"@type\":\"ImageObject\",\"inLanguage\":\"it-IT\",\"@id\":\"https:\/\/tyron.pl\/#\/schema\/logo\/image\/\",\"url\":\"https:\/\/tyron.pl\/wp-content\/uploads\/2023\/01\/tyron-logo-2022-pdf.jpg\",\"contentUrl\":\"https:\/\/tyron.pl\/wp-content\/uploads\/2023\/01\/tyron-logo-2022-pdf.jpg\",\"width\":400,\"height\":227,\"caption\":\"Tyron.pl - Producent Styropianu\"},\"image\":{\"@id\":\"https:\/\/tyron.pl\/#\/schema\/logo\/image\/\"}}]}<\/script>\n<!-- \/ Yoast SEO plugin. -->","yoast_head_json":{"title":"Informazioni sull'azienda - Tyron.pl - Producent Styropianu","robots":{"index":"index","follow":"follow","max-snippet":"max-snippet:-1","max-image-preview":"max-image-preview:large","max-video-preview":"max-video-preview:-1"},"canonical":"https:\/\/tyron.pl\/informazioni-sullazienda\/","og_locale":"it_IT","og_type":"article","og_title":"Informazioni sull'azienda - Tyron.pl - Producent Styropianu","og_description":"Siamo produttori di materiali isolanti in polistirene espanso, ovvero pannelli di polistirene TYRON e il sistema per tetti DACH TYRON. Il nostro stabilimento si trova a Kluczbork, nel Voivodato di Opole, ed \u00e8 il pi\u00f9 grande della regione. Sin dall&#8217;inizio, abbiamo utilizzato tecnologie avanzate per garantire che i prodotti nelle vostre mani fossero della massima [&hellip;]","og_url":"https:\/\/tyron.pl\/informazioni-sullazienda\/","og_site_name":"Tyron.pl - Producent Styropianu","og_image":[{"url":"https:\/\/tyron.pl\/wp-content\/uploads\/2023\/01\/styropian_aqua_bez-nadruku-300x169.png"}],"twitter_card":"summary_large_image","twitter_misc":{"Tempo di lettura stimato":"2 minuti"},"schema":{"@context":"https:\/\/schema.org","@graph":[{"@type":"WebPage","@id":"https:\/\/tyron.pl\/informazioni-sullazienda\/","url":"https:\/\/tyron.pl\/informazioni-sullazienda\/","name":"Informazioni sull'azienda - Tyron.pl - Producent Styropianu","isPartOf":{"@id":"https:\/\/tyron.pl\/#website"},"primaryImageOfPage":{"@id":"https:\/\/tyron.pl\/informazioni-sullazienda\/#primaryimage"},"image":{"@id":"https:\/\/tyron.pl\/informazioni-sullazienda\/#primaryimage"},"thumbnailUrl":"https:\/\/tyron.pl\/wp-content\/uploads\/2023\/01\/styropian_aqua_bez-nadruku-300x169.png","datePublished":"2023-01-31T13:58:01+00:00","dateModified":"2023-01-31T13:58:01+00:00","breadcrumb":{"@id":"https:\/\/tyron.pl\/informazioni-sullazienda\/#breadcrumb"},"inLanguage":"it-IT","potentialAction":[{"@type":"ReadAction","target":["https:\/\/tyron.pl\/informazioni-sullazienda\/"]}]},{"@type":"ImageObject","inLanguage":"it-IT","@id":"https:\/\/tyron.pl\/informazioni-sullazienda\/#primaryimage","url":"https:\/\/tyron.pl\/wp-content\/uploads\/2023\/01\/styropian_aqua_bez-nadruku-300x169.png","contentUrl":"https:\/\/tyron.pl\/wp-content\/uploads\/2023\/01\/styropian_aqua_bez-nadruku-300x169.png"},{"@type":"BreadcrumbList","@id":"https:\/\/tyron.pl\/informazioni-sullazienda\/#breadcrumb","itemListElement":[{"@type":"ListItem","position":1,"name":"Strona g\u0142\u00f3wna","item":"https:\/\/tyron.pl\/it\/casa\/"},{"@type":"ListItem","position":2,"name":"Informazioni sull&#8217;azienda"}]},{"@type":"WebSite","@id":"https:\/\/tyron.pl\/#website","url":"https:\/\/tyron.pl\/","name":"Tyron.pl - Producent Styropianu","description":"","publisher":{"@id":"https:\/\/tyron.pl\/#organization"},"potentialAction":[{"@type":"SearchAction","target":{"@type":"EntryPoint","urlTemplate":"https:\/\/tyron.pl\/?s={search_term_string}"},"query-input":"required name=search_term_string"}],"inLanguage":"it-IT"},{"@type":"Organization","@id":"https:\/\/tyron.pl\/#organization","name":"Tyron.pl - Producent Styropianu","url":"https:\/\/tyron.pl\/","logo":{"@type":"ImageObject","inLanguage":"it-IT","@id":"https:\/\/tyron.pl\/#\/schema\/logo\/image\/","url":"https:\/\/tyron.pl\/wp-content\/uploads\/2023\/01\/tyron-logo-2022-pdf.jpg","contentUrl":"https:\/\/tyron.pl\/wp-content\/uploads\/2023\/01\/tyron-logo-2022-pdf.jpg","width":400,"height":227,"caption":"Tyron.pl - Producent Styropianu"},"image":{"@id":"https:\/\/tyron.pl\/#\/schema\/logo\/image\/"}}]}},"_links":{"self":[{"href":"https:\/\/tyron.pl\/it\/wp-json\/wp\/v2\/pages\/3244","targetHints":{"allow":["GET"]}}],"collection":[{"href":"https:\/\/tyron.pl\/it\/wp-json\/wp\/v2\/pages"}],"about":[{"href":"https:\/\/tyron.pl\/it\/wp-json\/wp\/v2\/types\/page"}],"author":[{"embeddable":true,"href":"https:\/\/tyron.pl\/it\/wp-json\/wp\/v2\/users\/1"}],"replies":[{"embeddable":true,"href":"https:\/\/tyron.pl\/it\/wp-json\/wp\/v2\/comments?post=3244"}],"version-history":[{"count":0,"href":"https:\/\/tyron.pl\/it\/wp-json\/wp\/v2\/pages\/3244\/revisions"}],"wp:attachment":[{"href":"https:\/\/tyron.pl\/it\/wp-json\/wp\/v2\/media?parent=3244"}],"curies":[{"name":"wp","href":"https:\/\/api.w.org\/{rel}","templated":true}]}}