{"id":3428,"date":"2023-01-31T15:36:55","date_gmt":"2023-01-31T14:36:55","guid":{"rendered":"https:\/\/tyron.pl\/prodotti-tyron-grafite\/tyron-facciata-grafite-super-eps-032\/"},"modified":"2023-01-31T15:36:55","modified_gmt":"2023-01-31T14:36:55","slug":"tyron-facciata-grafite-super-eps-032","status":"publish","type":"page","link":"https:\/\/tyron.pl\/it\/prodotti-tyron-grafite\/tyron-facciata-grafite-super-eps-032\/","title":{"rendered":"TYRON FACCIATA GRAFITE SUPER EPS 032"},"content":{"rendered":"<p><strong>Codice prodotto:<\/strong><br \/>\nEPS EN 13163 T1-L2-W2-S5-P5-BS115-DS(70,-)2-TR100<\/p>\n<p>I pannelli di polistirene <strong>TYRON FASADA GRAFIT SUPER EPS 032 <\/strong> sono prodotti con polistirene espanso. Durante la produzione, utilizziamo tecnologie avanzate che garantiscono la massima qualit\u00e0.<\/p>\n<p>&nbsp;<\/p>\n<p><strong>Caratteristiche tecniche:<\/strong><\/p>\n<ul>\n<li>Reazione al fuoco: EUROCLASSE <strong>E<\/strong><\/li>\n<li>Coefficiente di trasferimento del calore: <strong>0,032 W\/mK<\/strong><\/li>\n<li>Resistenza alla trazione perpendicolare alle facce <strong>\u2265 100 kPa<\/strong><\/li>\n<li>Resistenza alla flessione: <strong>\u2265 115 kPa<\/strong><\/li>\n<li>Dimensioni standard: 1000&#215;500 mm<\/li>\n<li>Spessore: 50 &#8211; 250 mm<\/li>\n<li>Bordi dritti o fresati<\/li>\n<\/ul>\n<h4><\/h4>\n<p><strong>Applicazione :<\/strong><\/p>\n<ul>\n<li>Isolamento termico dei soffitti dal basso BSO;<\/li>\n<li>Isolamento termico dei soffitti dal basso con rivestimento;<\/li>\n<li>Isolamento termico dei pavimenti tra i travetti;<\/li>\n<li>Isolamento termico di soffitti leggeri a telaio in legno con rivestimento;<\/li>\n<li>Isolamento termico tra i tetti;<\/li>\n<li>Isolamento termico dei soffitti ventilati;<\/li>\n<li>Isolamento termico delle pareti con sistemi di isolamento esterno compositi BSO (metodo light-wet);<\/li>\n<li>Isolamento termico dei cerchioni;<\/li>\n<li>Isolamento termico di architravi e rivestimenti;<\/li>\n<li>Isolamento termico in pannelli sandwich prefabbricati.<\/li>\n<\/ul>\n<p>&nbsp;<\/p>\n<p><strong>TYRON FASADA GRAFIT SUPER EPS 032<\/strong> \u00e8 conforme alla norma PN-EN 13163:2012+A1:2015 ed \u00e8 in possesso di un Certificato di Conformit\u00e0 rilasciato dal Centro Polacco per i Test e la Certificazione S.A. e dall&#8217;Istituto di Tecnologia Edilizia di Varsavia.<\/p>\n","protected":false},"excerpt":{"rendered":"<p>Codice prodotto: EPS EN 13163 T1-L2-W2-S5-P5-BS115-DS(70,-)2-TR100 I pannelli di polistirene TYRON FASADA GRAFIT SUPER EPS 032 sono prodotti con polistirene espanso. Durante la produzione, utilizziamo tecnologie avanzate che garantiscono la massima qualit\u00e0. &nbsp; Caratteristiche tecniche: Reazione al fuoco: EUROCLASSE E Coefficiente di trasferimento del calore: 0,032 W\/mK Resistenza alla trazione perpendicolare alle facce \u2265 100 [&hellip;]<\/p>\n","protected":false},"author":3,"featured_media":0,"parent":3414,"menu_order":157,"comment_status":"closed","ping_status":"closed","template":"","meta":{"footnotes":""},"class_list":["post-3428","page","type-page","status-publish","hentry"],"yoast_head":"<!-- This site is optimized with the Yoast SEO plugin v22.5 - https:\/\/yoast.com\/wordpress\/plugins\/seo\/ -->\n<title>TYRON FACCIATA GRAFITE SUPER EPS 032 - Tyron.pl - Producent Styropianu<\/title>\n<meta name=\"robots\" content=\"index, follow, max-snippet:-1, max-image-preview:large, max-video-preview:-1\" \/>\n<link rel=\"canonical\" href=\"https:\/\/tyron.pl\/prodotti-tyron-grafite\/tyron-facciata-grafite-super-eps-032\/\" \/>\n<meta property=\"og:locale\" content=\"it_IT\" \/>\n<meta property=\"og:type\" content=\"article\" \/>\n<meta property=\"og:title\" content=\"TYRON FACCIATA GRAFITE SUPER EPS 032 - Tyron.pl - Producent Styropianu\" \/>\n<meta property=\"og:description\" content=\"Codice prodotto: EPS EN 13163 T1-L2-W2-S5-P5-BS115-DS(70,-)2-TR100 I pannelli di polistirene TYRON FASADA GRAFIT SUPER EPS 032 sono prodotti con polistirene espanso. Durante la produzione, utilizziamo tecnologie avanzate che garantiscono la massima qualit\u00e0. &nbsp; Caratteristiche tecniche: Reazione al fuoco: EUROCLASSE E Coefficiente di trasferimento del calore: 0,032 W\/mK Resistenza alla trazione perpendicolare alle facce \u2265 100 [&hellip;]\" \/>\n<meta property=\"og:url\" content=\"https:\/\/tyron.pl\/prodotti-tyron-grafite\/tyron-facciata-grafite-super-eps-032\/\" \/>\n<meta property=\"og:site_name\" content=\"Tyron.pl - Producent Styropianu\" \/>\n<meta name=\"twitter:card\" content=\"summary_large_image\" \/>\n<meta name=\"twitter:label1\" content=\"Tempo di lettura stimato\" \/>\n\t<meta name=\"twitter:data1\" content=\"1 minuto\" \/>\n<script type=\"application\/ld+json\" class=\"yoast-schema-graph\">{\"@context\":\"https:\/\/schema.org\",\"@graph\":[{\"@type\":\"WebPage\",\"@id\":\"https:\/\/tyron.pl\/prodotti-tyron-grafite\/tyron-facciata-grafite-super-eps-032\/\",\"url\":\"https:\/\/tyron.pl\/prodotti-tyron-grafite\/tyron-facciata-grafite-super-eps-032\/\",\"name\":\"TYRON FACCIATA GRAFITE SUPER EPS 032 - Tyron.pl - Producent Styropianu\",\"isPartOf\":{\"@id\":\"https:\/\/tyron.pl\/#website\"},\"datePublished\":\"2023-01-31T14:36:55+00:00\",\"dateModified\":\"2023-01-31T14:36:55+00:00\",\"breadcrumb\":{\"@id\":\"https:\/\/tyron.pl\/prodotti-tyron-grafite\/tyron-facciata-grafite-super-eps-032\/#breadcrumb\"},\"inLanguage\":\"it-IT\",\"potentialAction\":[{\"@type\":\"ReadAction\",\"target\":[\"https:\/\/tyron.pl\/prodotti-tyron-grafite\/tyron-facciata-grafite-super-eps-032\/\"]}]},{\"@type\":\"BreadcrumbList\",\"@id\":\"https:\/\/tyron.pl\/prodotti-tyron-grafite\/tyron-facciata-grafite-super-eps-032\/#breadcrumb\",\"itemListElement\":[{\"@type\":\"ListItem\",\"position\":1,\"name\":\"Strona g\u0142\u00f3wna\",\"item\":\"https:\/\/tyron.pl\/it\/casa\/\"},{\"@type\":\"ListItem\",\"position\":2,\"name\":\"PRODOTTI TYRON &#8211; Grafite\",\"item\":\"https:\/\/tyron.pl\/prodotti-tyron-grafite\/\"},{\"@type\":\"ListItem\",\"position\":3,\"name\":\"TYRON FACCIATA GRAFITE SUPER EPS 032\"}]},{\"@type\":\"WebSite\",\"@id\":\"https:\/\/tyron.pl\/#website\",\"url\":\"https:\/\/tyron.pl\/\",\"name\":\"Tyron.pl - Producent Styropianu\",\"description\":\"\",\"publisher\":{\"@id\":\"https:\/\/tyron.pl\/#organization\"},\"potentialAction\":[{\"@type\":\"SearchAction\",\"target\":{\"@type\":\"EntryPoint\",\"urlTemplate\":\"https:\/\/tyron.pl\/?s={search_term_string}\"},\"query-input\":\"required name=search_term_string\"}],\"inLanguage\":\"it-IT\"},{\"@type\":\"Organization\",\"@id\":\"https:\/\/tyron.pl\/#organization\",\"name\":\"Tyron.pl - Producent Styropianu\",\"url\":\"https:\/\/tyron.pl\/\",\"logo\":{\"@type\":\"ImageObject\",\"inLanguage\":\"it-IT\",\"@id\":\"https:\/\/tyron.pl\/#\/schema\/logo\/image\/\",\"url\":\"https:\/\/tyron.pl\/wp-content\/uploads\/2023\/01\/tyron-logo-2022-pdf.jpg\",\"contentUrl\":\"https:\/\/tyron.pl\/wp-content\/uploads\/2023\/01\/tyron-logo-2022-pdf.jpg\",\"width\":400,\"height\":227,\"caption\":\"Tyron.pl - Producent Styropianu\"},\"image\":{\"@id\":\"https:\/\/tyron.pl\/#\/schema\/logo\/image\/\"}}]}<\/script>\n<!-- \/ Yoast SEO plugin. -->","yoast_head_json":{"title":"TYRON FACCIATA GRAFITE SUPER EPS 032 - Tyron.pl - Producent Styropianu","robots":{"index":"index","follow":"follow","max-snippet":"max-snippet:-1","max-image-preview":"max-image-preview:large","max-video-preview":"max-video-preview:-1"},"canonical":"https:\/\/tyron.pl\/prodotti-tyron-grafite\/tyron-facciata-grafite-super-eps-032\/","og_locale":"it_IT","og_type":"article","og_title":"TYRON FACCIATA GRAFITE SUPER EPS 032 - Tyron.pl - Producent Styropianu","og_description":"Codice prodotto: EPS EN 13163 T1-L2-W2-S5-P5-BS115-DS(70,-)2-TR100 I pannelli di polistirene TYRON FASADA GRAFIT SUPER EPS 032 sono prodotti con polistirene espanso. Durante la produzione, utilizziamo tecnologie avanzate che garantiscono la massima qualit\u00e0. &nbsp; Caratteristiche tecniche: Reazione al fuoco: EUROCLASSE E Coefficiente di trasferimento del calore: 0,032 W\/mK Resistenza alla trazione perpendicolare alle facce \u2265 100 [&hellip;]","og_url":"https:\/\/tyron.pl\/prodotti-tyron-grafite\/tyron-facciata-grafite-super-eps-032\/","og_site_name":"Tyron.pl - Producent Styropianu","twitter_card":"summary_large_image","twitter_misc":{"Tempo di lettura stimato":"1 minuto"},"schema":{"@context":"https:\/\/schema.org","@graph":[{"@type":"WebPage","@id":"https:\/\/tyron.pl\/prodotti-tyron-grafite\/tyron-facciata-grafite-super-eps-032\/","url":"https:\/\/tyron.pl\/prodotti-tyron-grafite\/tyron-facciata-grafite-super-eps-032\/","name":"TYRON FACCIATA GRAFITE SUPER EPS 032 - Tyron.pl - Producent Styropianu","isPartOf":{"@id":"https:\/\/tyron.pl\/#website"},"datePublished":"2023-01-31T14:36:55+00:00","dateModified":"2023-01-31T14:36:55+00:00","breadcrumb":{"@id":"https:\/\/tyron.pl\/prodotti-tyron-grafite\/tyron-facciata-grafite-super-eps-032\/#breadcrumb"},"inLanguage":"it-IT","potentialAction":[{"@type":"ReadAction","target":["https:\/\/tyron.pl\/prodotti-tyron-grafite\/tyron-facciata-grafite-super-eps-032\/"]}]},{"@type":"BreadcrumbList","@id":"https:\/\/tyron.pl\/prodotti-tyron-grafite\/tyron-facciata-grafite-super-eps-032\/#breadcrumb","itemListElement":[{"@type":"ListItem","position":1,"name":"Strona g\u0142\u00f3wna","item":"https:\/\/tyron.pl\/it\/casa\/"},{"@type":"ListItem","position":2,"name":"PRODOTTI TYRON &#8211; Grafite","item":"https:\/\/tyron.pl\/prodotti-tyron-grafite\/"},{"@type":"ListItem","position":3,"name":"TYRON FACCIATA GRAFITE SUPER EPS 032"}]},{"@type":"WebSite","@id":"https:\/\/tyron.pl\/#website","url":"https:\/\/tyron.pl\/","name":"Tyron.pl - Producent Styropianu","description":"","publisher":{"@id":"https:\/\/tyron.pl\/#organization"},"potentialAction":[{"@type":"SearchAction","target":{"@type":"EntryPoint","urlTemplate":"https:\/\/tyron.pl\/?s={search_term_string}"},"query-input":"required name=search_term_string"}],"inLanguage":"it-IT"},{"@type":"Organization","@id":"https:\/\/tyron.pl\/#organization","name":"Tyron.pl - Producent Styropianu","url":"https:\/\/tyron.pl\/","logo":{"@type":"ImageObject","inLanguage":"it-IT","@id":"https:\/\/tyron.pl\/#\/schema\/logo\/image\/","url":"https:\/\/tyron.pl\/wp-content\/uploads\/2023\/01\/tyron-logo-2022-pdf.jpg","contentUrl":"https:\/\/tyron.pl\/wp-content\/uploads\/2023\/01\/tyron-logo-2022-pdf.jpg","width":400,"height":227,"caption":"Tyron.pl - Producent Styropianu"},"image":{"@id":"https:\/\/tyron.pl\/#\/schema\/logo\/image\/"}}]}},"_links":{"self":[{"href":"https:\/\/tyron.pl\/it\/wp-json\/wp\/v2\/pages\/3428","targetHints":{"allow":["GET"]}}],"collection":[{"href":"https:\/\/tyron.pl\/it\/wp-json\/wp\/v2\/pages"}],"about":[{"href":"https:\/\/tyron.pl\/it\/wp-json\/wp\/v2\/types\/page"}],"author":[{"embeddable":true,"href":"https:\/\/tyron.pl\/it\/wp-json\/wp\/v2\/users\/3"}],"replies":[{"embeddable":true,"href":"https:\/\/tyron.pl\/it\/wp-json\/wp\/v2\/comments?post=3428"}],"version-history":[{"count":0,"href":"https:\/\/tyron.pl\/it\/wp-json\/wp\/v2\/pages\/3428\/revisions"}],"up":[{"embeddable":true,"href":"https:\/\/tyron.pl\/it\/wp-json\/wp\/v2\/pages\/3414"}],"wp:attachment":[{"href":"https:\/\/tyron.pl\/it\/wp-json\/wp\/v2\/media?parent=3428"}],"curies":[{"name":"wp","href":"https:\/\/api.w.org\/{rel}","templated":true}]}}